{"id":9,"date":"2023-09-06T18:36:08","date_gmt":"2023-09-06T22:36:08","guid":{"rendered":"http:\/\/miamigas.com\/residential-propane\/"},"modified":"2025-11-12T08:46:12","modified_gmt":"2025-11-12T13:46:12","slug":"residential-propane","status":"publish","type":"page","link":"https:\/\/miamigas.com\/es\/residential-propane\/","title":{"rendered":"Propano residencial"},"content":{"rendered":"<h1>Servicio de propano residencial en Miami, FL y comunidades cercanas<\/h1>\n<h2>\u00a1Obtenga un servicio personalizado y confiable de Miami Gas!<\/h2>\n<p>\u00bfEst\u00e1 buscando una nueva empresa de propano en el mercado?<\/p>\n<p>Quiz\u00e1s sea nuevo en el \u00e1rea del Gran Miami. O bien, puede que no est\u00e9 satisfecho con su actual proveedor de servicios de propano y est\u00e9 harto de los precios alt\u00edsimos y el servicio baj\u00edsimo.<\/p>\n<p>Cualquiera sea el motivo por el que est\u00e9 buscando una empresa de servicios de propano para su hogar en el sur de Florida, \u00a1Miami Gas est\u00e1 aqu\u00ed para ayudarlo! Somos una empresa familiar local que brinda el servicio personalizado y receptivo que ninguna gran empresa de propano puede igualar.<\/p>\n<h3 class=\"mt-5\">Nuestros servicios<\/h3>\n<div class=\"row gx-md-5 gy-3 my-4\">\n<div class=\"col-md-auto\">\n\t\t<img loading=\"lazy\" decoding=\"async\" src=\"\/wp-content\/uploads\/2023\/09\/Residential1.jpg\" alt=\"\" width=\"400\" height=\"340\" class=\"aligncenter\" \/>\n\t<\/div>\n<div class=\"col-md\">\n<h4>Entrega de propano<\/h4>\n<p>\t\tCon opciones que incluyen entrega autom\u00e1tica y propano inal\u00e1mbrico GRATIS <a href=\"https:\/\/miamigas.com\/es\/residential-propane\/tanks-monitoring\/\" title=\"monitoreo del tanque\">monitoreo del tanque<\/a>\u00a1Nunca tendr\u00e1s que preocuparte por tu suministro de propano porque nosotros nos encargamos de ello!<\/p>\n<p>\t\t<a href=\"\/es\/residential-propane\/propane-delivery\/\" class=\"color-secondo thicc\">Aprende m\u00e1s <i class=\"fa-solid fa-angle-right\"><\/i><\/a>\n\t<\/p><\/div>\n<\/div>\n<div class=\"row gx-md-5 gy-3 my-4\">\n<div class=\"col-md-auto\">\n\t\t<img loading=\"lazy\" decoding=\"async\" src=\"\/wp-content\/uploads\/2023\/09\/Residential2.jpg\" alt=\"\" width=\"400\" height=\"340\" class=\"aligncenter\" \/>\n\t<\/div>\n<div class=\"col-md\">\n<h4>Tanques de propano y monitoreo.<\/h4>\n<p>\t\t\u00a1Cada cliente que compre $150 o m\u00e1s en propano al a\u00f1o obtiene monitoreo inal\u00e1mbrico GRATIS del tanque de propano! Ofrecemos tanques de propano de alta calidad en diferentes tama\u00f1os para satisfacer diversas necesidades.<\/p>\n<p>\t\t<a href=\"\/es\/residential-propane\/tanks-monitoring\/\" class=\"color-secondo thicc\">Aprende m\u00e1s <i class=\"fa-solid fa-angle-right\"><\/i><\/a>\n\t<\/p><\/div>\n<\/div>\n<div class=\"row gx-md-5 gy-3 my-4\">\n<div class=\"col-md-auto\">\n\t\t<img loading=\"lazy\" decoding=\"async\" src=\"\/wp-content\/uploads\/2023\/09\/Residential3.jpg\" alt=\"\" width=\"400\" height=\"340\" class=\"aligncenter\" \/>\n\t<\/div>\n<div class=\"col-md\">\n<h4>Cambio y recarga de cilindros de propano.<\/h4>\n<p>\t\tNo hay nada como <a href=\"https:\/\/miamigas.com\/es\/equipment-service\/outdoor-living\/\" title=\"Vida al aire libre\">Vida al aire libre<\/a> aqu\u00ed en el sur de Florida, y los cilindros de propano lo hacen mejor porque puede usarlos para parrillas, freidoras al aire libre, estufas de campamento, veh\u00edculos recreativos, trampas para insectos y m\u00e1s. Nuestro <a href=\"https:\/\/miamigas.com\/es\/residential-propane\/cylinder-exchange-bottle-fill\/\" title=\"intercambio de cilindros\">intercambio de cilindros<\/a> El servicio incluye la opci\u00f3n de entrega directamente a su puerta. \u00bfQuieres recargar tu bombona a muy buen precio? \u00a1Ven a nuestra oficina durante el horario comercial habitual!<\/p>\n<p>\t\t<a href=\"\/es\/residential-propane\/cylinder-exchange-bottle-fill\/\" class=\"color-secondo thicc\">Aprende m\u00e1s <i class=\"fa-solid fa-angle-right\"><\/i><\/a>\n\t<\/p><\/div>\n<\/div>\n<div class=\"row gx-md-5 gy-3 my-4\">\n<div class=\"col-md-auto\">\n\t\t<img loading=\"lazy\" decoding=\"async\" src=\"\/wp-content\/uploads\/2023\/09\/Residential4.jpg\" alt=\"\" width=\"400\" height=\"340\" class=\"aligncenter\" \/>\n\t<\/div>\n<div class=\"col-md\">\n<h4>Generadores de propano<\/h4>\n<p>\t\tProteja su hogar y a sus seres queridos y mant\u00e9ngase c\u00f3modo durante huracanes y otras condiciones clim\u00e1ticas adversas con nuestros servicios de generador de reserva de propano para toda la casa.<\/p>\n<p>\t\t<a href=\"\/es\/equipment-service\/generators\/\" class=\"color-secondo thicc\">Aprende m\u00e1s <i class=\"fa-solid fa-angle-right\"><\/i><\/a>\n\t<\/p><\/div>\n<\/div>\n<div class=\"row gx-md-5 gy-3 my-4\">\n<div class=\"col-md-auto\">\n\t\t<img loading=\"lazy\" decoding=\"async\" src=\"\/wp-content\/uploads\/2023\/09\/Residential5.jpg\" alt=\"\" width=\"400\" height=\"340\" class=\"aligncenter\" \/>\n\t<\/div>\n<div class=\"col-md\">\n<h4>Electrodom\u00e9sticos de propano<\/h4>\n<p>\t\tYa sea propano <a href=\"https:\/\/miamigas.com\/es\/equipment-service\/space-heaters\/\" title=\"Calentador\">Calentador<\/a> o electrodom\u00e9sticos para exteriores, como parrillas, calentadores y braseros para piscinas y spas, \u00a1lo ayudamos a mejorar su hogar con propano!<\/p>\n<p>\t\t<a href=\"\/es\/equipment-service\/\" class=\"color-secondo thicc\">Aprende m\u00e1s <i class=\"fa-solid fa-angle-right\"><\/i><\/a>\n\t<\/p><\/div>\n<\/div>","protected":false},"excerpt":{"rendered":"<p>Servicio de propano residencial en Miami, FL y comunidades cercanas \u00a1Obtenga un servicio personalizado y confiable de Miami Gas! \u00bfEst\u00e1 buscando una nueva empresa de propano en el mercado? Quiz\u00e1s sea nuevo en el \u00e1rea del Gran Miami. O bien, puede que no est\u00e9 satisfecho con su actual proveedor de servicios de propano y est\u00e9 harto de los precios alt\u00edsimos y los precios baj\u00edsimos.<\/p>","protected":false},"author":4,"featured_media":0,"parent":0,"menu_order":1,"comment_status":"closed","ping_status":"closed","template":"","meta":{"footnotes":""},"class_list":["post-9","page","type-page","status-publish","hentry"],"_links":{"self":[{"href":"https:\/\/miamigas.com\/es\/wp-json\/wp\/v2\/pages\/9","targetHints":{"allow":["GET"]}}],"collection":[{"href":"https:\/\/miamigas.com\/es\/wp-json\/wp\/v2\/pages"}],"about":[{"href":"https:\/\/miamigas.com\/es\/wp-json\/wp\/v2\/types\/page"}],"author":[{"embeddable":true,"href":"https:\/\/miamigas.com\/es\/wp-json\/wp\/v2\/users\/4"}],"replies":[{"embeddable":true,"href":"https:\/\/miamigas.com\/es\/wp-json\/wp\/v2\/comments?post=9"}],"version-history":[{"count":5,"href":"https:\/\/miamigas.com\/es\/wp-json\/wp\/v2\/pages\/9\/revisions"}],"predecessor-version":[{"id":181,"href":"https:\/\/miamigas.com\/es\/wp-json\/wp\/v2\/pages\/9\/revisions\/181"}],"wp:attachment":[{"href":"https:\/\/miamigas.com\/es\/wp-json\/wp\/v2\/media?parent=9"}],"curies":[{"name":"wp","href":"https:\/\/api.w.org\/{rel}","templated":true}]}}