{"id":897,"date":"2025-09-08T18:44:40","date_gmt":"2025-09-08T22:44:40","guid":{"rendered":"https:\/\/www.miamigas.com\/?page_id=897"},"modified":"2025-11-05T14:21:19","modified_gmt":"2025-11-05T19:21:19","slug":"pompano-beach-fl","status":"publish","type":"page","link":"https:\/\/miamigas.com\/es\/residential-propane\/pompano-beach-fl\/","title":{"rendered":"Pompano Beach, FL"},"content":{"rendered":"<h1>Propane Delivery for Your Pompano Beach, FL, Home<\/h1>\n<h2>Experience the Benefits for Your Home or Business with Our Affordable Delivery Options.<\/h2>\n<p><img loading=\"lazy\" decoding=\"async\" src=\"\/wp-content\/uploads\/2025\/09\/propane-delivery-pompano-beach-fl.jpg\" alt=\"propane delivery pompano beach, fl\" width=\"531\" height=\"376\" class=\"alignright\" \/><\/p>\n<p>Get peace of mind knowing that your <a href=\"https:\/\/miamigas.com\/es\/residential-propane\/propane-delivery\/\" title=\"entrega de propano\">entrega de propano<\/a> needs are in the hands of the experienced and professional team at Miami Gas. We know that loyalty is earned, not given, which is why we&rsquo;re constantly striving to exceed our customers&rsquo; expectations and earn their trust every step of the way. With our prompt and reliable propane delivery services, you can rest assured that you&rsquo;ll always have the propane you need when you need it most. When you choose Miami Gas, you can rest assured that you&rsquo;ll receive the highest level of service, quality, and reliability, backed by our commitment to respect and hard work.<\/p>\n<p class='fw-bold'>\n                With our comprehensive range of propane services, you can count on us to be your one-stop-shop for all your energy needs.\n        <\/p>\n<div class='mx-auto col-lg-10'>\n<ul>\n<li>We don&rsquo;t leave you waiting. You can be confident that our team members will show up when we say we will.<\/li>\n<li>At Miami Gas, we believe that high-quality service should come at a fair price, which is why we strive to offer competitive propane delivery rates without sacrificing quality.<\/li>\n<li>We&rsquo;re proud to have built strong relationships with propane suppliers, which enables us to provide our customers with reliable propane delivery.<\/li>\n<li>By using our online payment portal, you&rsquo;ll enjoy the convenience of being able to pay for your services at any time, from anywhere.<\/li>\n<\/ul>\n<\/div>\n<p>\n        <strong>Trust Miami Gas for all your propane delivery needs &#8211; give us a call today to get started!<\/strong>\n        <\/p>\n<div class='row my-5'>\n<div class='col-lg-4 d-flex align-items-stretch'>\n<div class='shadow border p-3 d-flex flex-column justify-content-between w-100'>\n<h4 class='text-center text-md-start'>Rese\u00f1as<\/h4>\n<div>Our customers rave about our fast, efficient, and friendly propane dDelivery &#8211; and we think you will, too!<\/div>\n<p>                        <a href='\/es\/about-us\/customer-reviews\/' class='btn btn-primo mt-3'>Lea nuestras rese\u00f1as<\/a>\n                <\/p><\/div>\n<\/div>\n<div class='col-lg-4 d-flex align-items-stretch'>\n<div class='shadow border p-3 d-flex flex-column justify-content-between w-100'>\n<h4 class='text-center text-md-start'>Cont\u00e1ctenos<\/h4>\n<div>Looking for dependable propane delivery for your Pompano Beach home? Miami Gas is ready to help. <a href=\"https:\/\/miamigas.com\/es\/customer-service\/become-a-customer\/\" title=\"Convi\u00e9rtete en cliente\">Convi\u00e9rtete en cliente<\/a> \u00a1hoy!<\/div>\n<p>                        <a href='\/es\/customer-service\/' class='btn btn-primo mt-3'>Cont\u00e1ctenos<\/a>\n                <\/p><\/div>\n<\/div>\n<div class='col-lg-4 d-flex align-items-stretch'>\n<div class='shadow border p-3 d-flex flex-column justify-content-between w-100'>\n<h4 class='text-center text-md-start'>Sobre nosotros<\/h4>\n<div>A lo largo de los a\u00f1os, hemos construido una s\u00f3lida reputaci\u00f3n como socio confiable para nuestros clientes, gan\u00e1ndonos su lealtad y confianza a trav\u00e9s de nuestro compromiso con la excelencia.<\/div>\n<p>                        <a href='\/es\/about-us\/' class='btn btn-primo mt-3'>Sobre nosotros<\/a>\n                <\/p><\/div>\n<\/div>\n<\/div>\n<div class='row'>\n<div class='col-lg-8 m-auto'>\n<div class='alert alert-success my-4 text-center'><strong>NOTA:<\/strong> Propane emergencies require immediate attention. In the case of an emergency, don&rsquo;t email us. Call us at 1-(305) 204-3333.<\/div>\n<\/div>\n<\/div>\n<div class='row'>\n<div class='col-xl-12 mt-3'>\n<h3 class='pb-2'>Visit our office at:<\/h3>\n<\/div>\n<\/div>\n<div class='border'>\n<div class='row'>\n<div class='col-xl-4 p-4 px-5'>\n<p><strong>DIRECCI\u00d3N:<\/strong> <br \/>Gas de Miami 2747 NW 21st St, Miami, FL 33142<\/p>\n<hr \/>\n<p><strong>Tel\u00e9fono:<\/strong> <br \/><a href='tel:1-(305) 204-3333'>1-(305) 204-3333<\/a><\/p>\n<hr \/>\n<p><strong>Horas:<\/strong> <br \/>Domingo: Cerrado<br \/>Lunes: 7:30 am \u2013 5:00 pm<br \/>Martes: 7:30 am \u2013 5:00 pm<br \/>Mi\u00e9rcoles: 7:30 am \u2013 5:00 pm<br \/>Jueves: 7:30 am \u2013 5:00 pm<br \/>Viernes: 7:30 am \u2013 5:00 pm<br \/>Sabado: Cerrado<\/p>\n<\/div>\n<div class='col-xl-8'>\n<iframe frameborder='0' style='border:0' src='https:\/\/www.google.com\/maps\/embed\/v1\/place?key=AIzaSyBTF1Ud6DsqUqSiSNB0UtzD2jzIiQAbUtU&#038;q=Miami Gas 2747 NW 21st St, Miami, FL 33142' width='100%' height='100%' allowfullscreen> <\/iframe><noframes>Lo sentimos, tu navegador no admite marcos.<\/noframes>\n<\/div>\n<\/div>\n<\/div>\n<div class='my-5'>\n<h3 class='pb-2'>Servicios de gas en Miami<\/h3>\n<div class='row g-4 justify-content-center'>\n<div class='row g-2 justify-content-center'>\n<div class='col-lg-4 d-flex align-items-stretch'>\n<div class='my-3 p-2 d-flex border shadow flex-column align-items-center justify-content-start w-100'>\n<h3 class='text-center py-3'>PROPANO<\/h3>\n<ul>\n<li class='m-3'>Entrega confiable de propano a su hogar.<\/li>\n<li class='m-3'>Profesional <a href=\"https:\/\/miamigas.com\/es\/residential-propane\/tanks-monitoring\/\" title=\"instalaci\u00f3n de tanque de propano\">instalaci\u00f3n de tanque de propano<\/a>.<\/li>\n<li class='m-3'>Servicios comerciales de propano para su negocio.<\/li>\n<\/ul><\/div>\n<\/div>\n<div class='col-lg-4 d-flex align-items-stretch'>\n<div class='my-3 p-2 d-flex border shadow flex-column align-items-center justify-content-start w-100'>\n<h3 class='text-center py-3'>TANQUES DE PROPANO<\/h3>\n<ul>\n<li class='m-3'>Instalaci\u00f3n profesional de tanque de propano.<\/li>\n<li class='m-3'>Alquile un tanque de propano con nosotros: \u00a1nos encargamos de todo el mantenimiento!<\/li>\n<li class='m-3'>Contamos con una variedad de tama\u00f1os de tanques de propano.<\/li>\n<\/ul><\/div>\n<\/div>\n<div class='col-lg-4 d-flex align-items-stretch'>\n<div class='my-3 p-2 d-flex border shadow flex-column align-items-center justify-content-start w-100'>\n<h3 class='text-center py-3'>CARRETILLAS ELEVADORAS<\/h3>\n<ul>\n<li class='m-3'><a href=\"https:\/\/miamigas.com\/es\/commercial\/forklift-cylinder-exchange\/\" title=\"Cilindro de carretilla elevadora\">Cilindro de carretilla elevadora<\/a> Programa de intercambio de tanques de propano.<\/li>\n<li class='m-3'><a href=\"https:\/\/miamigas.com\/es\/customer-service\/\" title=\"Cont\u00e1ctenos\">Cont\u00e1ctenos<\/a> for more forklift propane cylinder services.<\/li>\n<\/ul><\/div>\n<\/div>\n<div class='col-lg-4 d-flex align-items-stretch'>\n<div class='my-3 p-2 d-flex border shadow flex-column align-items-center justify-content-start w-100'>\n<h3 class='text-center py-3'>GENERADORES<\/h3>\n<ul>\n<li class='m-3'>We provide expert generator installation.<\/li>\n<li class='m-3'>Servicios de mantenimiento de generadores para mantener su generador funcionando sin problemas cuando m\u00e1s lo necesita.<\/li>\n<li class='m-3'>Ll\u00e1manos para servicios profesionales de generador.<\/li>\n<\/ul><\/div>\n<\/div>\n<div class='col-lg-4 d-flex align-items-stretch'>\n<div class='my-3 p-2 d-flex border shadow flex-column align-items-center justify-content-start w-100'>\n<h3 class='text-center py-3'>COMMERCIAL PROPANE<\/h3>\n<ul>\n<li class='m-3'>Commercial propane for fleet fueling  and more.<\/li>\n<li class='m-3'>Easily schedule a commercial propane delivery today.<\/li>\n<li class='m-3'>On-site commercial propane tank installation, scaled to your business.<\/li>\n<li class='m-3'><a href=\"https:\/\/miamigas.com\/es\/commercial\/bulk-propane\/\" title=\"Bulk propane delivery\">Bulk propane delivery<\/a> and services save you money.<\/li>\n<\/ul><\/div>\n<\/div>\n<div class='col-lg-4 d-flex align-items-stretch'>\n<div class='my-3 p-2 d-flex border shadow flex-column align-items-center justify-content-start w-100'>\n<h3 class='text-center py-3'>CALENTADORES DE ESPACIOS A PROPANO<\/h3>\n<ul>\n<li class='m-3'>Podemos instalar propano en interiores. <a href=\"https:\/\/miamigas.com\/es\/equipment-service\/space-heaters\/\" title=\"calentadores espaciales\">calentadores espaciales<\/a>.<\/li>\n<li class='m-3'>Tambi\u00e9n damos servicio a calentadores de ambiente a propano existentes.<\/li>\n<\/ul><\/div>\n<\/div>\n<\/div><\/div>\n<p><script src=\"https:\/\/premiumlistings.localiq.com\/widgets-assets\/website-widgets.bundle.js\" type=\"text\/javascript\"><\/script><ub-widget-review data-key=\"Ci1BAIFvey4rdC2IvIB0pR2EjmMnDe\" data-locationid=\"2800474\"><\/ub-widget-review>\n<\/p><\/div>","protected":false},"excerpt":{"rendered":"<p>Propane Delivery for Your Pompano Beach, FL, Home Experience the Benefits for Your Home or Business with Our Affordable Delivery Options. Get peace of mind knowing that your propane delivery needs are in the hands of the experienced and professional team at Miami Gas. We know that loyalty is earned, not given, which is why [&hellip;]<\/p>","protected":false},"author":4,"featured_media":0,"parent":9,"menu_order":0,"comment_status":"closed","ping_status":"closed","template":"","meta":{"footnotes":""},"class_list":["post-897","page","type-page","status-publish","hentry"],"_links":{"self":[{"href":"https:\/\/miamigas.com\/es\/wp-json\/wp\/v2\/pages\/897","targetHints":{"allow":["GET"]}}],"collection":[{"href":"https:\/\/miamigas.com\/es\/wp-json\/wp\/v2\/pages"}],"about":[{"href":"https:\/\/miamigas.com\/es\/wp-json\/wp\/v2\/types\/page"}],"author":[{"embeddable":true,"href":"https:\/\/miamigas.com\/es\/wp-json\/wp\/v2\/users\/4"}],"replies":[{"embeddable":true,"href":"https:\/\/miamigas.com\/es\/wp-json\/wp\/v2\/comments?post=897"}],"version-history":[{"count":5,"href":"https:\/\/miamigas.com\/es\/wp-json\/wp\/v2\/pages\/897\/revisions"}],"predecessor-version":[{"id":921,"href":"https:\/\/miamigas.com\/es\/wp-json\/wp\/v2\/pages\/897\/revisions\/921"}],"up":[{"embeddable":true,"href":"https:\/\/miamigas.com\/es\/wp-json\/wp\/v2\/pages\/9"}],"wp:attachment":[{"href":"https:\/\/miamigas.com\/es\/wp-json\/wp\/v2\/media?parent=897"}],"curies":[{"name":"wp","href":"https:\/\/api.w.org\/{rel}","templated":true}]}}