{"id":869,"date":"2025-06-09T11:14:14","date_gmt":"2025-06-09T15:14:14","guid":{"rendered":"https:\/\/www.miamigas.com\/?page_id=869"},"modified":"2025-06-26T15:09:40","modified_gmt":"2025-06-26T19:09:40","slug":"hollywood-fl","status":"publish","type":"page","link":"https:\/\/miamigas.com\/es\/residential-propane\/hollywood-fl\/","title":{"rendered":"Hollywood, FL"},"content":{"rendered":"<h1>Propane Delivery for Your Hollywood, FL, Home<\/h1>\n<h2>High-quality Propane Delivery for Your Home or Business<\/h2>\n<p><img loading=\"lazy\" decoding=\"async\" src=\"https:\/\/miamigas.com\/wp-content\/uploads\/2025\/06\/propane-delivery-hollywood-fl.jpg\" alt=\"propane delivery hollywood,fl\" width=\"531\" height=\"376\" class=\"alignright size-full wp-image-864\" srcset=\"https:\/\/miamigas.com\/wp-content\/uploads\/2025\/06\/propane-delivery-hollywood-fl.jpg 531w, https:\/\/miamigas.com\/wp-content\/uploads\/2025\/06\/propane-delivery-hollywood-fl-300x212.jpg 300w, https:\/\/miamigas.com\/wp-content\/uploads\/2025\/06\/propane-delivery-hollywood-fl-18x12.jpg 18w\" sizes=\"auto, (max-width: 531px) 100vw, 531px\" \/><\/p>\n<p>The trained, dedicated team at Miami Gas is ready to handle your Propane needs. Our team of experts is committed to building lasting relationships with our customers, providing personalized service and attention to detail that they can count on. Our dedication to quality service means that we never compromise on speed or reliability, providing our customers with swift and accurate service every time. Our commitment to hard work and reliability is reflected in our reputation for excellence, which is built on the satisfaction of our customers.<\/p>\n<p class='fw-bold'> Our full-service approach is designed to provide our customers with peace of mind, knowing that we have all of their Propane-related needs covered. <\/p>\n<div class='mx-auto col-lg-10'>\n<ul>\n<li>Nuestro personal amable, experto y confiable es lo que nos distingue de la competencia.<\/li>\n<li>With our emphasis on delivering premium Propane at a fair price, you can rest assured that you&rsquo;re getting the best deal in Hollywood without sacrificing quality.<\/li>\n<li>We maintain ample supplies of <a href=\"https:\/\/miamigas.com\/es\/residential-propane\/propane-delivery\/\" title=\"Entrega de propano\">Entrega de propano<\/a>, as well as good, long-term relationships with suppliers.<\/li>\n<li>Nuestro portal de pagos en l\u00ednea es s\u00f3lo una de las muchas formas en que nos esforzamos por hacer que nuestros servicios sean lo m\u00e1s f\u00e1ciles de usar y sin complicaciones posible para nuestros clientes.<\/li>\n<\/ul>\n<\/div>\n<p>\n  <strong>With our expert team and reliable service, you can&rsquo;t go wrong &#8211; call us now to schedule your Propane Delivery.<\/strong>\n<\/p>\n<div class='row my-5'>\n<div class='col-lg-4 d-flex align-items-stretch'>\n<div class='shadow border p-3 d-flex flex-column justify-content-between w-100'>\n<h4 class='text-center text-md-start'>Rese\u00f1as<\/h4>\n<div>Customers consistently rate our service as excellent, citing our promptness, professionalism, and attention to detail.<\/div>\n<p>      <a href='\/es\/about-us\/customer-reviews\/' class='btn btn-primary mt-3'>Lea nuestras rese\u00f1as<\/a>\n    <\/p><\/div>\n<\/div>\n<div class='col-lg-4 d-flex align-items-stretch'>\n<div class='shadow border p-3 d-flex flex-column justify-content-between w-100'>\n<h4 class='text-center text-md-start'>Cont\u00e1ctenos<\/h4>\n<div>For the best Propane Delivery in Hollywood, you count on the Miami Gas team. <a href=\"https:\/\/miamigas.com\/es\/customer-service\/\" title=\"P\u00f3ngase en contacto con nosotros\">P\u00f3ngase en contacto con nosotros<\/a> \u00a1hoy!<\/div>\n<p>      <a href='\/es\/customer-service\/' class='btn btn-primary mt-3'>Cont\u00e1ctenos<\/a>\n    <\/p><\/div>\n<\/div>\n<div class='col-lg-4 d-flex align-items-stretch'>\n<div class='shadow border p-3 d-flex flex-column justify-content-between w-100'>\n<h4 class='text-center text-md-start'>Sobre nosotros<\/h4>\n<div>Our company has grown and evolved over time, but our core values &#8211; honesty, integrity, and a strong work ethic &#8211; have remained the same.<\/div>\n<p>      <a href='\/es\/about-us\/' class='btn btn-primary mt-3'>Sobre nosotros<\/a>\n    <\/p><\/div>\n<\/div>\n<\/div>\n<div class='row'>\n<div class='col-lg-8 m-auto'>\n<div class='alert alert-success my-4 text-center'>\n      <strong>NOTA:<\/strong> Don&rsquo;t contact us through the website or by email if you need help with a Propane emergency. Call us right away at <a href='tel:1-(305) 204-3333'>1-(305) 204-3333<\/a> para asistencia inmediata.\n    <\/div>\n<\/div>\n<\/div>\n<div class='row'>\n<div class='col-xl-12 mt-3'>\n<h3 class='pb-2'>Miami Gas&rsquo;s office is located at:<\/h3>\n<\/div>\n<\/div>\n<div class='border'>\n<div class='row'>\n<div class='col-xl-4 p-4 px-5'>\n<p>\n        <strong>DIRECCI\u00d3N:<\/strong><br \/>\n        <br \/>Gas de Miami 2747 NW 21st St, Miami, FL 33142\n      <\/p>\n<hr \/>\n<p>\n        <strong>Tel\u00e9fono:<\/strong><br \/>\n        <br \/>\n        <a href='tel:1-(305) 204-3333'>1-(305) 204-3333<\/a>\n      <\/p>\n<hr \/>\n<p>\n        <strong>Horas:<\/strong><br \/>\n        <br \/>Domingo: Cerrado <br \/>Lunes: 7:30 am \u2013 5:00 pm <br \/>Martes: 7:30 am \u2013 5:00 pm <br \/>Mi\u00e9rcoles: 7:30 am \u2013 5:00 pm <br \/>Jueves: 7:30 am \u2013 5:00 pm <br \/>Viernes: 7:30 am \u2013 5:00 pm <br \/>Saturday: 7:30am &#8211; 3:00pm \n      <\/p>\n<\/div>\n<div class='col-xl-8'>\n      <iframe frameborder='0' style='border:0' src='https:\/\/www.google.com\/maps\/embed\/v1\/place?key=AIzaSyBTF1Ud6DsqUqSiSNB0UtzD2jzIiQAbUtU&#038;q=Miami Gas 2747 NW 21st St, Miami, FL 33142' width='100%' height='100%' allowfullscreen><\/iframe><br \/>\n      <noframes>Lo sentimos, tu navegador no admite marcos.<\/noframes>\n    <\/div>\n<\/div>\n<\/div>\n<div class='my-5'>\n<h3 class='pb-2'>Servicios de gas en Miami<\/h3>\n<div class='row g-4 justify-content-center'>\n<div class='row g-2 justify-content-center'>\n<div class='col-lg-4 d-flex align-items-stretch'>\n<div class='my-3 p-2 d-flex border shadow flex-column align-items-center justify-content-start w-100'>\n<h3 class='text-center py-3'>PROPANO<\/h3>\n<ul>\n<li class='m-3'>Entrega de propano a su domicilio.<\/li>\n<li class='m-3'>Profesional <a href=\"https:\/\/miamigas.com\/es\/residential-propane\/tanks-monitoring\/\" title=\"instalaci\u00f3n de tanque de propano\">instalaci\u00f3n de tanque de propano<\/a>.<\/li>\n<li class='m-3'>Servicios comerciales de propano para su negocio.<\/li>\n<\/ul><\/div>\n<\/div>\n<div class='col-lg-4 d-flex align-items-stretch'>\n<div class='my-3 p-2 d-flex border shadow flex-column align-items-center justify-content-start w-100'>\n<h3 class='text-center py-3'>TANQUE DE PROPANO<\/h3>\n<ul>\n<li class='m-3'>Instalaci\u00f3n profesional de tanque de propano.<\/li>\n<li class='m-3'>Alquile un tanque de propano con nosotros: \u00a1nos encargamos de todo el mantenimiento!<\/li>\n<li class='m-3'>Contamos con una variedad de tama\u00f1os de tanques de propano.<\/li>\n<\/ul><\/div>\n<\/div>\n<div class='col-lg-4 d-flex align-items-stretch'>\n<div class='my-3 p-2 d-flex border shadow flex-column align-items-center justify-content-start w-100'>\n<h3 class='text-center py-3'>TANQUE DE PARRILLA<\/h3>\n<ul>\n<li class='m-3'>Cambio de tanque de propano en cualquiera de nuestras plantas de propano. <a href=\"https:\/\/miamigas.com\/es\/residential-propane\/cylinder-exchange-bottle-fill\/\" title=\"intercambio de cilindros\">intercambio de cilindros<\/a> Ubicaciones.<\/li>\n<li class='m-3'>Pruebe nuestro programa de entrega de cilindros\/tanques de propano.<\/li>\n<li class='m-3'>Elija una de nuestras muchas ubicaciones para recarga de tanques de propano.<\/li>\n<\/ul><\/div>\n<\/div>\n<div class='col-lg-4 d-flex align-items-stretch'>\n<div class='my-3 p-2 d-flex border shadow flex-column align-items-center justify-content-start w-100'>\n<h3 class='text-center py-3'>M\u00c1QUINA ELEVADORA<\/h3>\n<ul>\n<li class='m-3'><a href=\"https:\/\/miamigas.com\/es\/commercial\/forklift-cylinder-exchange\/\" title=\"Cilindro de carretilla elevadora\">Cilindro de carretilla elevadora<\/a> Programa de intercambio de tanques de propano.<\/li>\n<li class='m-3'>Cont\u00e1ctenos para obtener m\u00e1s servicios de cilindros de propano para montacargas.<\/li>\n<\/ul><\/div>\n<\/div>\n<div class='col-lg-4 d-flex align-items-stretch'>\n<div class='my-3 p-2 d-flex border shadow flex-column align-items-center justify-content-start w-100'>\n<h3 class='text-center py-3'>GENERADOR<\/h3>\n<ul>\n<li class='m-3'>Proporcionamos instalaci\u00f3n de generadores en sitio.<\/li>\n<li class='m-3'>Servicios de mantenimiento de generadores para mantener su generador funcionando sin problemas cuando m\u00e1s lo necesita.<\/li>\n<li class='m-3'>Ll\u00e1manos para servicios profesionales de generador.<\/li>\n<\/ul><\/div>\n<\/div>\n<div class='col-lg-4 d-flex align-items-stretch'>\n<div class='my-3 p-2 d-flex border shadow flex-column align-items-center justify-content-start w-100'>\n<h3 class='text-center py-3'>COMMERCIAL PROPANE<\/h3>\n<ul>\n<li class='m-3'>Commercial propane for fleet fueling and more.<\/li>\n<li class='m-3'>Easily schedule a commercial propane delivery today.<\/li>\n<li class='m-3'>On-site commercial propane tank installation, scaled to your business.<\/li>\n<li class='m-3'><a href=\"https:\/\/miamigas.com\/es\/commercial\/bulk-propane\/\" title=\"Bulk propane delivery\">Bulk propane delivery<\/a> and services save you money.<\/li>\n<\/ul><\/div>\n<\/div>\n<div class='col-lg-4 d-flex align-items-stretch'>\n<div class='my-3 p-2 d-flex border shadow flex-column align-items-center justify-content-start w-100'>\n<h3 class='text-center py-3'>CALENTADOR DE ESPACIO A PROPANO<\/h3>\n<ul>\n<li class='m-3'>Podemos instalar propano en interiores. <a href=\"https:\/\/miamigas.com\/es\/equipment-service\/space-heaters\/\" title=\"calentadores espaciales\">calentadores espaciales<\/a>.<\/li>\n<li class='m-3'>Tambi\u00e9n damos servicio a calentadores de ambiente a propano existentes.<\/li>\n<\/ul><\/div>\n<\/div>\n<\/div>\n<p><script src=\"https:\/\/premiumlistings.localiq.com\/widgets-assets\/website-widgets.bundle.js\" type=\"text\/javascript\"><\/script><ub-widget-review data-key=\"Ci1BAIFvey4rdC2IvIB0pR2EjmMnDe\" data-locationid=\"2800474\"><\/ub-widget-review>\n  <\/p><\/div>\n<\/div>","protected":false},"excerpt":{"rendered":"<p>Propane Delivery for Your Hollywood, FL, Home High-quality Propane Delivery for Your Home or Business The trained, dedicated team at Miami Gas is ready to handle your Propane needs. Our team of experts is committed to building lasting relationships with our customers, providing personalized service and attention to detail that they can count on. Our [&hellip;]<\/p>","protected":false},"author":4,"featured_media":0,"parent":9,"menu_order":0,"comment_status":"closed","ping_status":"closed","template":"","meta":{"footnotes":""},"class_list":["post-869","page","type-page","status-publish","hentry"],"_links":{"self":[{"href":"https:\/\/miamigas.com\/es\/wp-json\/wp\/v2\/pages\/869","targetHints":{"allow":["GET"]}}],"collection":[{"href":"https:\/\/miamigas.com\/es\/wp-json\/wp\/v2\/pages"}],"about":[{"href":"https:\/\/miamigas.com\/es\/wp-json\/wp\/v2\/types\/page"}],"author":[{"embeddable":true,"href":"https:\/\/miamigas.com\/es\/wp-json\/wp\/v2\/users\/4"}],"replies":[{"embeddable":true,"href":"https:\/\/miamigas.com\/es\/wp-json\/wp\/v2\/comments?post=869"}],"version-history":[{"count":4,"href":"https:\/\/miamigas.com\/es\/wp-json\/wp\/v2\/pages\/869\/revisions"}],"predecessor-version":[{"id":879,"href":"https:\/\/miamigas.com\/es\/wp-json\/wp\/v2\/pages\/869\/revisions\/879"}],"up":[{"embeddable":true,"href":"https:\/\/miamigas.com\/es\/wp-json\/wp\/v2\/pages\/9"}],"wp:attachment":[{"href":"https:\/\/miamigas.com\/es\/wp-json\/wp\/v2\/media?parent=869"}],"curies":[{"name":"wp","href":"https:\/\/api.w.org\/{rel}","templated":true}]}}