{"id":865,"date":"2025-06-09T11:11:52","date_gmt":"2025-06-09T15:11:52","guid":{"rendered":"https:\/\/www.miamigas.com\/?page_id=865"},"modified":"2025-06-26T15:09:48","modified_gmt":"2025-06-26T19:09:48","slug":"hialeah-fl","status":"publish","type":"page","link":"https:\/\/miamigas.com\/es\/residential-propane\/hialeah-fl\/","title":{"rendered":"Hialeah, FL"},"content":{"rendered":"<h1>Keeping Your Home Warm and Comfortable with Reliable Propane Delivery in Miami-Dade County, FL<\/h1>\n<h2>\u00a1Obtenga un suministro confiable de propano y nunca m\u00e1s se quede sin propano!<\/h2>\n<p><img loading=\"lazy\" decoding=\"async\" src=\"https:\/\/miamigas.com\/wp-content\/uploads\/2025\/06\/propane-delivery-hialeah-fl.jpg\" alt=\"propane delivery hialeah,fl\" width=\"531\" height=\"376\" class=\"alignright size-full wp-image-863\" srcset=\"https:\/\/miamigas.com\/wp-content\/uploads\/2025\/06\/propane-delivery-hialeah-fl.jpg 531w, https:\/\/miamigas.com\/wp-content\/uploads\/2025\/06\/propane-delivery-hialeah-fl-300x212.jpg 300w, https:\/\/miamigas.com\/wp-content\/uploads\/2025\/06\/propane-delivery-hialeah-fl-18x12.jpg 18w\" sizes=\"auto, (max-width: 531px) 100vw, 531px\" \/><\/p>\n<p>If you&rsquo;re looking for a <a href=\"https:\/\/miamigas.com\/es\/residential-propane\/propane-delivery\/\" title=\"Entrega de propano\">Entrega de propano<\/a> company that is committed to safety, affordability, and customer satisfaction, you&rsquo;ve come to the right place. Our company&rsquo;s mission is to always be there for our loyal customers making it easy to stick with us. We understand that time is precious, which is why we&rsquo;re dedicated to providing prompt, quality service that exceeds our customers&rsquo; expectations. Our commitment to hard work and reliability is reflected in our reputation for excellence, which is built on the satisfaction of our customers.<\/p>\n<p class='fw-bold'> Our full-service approach means that we provide not only reliable Propane Delivery, but also the support and guidance you need to make informed decisions about your energy usage. <\/p>\n<div class='mx-auto col-lg-10'>\n<ul>\n<li>Our team of experts is dedicated to providing you with the guidance and support you need to make informed decisions about your Propane needs.<\/li>\n<li>We will always show up to provide quality Delivery service when you need it &mdash; at a fair price.<\/li>\n<li>Our commitment to building and maintaining strong supplier relationships and ample resources is what sets us apart from the competition, making us the top choice for Propane Delivery services.<\/li>\n<li>Our secure online payment portal allows you to quickly and easily pay for your services from the comfort of your own home.<\/li>\n<\/ul>\n<\/div>\n<p>\n  <strong>Trust us for all your Propane Delivery needs &#8211; give us a call today to get started.<\/strong>\n<\/p>\n<div class='row my-5'>\n<div class='col-lg-4 d-flex align-items-stretch'>\n<div class='shadow border p-3 d-flex flex-column justify-content-between w-100'>\n<h4 class='text-center text-md-start'>Rese\u00f1as<\/h4>\n<div>We pride ourselves on exceeding our customers&rsquo; expectations, and our positive customer reviews speak for themselves.<\/div>\n<p>      <a href='\/es\/about-us\/customer-reviews\/' class='btn btn-primary mt-3'>Lea nuestras rese\u00f1as<\/a>\n    <\/p><\/div>\n<\/div>\n<div class='col-lg-4 d-flex align-items-stretch'>\n<div class='shadow border p-3 d-flex flex-column justify-content-between w-100'>\n<h4 class='text-center text-md-start'>Cont\u00e1ctenos<\/h4>\n<div>We want to provide your Hialeah household with the most dependable Propane Delivery around. Reach out today to <a href=\"https:\/\/miamigas.com\/es\/customer-service\/become-a-customer\/\" title=\"convertirse en cliente\">convertirse en cliente<\/a>.<\/div>\n<p>      <a href='\/es\/customer-service\/' class='btn btn-primary mt-3'>Cont\u00e1ctenos<\/a>\n    <\/p><\/div>\n<\/div>\n<div class='col-lg-4 d-flex align-items-stretch'>\n<div class='shadow border p-3 d-flex flex-column justify-content-between w-100'>\n<h4 class='text-center text-md-start'>Sobre nosotros<\/h4>\n<div>A lo largo de los a\u00f1os, hemos construido una s\u00f3lida reputaci\u00f3n como socio confiable para nuestros clientes, gan\u00e1ndonos su lealtad y confianza a trav\u00e9s de nuestro compromiso con la excelencia.<\/div>\n<p>      <a href='\/es\/about-us\/' class='btn btn-primary mt-3'>Sobre nosotros<\/a>\n    <\/p><\/div>\n<\/div>\n<\/div>\n<div class='row'>\n<div class='col-lg-8 m-auto'>\n<div class='alert alert-success my-4 text-center'>\n      <strong>NOTA:<\/strong> If you have an emergency, call us at <a href='tel:1-(305) 204-3333'>1-(305) 204-3333<\/a>. Do not email or <a href=\"https:\/\/miamigas.com\/es\/customer-service\/\" title=\"Cont\u00e1ctenos\">Cont\u00e1ctenos<\/a> via this website. Our knowledgeable staff will be able to provide you with prompt guidance and support in the event of a Propane emergency.\n    <\/div>\n<\/div>\n<\/div>\n<div class='row'>\n<div class='col-xl-12 mt-3'>\n<h3 class='pb-2'>Our office is located at:<\/h3>\n<\/div>\n<\/div>\n<div class='border'>\n<div class='row'>\n<div class='col-xl-4 p-4 px-5'>\n<p>\n        <strong>DIRECCI\u00d3N:<\/strong><br \/>\n        <br \/>Gas de Miami 2747 NW 21st St, Miami, FL 33142\n      <\/p>\n<hr \/>\n<p>\n        <strong>Tel\u00e9fono:<\/strong><br \/>\n        <br \/>\n        <a href='tel:1-(305) 204-3333'>1-(305) 204-3333<\/a>\n      <\/p>\n<hr \/>\n<p>\n        <strong>Horas:<\/strong><br \/>\n        <br \/>Domingo: Cerrado <br \/>Lunes: 7:30 am \u2013 5:00 pm <br \/>Martes: 7:30 am \u2013 5:00 pm <br \/>Mi\u00e9rcoles: 7:30 am \u2013 5:00 pm <br \/>Jueves: 7:30 am \u2013 5:00 pm <br \/>Viernes: 7:30 am \u2013 5:00 pm <br \/>Saturday: 7:30am &#8211; 3:00pm \n      <\/p>\n<\/div>\n<div class='col-xl-8'>\n      <iframe frameborder='0' style='border:0' src='https:\/\/www.google.com\/maps\/embed\/v1\/place?key=AIzaSyBTF1Ud6DsqUqSiSNB0UtzD2jzIiQAbUtU&#038;q=Miami Gas 2747 NW 21st St, Miami, FL 33142' width='100%' height='100%' allowfullscreen><\/iframe><br \/>\n      <noframes>Lo sentimos, tu navegador no admite marcos.<\/noframes>\n    <\/div>\n<\/div>\n<\/div>\n<div class='my-5'>\n<h3 class='pb-2'>Servicios de gas en Miami<\/h3>\n<div class='row g-4 justify-content-center'>\n<div class='row g-2 justify-content-center'>\n<div class='col-lg-4 d-flex align-items-stretch'>\n<div class='my-3 p-2 d-flex border shadow flex-column align-items-center justify-content-start w-100'>\n<h3 class='text-center py-3'>PROPANO<\/h3>\n<ul>\n<li class='m-3'>Entrega de propano a su domicilio.<\/li>\n<li class='m-3'>Profesional <a href=\"https:\/\/miamigas.com\/es\/residential-propane\/tanks-monitoring\/\" title=\"instalaci\u00f3n de tanque de propano\">instalaci\u00f3n de tanque de propano<\/a>.<\/li>\n<li class='m-3'>Servicios comerciales de propano para su negocio.<\/li>\n<\/ul><\/div>\n<\/div>\n<div class='col-lg-4 d-flex align-items-stretch'>\n<div class='my-3 p-2 d-flex border shadow flex-column align-items-center justify-content-start w-100'>\n<h3 class='text-center py-3'>TANQUE DE PROPANO<\/h3>\n<ul>\n<li class='m-3'>Instalaci\u00f3n profesional de tanque de propano.<\/li>\n<li class='m-3'>Alquile un tanque de propano con nosotros: \u00a1nos encargamos de todo el mantenimiento!<\/li>\n<li class='m-3'>Contamos con una variedad de tama\u00f1os de tanques de propano.<\/li>\n<\/ul><\/div>\n<\/div>\n<div class='col-lg-4 d-flex align-items-stretch'>\n<div class='my-3 p-2 d-flex border shadow flex-column align-items-center justify-content-start w-100'>\n<h3 class='text-center py-3'>TANQUE DE PARRILLA<\/h3>\n<ul>\n<li class='m-3'>Cambio de tanque de propano en cualquiera de nuestras plantas de propano. <a href=\"https:\/\/miamigas.com\/es\/residential-propane\/cylinder-exchange-bottle-fill\/\" title=\"intercambio de cilindros\">intercambio de cilindros<\/a> Ubicaciones.<\/li>\n<li class='m-3'>Pruebe nuestro programa de entrega de cilindros\/tanques de propano.<\/li>\n<li class='m-3'>Elija una de nuestras muchas ubicaciones para recarga de tanques de propano.<\/li>\n<\/ul><\/div>\n<\/div>\n<div class='col-lg-4 d-flex align-items-stretch'>\n<div class='my-3 p-2 d-flex border shadow flex-column align-items-center justify-content-start w-100'>\n<h3 class='text-center py-3'>M\u00c1QUINA ELEVADORA<\/h3>\n<ul>\n<li class='m-3'><a href=\"https:\/\/miamigas.com\/es\/commercial\/forklift-cylinder-exchange\/\" title=\"Cilindro de carretilla elevadora\">Cilindro de carretilla elevadora<\/a> Programa de intercambio de tanques de propano.<\/li>\n<li class='m-3'>Cont\u00e1ctenos para obtener m\u00e1s servicios de cilindros de propano para montacargas.<\/li>\n<\/ul><\/div>\n<\/div>\n<div class='col-lg-4 d-flex align-items-stretch'>\n<div class='my-3 p-2 d-flex border shadow flex-column align-items-center justify-content-start w-100'>\n<h3 class='text-center py-3'>GENERADOR<\/h3>\n<ul>\n<li class='m-3'>Proporcionamos instalaci\u00f3n de generadores en sitio.<\/li>\n<li class='m-3'>Servicios de mantenimiento de generadores para mantener su generador funcionando sin problemas cuando m\u00e1s lo necesita.<\/li>\n<li class='m-3'>Ll\u00e1manos para servicios profesionales de generador.<\/li>\n<\/ul><\/div>\n<\/div>\n<div class='col-lg-4 d-flex align-items-stretch'>\n<div class='my-3 p-2 d-flex border shadow flex-column align-items-center justify-content-start w-100'>\n<h3 class='text-center py-3'>COMMERCIAL PROPANE<\/h3>\n<ul>\n<li class='m-3'>Commercial propane for fleet fueling and more.<\/li>\n<li class='m-3'>Easily schedule a commercial propane delivery today.<\/li>\n<li class='m-3'>On-site commercial propane tank installation, scaled to your business.<\/li>\n<li class='m-3'><a href=\"https:\/\/miamigas.com\/es\/commercial\/bulk-propane\/\" title=\"Bulk propane delivery\">Bulk propane delivery<\/a> and services save you money.<\/li>\n<\/ul><\/div>\n<\/div>\n<div class='col-lg-4 d-flex align-items-stretch'>\n<div class='my-3 p-2 d-flex border shadow flex-column align-items-center justify-content-start w-100'>\n<h3 class='text-center py-3'>CALENTADOR DE ESPACIO A PROPANO<\/h3>\n<ul>\n<li class='m-3'>Podemos instalar propano en interiores. <a href=\"https:\/\/miamigas.com\/es\/equipment-service\/space-heaters\/\" title=\"calentadores espaciales\">calentadores espaciales<\/a>.<\/li>\n<li class='m-3'>Tambi\u00e9n damos servicio a calentadores de ambiente a propano existentes.<\/li>\n<\/ul><\/div>\n<\/div>\n<\/div>\n<p><script src=\"https:\/\/premiumlistings.localiq.com\/widgets-assets\/website-widgets.bundle.js\" type=\"text\/javascript\"><\/script><ub-widget-review data-key=\"Ci1BAIFvey4rdC2IvIB0pR2EjmMnDe\" data-locationid=\"2800474\"><\/ub-widget-review>\n  <\/p><\/div>\n<\/div>","protected":false},"excerpt":{"rendered":"<p>Keeping Your Home Warm and Comfortable with Reliable Propane Delivery in Miami-Dade County, FL Get Reliable Propane Delivery and Never Run Out of Propane Again! If you&rsquo;re looking for a Propane Delivery company that is committed to safety, affordability, and customer satisfaction, you&rsquo;ve come to the right place. Our company&rsquo;s mission is to always be [&hellip;]<\/p>","protected":false},"author":4,"featured_media":0,"parent":9,"menu_order":0,"comment_status":"closed","ping_status":"closed","template":"","meta":{"footnotes":""},"class_list":["post-865","page","type-page","status-publish","hentry"],"_links":{"self":[{"href":"https:\/\/miamigas.com\/es\/wp-json\/wp\/v2\/pages\/865","targetHints":{"allow":["GET"]}}],"collection":[{"href":"https:\/\/miamigas.com\/es\/wp-json\/wp\/v2\/pages"}],"about":[{"href":"https:\/\/miamigas.com\/es\/wp-json\/wp\/v2\/types\/page"}],"author":[{"embeddable":true,"href":"https:\/\/miamigas.com\/es\/wp-json\/wp\/v2\/users\/4"}],"replies":[{"embeddable":true,"href":"https:\/\/miamigas.com\/es\/wp-json\/wp\/v2\/comments?post=865"}],"version-history":[{"count":4,"href":"https:\/\/miamigas.com\/es\/wp-json\/wp\/v2\/pages\/865\/revisions"}],"predecessor-version":[{"id":880,"href":"https:\/\/miamigas.com\/es\/wp-json\/wp\/v2\/pages\/865\/revisions\/880"}],"up":[{"embeddable":true,"href":"https:\/\/miamigas.com\/es\/wp-json\/wp\/v2\/pages\/9"}],"wp:attachment":[{"href":"https:\/\/miamigas.com\/es\/wp-json\/wp\/v2\/media?parent=865"}],"curies":[{"name":"wp","href":"https:\/\/api.w.org\/{rel}","templated":true}]}}