{"id":718,"date":"2025-01-28T10:15:20","date_gmt":"2025-01-28T15:15:20","guid":{"rendered":"https:\/\/www.miamigas.com\/?page_id=718"},"modified":"2025-01-29T10:03:57","modified_gmt":"2025-01-29T15:03:57","slug":"food-truck","status":"publish","type":"page","link":"https:\/\/miamigas.com\/es\/commercial\/food-truck\/","title":{"rendered":"Camiones de comida"},"content":{"rendered":"<h1>Servicios de propano para camiones de comida<\/h1>\n<p><img loading=\"lazy\" decoding=\"async\" src=\"https:\/\/miamigas.com\/wp-content\/uploads\/2025\/01\/food-truck-1.jpg\" alt=\"food truck business\" width=\"529\" height=\"374\" class=\"alignright size-full wp-image-710\" srcset=\"https:\/\/miamigas.com\/wp-content\/uploads\/2025\/01\/food-truck-1.jpg 529w, https:\/\/miamigas.com\/wp-content\/uploads\/2025\/01\/food-truck-1-300x212.jpg 300w, https:\/\/miamigas.com\/wp-content\/uploads\/2025\/01\/food-truck-1-18x12.jpg 18w\" sizes=\"auto, (max-width: 529px) 100vw, 529px\" \/><\/p>\n<h2>Miami Gas te ayuda a hacer crecer tu negocio.<\/h2>\n<p>En una zona vibrante y bulliciosa como el sur de Florida, los camiones de comida son una opci\u00f3n popular para todos, desde trabajadores de oficina hasta equipos de construcci\u00f3n y turistas, con m\u00e1s de 300 camiones de comida prestando servicios solo en Miami.<\/p>\n<p>Los puestos de comida son populares porque permiten a la gente acceder a alimentos de todo el mundo. Aqu\u00ed, en el \u00e1rea metropolitana de Miami, se pueden conseguir s\u00e1ndwiches cubanos, piadinas mediterr\u00e1neas, caf\u00e9s y t\u00e9s sofisticados, helados y otras delicias congeladas, barbacoas y desayunos.<\/p>\n<p>Si se dedica al negocio de los camiones de comida, el propano es una fuente de energ\u00eda esencial para sus veh\u00edculos. Miami Gas ofrece servicios integrales de propano comercial.<\/p>\n<div class=\"row\">\n<div class=\"col-md-6\">\n<h3 class=\"mb-3\">Miami Gas le ayuda a poner la seguridad en primer lugar<\/h3>\n<p>      Aqu\u00ed en el \u00e1rea de Miami, hay nuevas regulaciones para los cilindros de propano y otros componentes de los camiones de comida que est\u00e1n de acuerdo con los nuevos est\u00e1ndares de la Agencia Nacional de Protecci\u00f3n contra Incendios.<\/p>\n<p>Miami Gas se dedica a garantizar que nuestros clientes comerciales cumplan con todas las normas de seguridad y nuestros servicios reflejan eso. Algunas normas incluyen las siguientes:\n    <\/p><\/div>\n<div class=\"col-md-6\">\n<div class=\"row\">\n<div class=\"col-12 col-md-4 d-flex justify-content-center justify-content-md-start\">\n          <img decoding=\"async\" src=\"https:\/\/miamigas.com\/wp-content\/uploads\/2025\/01\/food-truck-guide-book.png\" alt=\"food truck guide book\" class=\"my-3 custom-img mb-3\" \/>\n        <\/div>\n<div class=\"col-md-8\">\n<h4>Normas sobre el uso del propano en los camiones de comida<\/h4>\n<p>Reglamento para <a href=\"https:\/\/miamigas.com\/es\/residential-propane\/tanks-monitoring\/\" title=\"tanques de propano\">tanques de propano<\/a> Las normas en los food trucks han cambiado. Te ayudamos a cumplirlas.<\/p>\n<p>          <a href=\"#contact-form\" class=\"btn btn-terzo\">Cont\u00e1ctenos<\/a>\n        <\/p><\/div>\n<\/div>\n<\/div>\n<div class=\"col-12\">\n<ul>\n<li>Hay una capacidad m\u00e1xima para el almacenamiento de propano en los camiones de comida, dependiendo de la entrada total de BTU del aparato.<\/li>\n<li>Los contenedores ASME y los cilindros DOT deben instalarse en el exterior del cami\u00f3n de comida o en un gabinete empotrado o ventilado.<\/li>\n<li>Los cilindros y componentes de propano deben instalarse de manera que se garantice un da\u00f1o m\u00ednimo en caso de accidente o vuelco, as\u00ed como el contacto con otros elementos dentro o sobre el cami\u00f3n de comida.<\/li>\n<li>Los electrodom\u00e9sticos utilizados en camiones de comida deben estar certificados para uso comercial.<\/li>\n<li>Al menos una persona en el cami\u00f3n de comida debe estar capacitada en <a href=\"https:\/\/miamigas.com\/es\/residential-propane\/propane-safety\/\" title=\"seguridad del propano\">seguridad del propano<\/a> Mejores pr\u00e1cticas para emergencias, incluida la realizaci\u00f3n de tareas como apagar fuentes de combustible y cambiar cilindros de propano.<\/li>\n<li>Existen normas actualizadas para tuber\u00edas, conductos y accesorios de propano.<\/li>\n<\/ul>\n<p>El equipo de Miami Gas cuenta con una amplia experiencia ayudando a nuestros clientes comerciales a cumplir con los requisitos reglamentarios en una amplia gama de industrias, incluidas la construcci\u00f3n residencial y comercial, la instalaci\u00f3n de generadores y la hosteler\u00eda. Puede confiar en nosotros para que le ayudemos con los servicios de propano para sus camiones de comida.<\/p>\n<p>   <a href=\"#contact-form\" class=\"btn btn-terzo\">Cont\u00e1ctenos<\/a>\n    <\/p><\/div>\n<\/div>\n<h3>El propano mejora su negocio de camiones de comida<\/h3>\n<div class=\"row my-5\">\n<div class=\"col-12 col-md-3 text-center pt-5 pt-lg-0\">\n      <img decoding=\"async\" src=\"\/wp-content\/uploads\/2025\/01\/icon-cooktop.png\" alt=\"\" class=\"img-fluid py-3\"\/><br \/>\nEncimeras y <br \/>planchas planas estilo plancha\n    <\/div>\n<div class=\"col-12 col-md-3 text-center pt-5 pt-lg-0\">\n      <img decoding=\"async\" src=\"\/wp-content\/uploads\/2025\/01\/icon-grills.png\" alt=\"\" class=\"img-fluid py-3\"\/><br \/>\nParrillas\n    <\/div>\n<div class=\"col-12 col-md-3 text-center pt-5 pt-lg-0\">\n      <img decoding=\"async\" src=\"\/wp-content\/uploads\/2025\/01\/icon-ovens.png\" alt=\"\" class=\"img-fluid py-3\"\/><br \/>\nHornos\n    <\/div>\n<div class=\"col-12 col-md-3 text-center pt-5 pt-lg-0\">\n      <img decoding=\"async\" src=\"\/wp-content\/uploads\/2025\/01\/icon-generators.png\" alt=\"\/wp-content\/uploads\/2025\/01\/icon-generators.png\" class=\"img-fluid py-3\"\/><br \/>\n<a href=\"https:\/\/miamigas.com\/es\/equipment-service\/generators\/\" title=\"Generadores\">Generadores<\/a> Para proporcionar energ\u00eda a congeladores, freidoras y peque\u00f1os electrodom\u00e9sticos.\n    <\/div>\n<\/div>\n<div class=\"row'><div class=\"col\">\n<img loading=\"lazy\" decoding=\"async\" src=\"https:\/\/miamigas.com\/wp-content\/uploads\/2025\/01\/food-truck-3.jpg\" alt=\"food truck business\" width=\"529\" height=\"374\" class=\"alignright size-full wp-image-712\" srcset=\"https:\/\/miamigas.com\/wp-content\/uploads\/2025\/01\/food-truck-3.jpg 529w, https:\/\/miamigas.com\/wp-content\/uploads\/2025\/01\/food-truck-3-300x212.jpg 300w, https:\/\/miamigas.com\/wp-content\/uploads\/2025\/01\/food-truck-3-18x12.jpg 18w\" sizes=\"auto, (max-width: 529px) 100vw, 529px\" \/>En el negocio de los camiones de comida, cada d\u00f3lar importa, y estamos aqu\u00ed para ayudarlo a aprovechar al m\u00e1ximo su inversi\u00f3n. El propano es una opci\u00f3n inteligente y rentable en comparaci\u00f3n con la electricidad o el di\u00e9sel, gracias a su alta eficiencia energ\u00e9tica. Podr\u00e1 cocinar m\u00e1s con menos combustible, lo que reducir\u00e1 sus costos operativos y mantendr\u00e1 su negocio eficiente. A continuaci\u00f3n, le explicamos por qu\u00e9 el propano funciona para su cami\u00f3n de comida:\n<ul>\n<li>Estabilidad de costos: Los precios del propano tienden a ser m\u00e1s predecibles, lo que hace que sea m\u00e1s f\u00e1cil administrar sus gastos y mantener la rentabilidad.<\/li>\n<li>Bajo mantenimiento: los equipos de propano generalmente requieren menos mantenimiento, lo que le permite ahorrar tiempo, reducir los costos de reparaci\u00f3n y minimizar el tiempo de inactividad.<\/li>\n<\/ul>\n<p><a href=\"#contact-form\" class=\"btn btn-terzo\">Cont\u00e1ctenos<\/a>\n<\/p><\/div>\n<\/div>\n<div class=\"row\">\n<div class=\"col-12 my-5\" style=\"background-color: #eaf4cf; border-radius: 20px;\">\n<div class=\"row my-5\">\n<div class=\"col-md-6 d-flex justify-content-center align-items-center\">\n          <img loading=\"lazy\" decoding=\"async\" src=\"https:\/\/miamigas.com\/wp-content\/uploads\/2025\/01\/food-truck-2.jpg\" alt=\"miami gas propane services\" width=\"529\" height=\"374\" class=\"img-fluid my-3\"\/>\n        <\/div>\n<div class=\"col-md-6 d-flex flex-column justify-content-center\">\n<h3>Servicios de gas propano en Miami<\/h3>\n<ol>\n<li class=\"large-text color-terzo thicc\">Recargas de cilindros<\/li>\n<li class=\"large-text color-terzo thicc override-text\">A granel <\/li>\n<li class=\"large-text color-terzo thicc\">Asesoramiento de expertos<\/li>\n<\/ol><\/div>\n<\/div>\n<\/div>\n<\/div>\n<p><strong>\u00bfQuieres saber m\u00e1s sobre nuestros servicios de gas propano para food trucks? Completa el formulario a continuaci\u00f3n.<\/strong><\/p>\n<div id=\"contact-form\">\n<div class='fluentform ff-default fluentform_wrapper_9 ffs_default_wrap'><form data-form_id=\"9\" id=\"fluentform_9\" class=\"frm-fluent-form fluent_form_9 ff-el-form-top ff_form_instance_9_1 ff-form-loading ffs_default\" data-form_instance=\"ff_form_instance_9_1\" method=\"POST\" action=\"\"><fieldset  style=\"border: none!important;margin: 0!important;padding: 0!important;background-color: transparent!important;box-shadow: none!important;outline: none!important; min-inline-size: 100%;\">\n                    <legend class=\"ff_screen_reader_title\" style=\"display: block; margin: 0!important;padding: 0!important;height: 0!important;text-indent: -999999px;width: 0!important;overflow:hidden;\"><a href=\"https:\/\/miamigas.com\/es\/customer-service\/become-a-customer\/\" title=\"Convi\u00e9rtete en cliente\">Convi\u00e9rtete en cliente<\/a> \/ <a href=\"https:\/\/miamigas.com\/es\/customer-service\/\" title=\"Cont\u00e1ctenos\">Cont\u00e1ctenos<\/a><\/legend><input type='hidden' name='__fluent_form_embded_post_id' value='718' \/><input type=\"hidden\" id=\"_fluentform_9_fluentformnonce\" name=\"_fluentform_9_fluentformnonce\" value=\"f93490f1ac\" \/><input type=\"hidden\" name=\"_wp_http_referer\" value=\"\/es\/wp-json\/wp\/v2\/pages\/718\" \/><div data-type=\"name-element\" data-name=\"names\" class=\"ff-field_container ff-name-field-wrapper\"><div class='ff-t-container'><div class='ff-t-cell'><div class='ff-el-group  ff-el-form-top'><div class=\"ff-el-input--label asterisk-right\"><label for='ff_9_names_first_name_' id='label_ff_9_names_first_name_'>Nombre de pila<\/label><\/div><div class='ff-el-input--content'><input type=\"text\" name=\"names[first_name]\" id=\"ff_9_names_first_name_\" class=\"ff-el-form-control\" placeholder=\"Nombre de pila\" aria-invalid=\"false\" aria-required=\"false\/\"><\/div><\/div><\/div><div class='ff-t-cell'><div class='ff-el-group  ff-el-form-top'><div class=\"ff-el-input--label asterisk-right\"><label for='ff_9_names_last_name_' id='label_ff_9_names_last_name_'>Apellido<\/label><\/div><div class='ff-el-input--content'><input type=\"text\" name=\"names[last_name]\" id=\"ff_9_names_last_name_\" class=\"ff-el-form-control\" placeholder=\"Apellido\" aria-invalid=\"false\" aria-required=\"false\/\"><\/div><\/div><\/div><\/div><\/div><div class=\"ff-name-address-wrapper fluent-address\" data-type=\"address-element\" data-name=\"address_1\"><div class='ff-el-input--label'><label aria-label=\"DIRECCI\u00d3N\">DIRECCI\u00d3N<\/label><\/div><div class='ff-el-input--content'><div class='ff-t-container'><div class='ff-t-cell'><div class='ff-el-group'><div class=\"ff-el-input--label asterisk-right\"><label for='ff_9_address_1_address_line_1_' id='label_ff_9_address_1_address_line_1_' aria-label=\"Direcci\u00f3n L\u00ednea 1\">Direcci\u00f3n L\u00ednea 1<\/label><\/div><div class='ff-el-input--content'><input type=\"text\" name=\"address_1[address_line_1]\" id=\"ff_9_address_1_address_line_1_\" class=\"ff-el-form-control\" placeholder=\"Direcci\u00f3n L\u00ednea 1\" data-key_name=\"address_line_1\"  aria-invalid=\"false\" aria-required=\"false\/\"><\/div><\/div><\/div><div class='ff-t-cell'><div class='ff-el-group'><div class=\"ff-el-input--label asterisk-right\"><label for='ff_9_address_1_address_line_2_' id='label_ff_9_address_1_address_line_2_' aria-label=\"L\u00ednea de direcci\u00f3n 2\">L\u00ednea de direcci\u00f3n 2<\/label><\/div><div class='ff-el-input--content'><input type=\"text\" name=\"address_1[address_line_2]\" id=\"ff_9_address_1_address_line_2_\" class=\"ff-el-form-control\" placeholder=\"L\u00ednea de direcci\u00f3n 2\" data-key_name=\"address_line_2\"  aria-invalid=\"false\" aria-required=\"false\/\"><\/div><\/div><\/div><\/div><div class='ff-t-container'><div class='ff-t-cell'><div class='ff-el-group'><div class=\"ff-el-input--label asterisk-right\"><label for='ff_9_address_1_city_' id='label_ff_9_address_1_city_' aria-label=\"Ciudad\">Ciudad<\/label><\/div><div class='ff-el-input--content'><input type=\"text\" name=\"address_1[city]\" id=\"ff_9_address_1_city_\" class=\"ff-el-form-control\" placeholder=\"Ciudad\" data-key_name=\"city\"  aria-invalid=\"false\" aria-required=\"false\/\"><\/div><\/div><\/div><div class='ff-t-cell'><div class='ff-el-group'><div class=\"ff-el-input--label asterisk-right\"><label for='ff_9_address_1_state_' id='label_ff_9_address_1_state_' aria-label=\"Estado\">Estado<\/label><\/div><div class='ff-el-input--content'><input type=\"text\" name=\"address_1[state]\" value=\"Florida\" id=\"ff_9_address_1_state_\" class=\"ff-el-form-control\" placeholder=\"Estado\" data-key_name=\"state\"  aria-invalid=\"false\" aria-required=\"false\/\"><\/div><\/div><\/div><\/div><div class='ff-t-container'><div class='ff-t-cell'><div class='ff-el-group'><div class=\"ff-el-input--label asterisk-right\"><label for='ff_9_address_1_zip_' id='label_ff_9_address_1_zip_' aria-label=\"C\u00f3digo postal\">C\u00f3digo postal<\/label><\/div><div class='ff-el-input--content'><input type=\"text\" name=\"address_1[zip]\" id=\"ff_9_address_1_zip_\" class=\"ff-el-form-control\" placeholder=\"Cremallera\" data-key_name=\"zip\"  aria-invalid=\"false\" aria-required=\"false\/\"><\/div><\/div><\/div><div class='ff-t-cell'><div class='ff-el-group'><div class=\"ff-el-input--label asterisk-right\"><label for='ff_9_address_1_country_' id='label_ff_9_address_1_country_' aria-label=\"Pa\u00eds\">Pa\u00eds<\/label><\/div><div class='ff-el-input--content'><select name=\"address_1[country]\" id=\"ff_9_address_1_country_\" class=\"ff-el-form-control\" placeholder=\"Select Country\" data-key_name=\"country\" aria-invalid='false' aria-required=\"false\"><option value=''>Seleccionar pa\u00eds<\/option><option value='US' selected>Estados Unidos (EE.UU.)<\/option><\/select><\/div><\/div><\/div><\/div><\/div><\/div><div class='ff-el-group'><div class=\"ff-el-input--label asterisk-right\"><label for='ff_9_numeric-field' id='label_ff_9_numeric-field' aria-label=\"N\u00famero de tel\u00e9fono\">N\u00famero de tel\u00e9fono<\/label><\/div><div class='ff-el-input--content'><input type=\"number\" name=\"numeric-field\" id=\"ff_9_numeric-field\" class=\"ff-el-form-control\" data-name=\"numeric-field\" inputmode=\"numeric\" step=\"any\"  aria-invalid=\"false\" aria-required=\"false\/\"><\/div><\/div><div class='ff-el-group'><div class=\"ff-el-input--label asterisk-right\"><label for='ff_9_email' id='label_ff_9_email' aria-label=\"Correo electr\u00f3nico\">Correo electr\u00f3nico<\/label><\/div><div class='ff-el-input--content'><input type=\"email\" name=\"email\" id=\"ff_9_email\" class=\"ff-el-form-control\" placeholder=\"Direcci\u00f3n de correo electr\u00f3nico\" data-name=\"email\"  aria-invalid=\"false\" aria-required=\"false\/\"><\/div><\/div><div class='ff-el-group'><div class=\"ff-el-input--label asterisk-right\"><label   aria-label=\"Estoy interesado en:\">Estoy interesado en:<\/label><\/div><div class='ff-el-input--content'><div class='ff-el-form-check ff-el-form-check-'><label class='ff-el-form-check-label' for='checkbox_b2275a0117ad38262b0b38ec211409a2'><input type=\"checkbox\" name=\"checkbox[]\" data-name=\"checkbox\" class=\"ff-el-form-check-input ff-el-form-check-checkbox\" value=\"Home Propane Services\"  id='checkbox_b2275a0117ad38262b0b38ec211409a2' aria-label='Servicios de propano para el hogar' aria-invalid='false' aria-required=\"false\/\"> <span>Servicios de propano para el hogar<\/span><\/label><\/div><div class='ff-el-form-check ff-el-form-check-'><label class='ff-el-form-check-label' for='checkbox_7d7be00c988766838f2cb72d619a34af'><input type=\"checkbox\" name=\"checkbox[]\" data-name=\"checkbox\" class=\"ff-el-form-check-input ff-el-form-check-checkbox\" value=\"Commercial Propane Services\"  id='checkbox_7d7be00c988766838f2cb72d619a34af' aria-label='Servicios comerciales de propano' aria-invalid='false' aria-required=\"false\/\"> <span>Servicios comerciales de propano<\/span><\/label><\/div><\/div><\/div><div class='ff-el-group'><div class=\"ff-el-input--label asterisk-right\"><label for='ff_9_description' id='label_ff_9_description' aria-label=\"Preguntas \/ Comentarios\">Preguntas \/ Comentarios<\/label><\/div><div class='ff-el-input--content'><textarea aria-required=\"false\" aria-labelledby=\"label_ff_9_description\" name=\"description\" id=\"ff_9_description\" class=\"ff-el-form-control\" rows=\"3\" cols=\"2\" maxlength=\"500\" data-name=\"description\"><\/textarea><\/div><\/div><div class='ff-el-group ff-text-left ff_submit_btn_wrapper'><button type=\"submit\" class=\"ff-btn ff-btn-submit ff-btn-md ff_btn_style\"  aria-label=\"Enviar formulario\">Enviar formulario<\/button><\/div><\/fieldset><input type=\"hidden\" name=\"trp-form-language\" value=\"es\"\/><\/form><div id='fluentform_9_errors' class='ff-errors-in-stack ff_form_instance_9_1 ff-form-loading_errors ff_form_instance_9_1_errors'><\/div><\/div>            <script type=\"text\/javascript\">\n                window.fluent_form_ff_form_instance_9_1 = {\"id\":\"9\",\"settings\":{\"layout\":{\"labelPlacement\":\"top\",\"helpMessagePlacement\":\"with_label\",\"errorMessagePlacement\":\"inline\",\"cssClassName\":\"\",\"asteriskPlacement\":\"asterisk-right\"},\"restrictions\":{\"denyEmptySubmission\":{\"enabled\":false}}},\"form_instance\":\"ff_form_instance_9_1\",\"form_id_selector\":\"fluentform_9\",\"rules\":{\"names[first_name]\":{\"required\":{\"value\":false,\"message\":\"This field is required\",\"global_message\":\"This field is required\",\"global\":true}},\"names[middle_name]\":{\"required\":{\"value\":false,\"message\":\"This field is required\",\"global_message\":\"This field is required\",\"global\":true}},\"names[last_name]\":{\"required\":{\"value\":false,\"message\":\"This field is required\",\"global_message\":\"This field is required\",\"global\":true}},\"address_1[address_line_1]\":{\"required\":{\"value\":false,\"message\":\"This field is required\",\"global_message\":\"This field is required\",\"global\":true}},\"address_1[address_line_2]\":{\"required\":{\"value\":false,\"message\":\"This field is required\",\"global_message\":\"This field is required\",\"global\":true}},\"address_1[city]\":{\"required\":{\"value\":false,\"message\":\"This field is required\",\"global_message\":\"This field is required\",\"global\":true}},\"address_1[state]\":{\"required\":{\"value\":false,\"message\":\"This field is required\",\"global_message\":\"This field is required\",\"global\":true}},\"address_1[zip]\":{\"required\":{\"value\":false,\"message\":\"This field is required\",\"global_message\":\"This field is required\",\"global\":true}},\"address_1[country]\":{\"required\":{\"value\":false,\"message\":\"This field is required\",\"global_message\":\"This field is required\",\"global\":true}},\"numeric-field\":{\"required\":{\"value\":false,\"message\":\"This field is required\",\"global_message\":\"This field is required\",\"global\":true},\"numeric\":{\"value\":true,\"message\":\"This field must contain numeric value\",\"global_message\":\"This field must contain numeric value\",\"global\":true},\"min\":{\"value\":\"\",\"message\":\"Validation fails for minimum value\",\"global_message\":\"Validation fails for minimum value\",\"global\":true},\"max\":{\"value\":\"\",\"message\":\"Validation fails for maximum value\",\"global_message\":\"Validation fails for maximum value\",\"global\":true},\"digits\":{\"value\":\"\",\"message\":\"Validation fails for limited digits\",\"global_message\":\"Validation fails for limited digits\",\"global\":true}},\"email\":{\"required\":{\"value\":false,\"message\":\"This field is required\",\"global_message\":\"This field is required\",\"global\":true},\"email\":{\"value\":true,\"message\":\"This field must contain a valid email\",\"global_message\":\"This field must contain a valid email\",\"global\":true}},\"checkbox\":{\"required\":{\"value\":false,\"message\":\"This field is required\",\"global_message\":\"This field is required\",\"global\":true}},\"description\":{\"required\":{\"value\":false,\"message\":\"This field is required\",\"global_message\":\"This field is required\",\"global\":true}}},\"debounce_time\":300};\n                            <\/script>\n            \n<\/div>","protected":false},"excerpt":{"rendered":"<p>Propane Services for Food Trucks Miami Gas helps you grow your business. In a vibrant, bustling area like South Florida, food trucks are a popular choice for everyone from office workers to construction crews to tourists, with more than 300 food trucks serving Miami alone. Food trucks are popular because they give people access to [&hellip;]<\/p>","protected":false},"author":4,"featured_media":0,"parent":25,"menu_order":0,"comment_status":"closed","ping_status":"closed","template":"","meta":{"footnotes":""},"class_list":["post-718","page","type-page","status-publish","hentry"],"_links":{"self":[{"href":"https:\/\/miamigas.com\/es\/wp-json\/wp\/v2\/pages\/718","targetHints":{"allow":["GET"]}}],"collection":[{"href":"https:\/\/miamigas.com\/es\/wp-json\/wp\/v2\/pages"}],"about":[{"href":"https:\/\/miamigas.com\/es\/wp-json\/wp\/v2\/types\/page"}],"author":[{"embeddable":true,"href":"https:\/\/miamigas.com\/es\/wp-json\/wp\/v2\/users\/4"}],"replies":[{"embeddable":true,"href":"https:\/\/miamigas.com\/es\/wp-json\/wp\/v2\/comments?post=718"}],"version-history":[{"count":118,"href":"https:\/\/miamigas.com\/es\/wp-json\/wp\/v2\/pages\/718\/revisions"}],"predecessor-version":[{"id":839,"href":"https:\/\/miamigas.com\/es\/wp-json\/wp\/v2\/pages\/718\/revisions\/839"}],"up":[{"embeddable":true,"href":"https:\/\/miamigas.com\/es\/wp-json\/wp\/v2\/pages\/25"}],"wp:attachment":[{"href":"https:\/\/miamigas.com\/es\/wp-json\/wp\/v2\/media?parent=718"}],"curies":[{"name":"wp","href":"https:\/\/api.w.org\/{rel}","templated":true}]}}