{"id":652,"date":"2024-11-25T09:51:50","date_gmt":"2024-11-25T14:51:50","guid":{"rendered":"https:\/\/www.miamigas.com\/?page_id=652"},"modified":"2024-12-18T10:48:46","modified_gmt":"2024-12-18T15:48:46","slug":"holiday-special","status":"publish","type":"page","link":"https:\/\/miamigas.com\/es\/customer-service\/holiday-special\/","title":{"rendered":"Oferta especial de vacaciones: pedido de combustible"},"content":{"rendered":"<h1>Ordene propano ahora<\/h1>\n<p><img loading=\"lazy\" decoding=\"async\" src=\"\/wp-content\/uploads\/2024\/12\/MGHoliday-scaled.jpg\" alt=\"Order Propane Delivery\" width=\"531\" height=\"376\" class=\"alignright\" \/><\/p>\n<h2>Disfrute de nuestras ofertas especiales de vacaciones: \u00a1solo por tiempo limitado!<\/h2>\n<p>Esta temporada navide\u00f1a, Miami Gas hace que sea a\u00fan m\u00e1s f\u00e1cil obtener el propano que necesita para su hogar en el sur de Florida.<\/p>\n<p>    Oferta especial de vacaciones: \u00a1Propano por S\u00d3LO $1,99 por gal\u00f3n!*<br \/>\n    Comprobaci\u00f3n de fugas GRATUITA despu\u00e9s de la compra: \u00a1un valor de $199!<\/p>\n<p>\u00a1Complete el formulario a continuaci\u00f3n para aprovechar estas ofertas exclusivas antes de que se acaben!<\/p>\n<p>\u00bfQuieres m\u00e1s tranquilidad? Suscr\u00edbete a la Entrega Autom\u00e1tica y disfruta de gas propano inal\u00e1mbrico <a href=\"https:\/\/miamigas.com\/es\/residential-propane\/tanks-monitoring\/\" title=\"monitoreo del tanque\">monitoreo del tanque<\/a> Para que nunca te quedes sin combustible.<\/p>\n<p><a href=\"\/es\/ordenar-holiday-special\/\" class=\"btn btn-primo\">Haga clic aqu\u00ed para espa\u00f1ol \/ Presione aqu\u00ed para espa\u00f1ol<\/a><\/p>\n<div class='fluentform ff-default fluentform_wrapper_13 ffs_default_wrap'><form data-form_id=\"13\" id=\"fluentform_13\" class=\"frm-fluent-form fluent_form_13 ff-el-form-top ff_form_instance_13_1 ff-form-loading ff-form-has-steps ffs_default\" data-form_instance=\"ff_form_instance_13_1\" method=\"POST\" action=\"\"><fieldset  style=\"border: none!important;margin: 0!important;padding: 0!important;background-color: transparent!important;box-shadow: none!important;outline: none!important; min-inline-size: 100%;\">\n                    <legend class=\"ff_screen_reader_title\" style=\"display: block; margin: 0!important;padding: 0!important;height: 0!important;text-indent: -999999px;width: 0!important;overflow:hidden;\">Pedido MG - Oferta especial de vacaciones 2024<\/legend><input type='hidden' name='__fluent_form_embded_post_id' value='652' \/><input type=\"hidden\" id=\"_fluentform_13_fluentformnonce\" name=\"_fluentform_13_fluentformnonce\" value=\"f93490f1ac\" \/><input type=\"hidden\" name=\"_wp_http_referer\" value=\"\/es\/wp-json\/wp\/v2\/pages\/652\" \/><div class='ff-step-container' data-name=\"step_start-13_2\" data-disable_auto_focus=\"no\" data-enable_auto_slider=\"no\" data-enable_step_data_persistency=\"yes\" data-enable_step_page_resume=\"yes\" data-animation_type=\"slide\"><div class='ff-step-header'><div class='ff-el-progress-status' aria-live='polite'><\/div>\n            <div class='ff-el-progress'>\n                <div role='progressbar'  class='ff-el-progress-bar'><span><\/span><\/div>\n            <\/div>\n            <ul style='display: none' class='ff-el-progress-title'>\n                <li>Cu\u00e9ntanos acerca de t\u00ed<\/li><li>como podemos ayudarte?<\/li>\n            <\/ul><\/div><span class='ff_step_start'><\/span><div class='ff-step-body'><div class=\"fluentform-step active\" data-name=\"step_start-13_2\" data-disable_auto_focus=\"no\" data-enable_auto_slider=\"no\" data-enable_step_data_persistency=\"yes\" data-enable_step_page_resume=\"yes\" data-animation_type=\"slide\"><div class='ff-el-group'><div class=\"ff-el-input--label ff-el-is-required asterisk-right\"><label for='ff_13_referralsource' id='label_ff_13_referralsource' aria-label=\"\u00bfC\u00f3mo se enter\u00f3 de nosotros?\">C\u00f3mo escuchaste <a href=\"https:\/\/miamigas.com\/es\/about-us\/\" title=\"sobre nosotros\">sobre nosotros<\/a>?<\/label><\/div><div class='ff-el-input--content'><select name=\"referralsource\" id=\"ff_13_referralsource\" class=\"ff-el-form-control\" data-name=\"referralsource\" data-calc_value=\"0\"  aria-invalid=\"false\" aria-required=\"true\" aria-labelledby=\"label_ff_13_referralsource\"><option value=\"\">Por favor, seleccione uno<\/option><option value=\"I am an existing current customer\">Soy un cliente actual<\/option><option value=\"I am a former customer\">soy un ex cliente<\/option><option value=\"Referred by a friend\">Referencia de un amigo<\/option><option value=\"I know someone that works at Miami Gas\">Conozco a alguien que trabaja en Miami Gas<\/option><option value=\"Referred by a local company\">Referido por una empresa local.<\/option><option value=\"Google\">Google<\/option><option value=\"I received a postcard in the mail\">Recib\u00ed una postal por correo<\/option><option value=\"Internal\">Interno<\/option><option value=\"Other\">Otro<\/option><\/select><\/div><\/div><div class='ff-el-group'><div class=\"ff-el-input--label asterisk-right\"><label for='ff_13_clientcompanyname' id='label_ff_13_clientcompanyname'>nombre de empresa<\/label><\/div><div class='ff-el-input--content'><input type=\"text\" name=\"clientcompanyname\" class=\"ff-el-form-control\" placeholder=\"Acme Co.\" data-name=\"clientcompanyname\" id=\"ff_13_clientcompanyname\"  aria-invalid=\"false\" aria-required=\"false\/\"><\/div><\/div><div data-type=\"name-element\" data-name=\"names\" class=\"ff-field_container ff-name-field-wrapper\"><div class='ff-t-container'><div class='ff-t-cell'><div class='ff-el-group'><div class=\"ff-el-input--label ff-el-is-required asterisk-right\"><label for='ff_13_names_first_name_' id='label_ff_13_names_first_name_'>Nombre de pila<\/label><\/div><div class='ff-el-input--content'><input type=\"text\" name=\"names[first_name]\" id=\"ff_13_names_first_name_\" class=\"ff-el-form-control\" placeholder=\"Nombre de pila\" aria-invalid=\"false\" aria-required=\"true\/\"><\/div><\/div><\/div><div class='ff-t-cell'><div class='ff-el-group'><div class=\"ff-el-input--label ff-el-is-required asterisk-right\"><label for='ff_13_names_last_name_' id='label_ff_13_names_last_name_'>Apellido<\/label><\/div><div class='ff-el-input--content'><input type=\"text\" name=\"names[last_name]\" id=\"ff_13_names_last_name_\" class=\"ff-el-form-control\" placeholder=\"Apellido\" aria-invalid=\"false\" aria-required=\"true\/\"><\/div><\/div><\/div><\/div><\/div><div data-name=\"ff_cn_id_1\"  class='ff-t-container ff-column-container ff_columns_total_2 has-conditions'><div class='ff-t-cell ff-t-column-1' style='flex-basis: 50%;'><div class='ff-el-group'><div class=\"ff-el-input--label ff-el-is-required asterisk-right\"><label for='ff_13_clientaddress' id='label_ff_13_clientaddress' aria-label=\"Direcci\u00f3n\">Direcci\u00f3n<\/label><\/div><div class='ff-el-input--content'><input type=\"text\" name=\"clientaddress\" class=\"ff-el-form-control\" data-name=\"clientaddress\" id=\"ff_13_clientaddress\"  aria-invalid=\"false\" aria-required=\"true\/\"><\/div><\/div><\/div><div class='ff-t-cell ff-t-column-2' style='flex-basis: 50%;'><div class='ff-el-group'><div class=\"ff-el-input--label asterisk-right\"><label for='ff_13_clientunit' id='label_ff_13_clientunit' aria-label=\"Unidad #\">Unidad #<\/label><\/div><div class='ff-el-input--content'><input type=\"text\" name=\"clientunit\" class=\"ff-el-form-control\" data-name=\"clientunit\" id=\"ff_13_clientunit\"  aria-invalid=\"false\" aria-required=\"false\/\"><\/div><\/div><\/div><\/div><div data-name=\"ff_cn_id_2\"  class='ff-t-container ff-column-container ff_columns_total_3 has-conditions'><div class='ff-t-cell ff-t-column-1' style='flex-basis: 34%;'><div class='ff-el-group'><div class=\"ff-el-input--label ff-el-is-required asterisk-right\"><label for='ff_13_clientcity' id='label_ff_13_clientcity' aria-label=\"Ciudad\">Ciudad<\/label><\/div><div class='ff-el-input--content'><input type=\"text\" name=\"clientcity\" class=\"ff-el-form-control\" data-name=\"clientcity\" id=\"ff_13_clientcity\"  aria-invalid=\"false\" aria-required=\"true\/\"><\/div><\/div><\/div><div class='ff-t-cell ff-t-column-2' style='flex-basis: 34%;'><div class='ff-el-group'><div class=\"ff-el-input--label ff-el-is-required asterisk-right\"><label for='ff_13_clientstate' id='label_ff_13_clientstate' aria-label=\"Estado\">Estado<\/label><\/div><div class='ff-el-input--content'><input type=\"text\" name=\"clientstate\" class=\"ff-el-form-control\" data-name=\"clientstate\" id=\"ff_13_clientstate\"  aria-invalid=\"false\" aria-required=\"true\/\"><\/div><\/div><\/div><div class='ff-t-cell ff-t-column-3' style='flex-basis: 34%;'><div class='ff-el-group'><div class=\"ff-el-input--label ff-el-is-required asterisk-right\"><label for='ff_13_clientzip' id='label_ff_13_clientzip' aria-label=\"Cremallera\">Cremallera<\/label><\/div><div class='ff-el-input--content'><input type=\"text\" name=\"clientzip\" class=\"ff-el-form-control\" data-name=\"clientzip\" id=\"ff_13_clientzip\"  aria-invalid=\"false\" aria-required=\"true\/\"><\/div><\/div><\/div><\/div><div class='ff-el-group has-conditions'><div class=\"ff-el-input--label ff-el-is-required asterisk-right\"><label for='ff_13_clientphone' id='label_ff_13_clientphone' aria-label=\"N\u00famero de tel\u00e9fono\">N\u00famero de tel\u00e9fono<\/label><\/div><div class='ff-el-input--content'><input type=\"text\" name=\"clientphone\" data-mask=\"(000) 000-0000\" class=\"ff-el-form-control\" data-name=\"clientphone\" id=\"ff_13_clientphone\"  aria-invalid=\"false\" aria-required=\"true\/\"><\/div><\/div><div class='ff-el-group has-conditions'><div class=\"ff-el-input--label ff-el-is-required asterisk-right\"><label for='ff_13_clientemail' id='label_ff_13_clientemail' aria-label=\"Correo electr\u00f3nico\">Correo electr\u00f3nico<\/label><\/div><div class='ff-el-input--content'><input type=\"email\" name=\"clientemail\" id=\"ff_13_clientemail\" class=\"ff-el-form-control\" placeholder=\"Direcci\u00f3n de correo electr\u00f3nico\" data-name=\"clientemail\"  aria-invalid=\"false\" aria-required=\"true\/\"><\/div><\/div><div class='step-nav ff_step_nav_last'><button style='float: left;'  type='button' data-action='prev' class='ff-btn ff-btn-prev ff-btn-secondary' aria-label='Anterior'>Anterior<\/button><button style='float: right;'  type='button' data-action='next' class='ff-float-right ff-btn ff-btn-next ff-btn-secondary' aria-label='Pr\u00f3ximo'>Pr\u00f3ximo<\/button><\/div><\/div><div style='display: none;' class=\"fluentform-step\" data-name=\"form_step-13_1\"><div class='ff-el-group has-conditions'><div class=\"ff-el-input--label ff-el-is-required asterisk-right\"><label for='ff_13_clientservicerequested' id='label_ff_13_clientservicerequested' aria-label=\"Servicio solicitado\">Servicio solicitado<\/label><\/div><div class='ff-el-input--content'><select name=\"clientservicerequested\" id=\"ff_13_clientservicerequested\" class=\"ff-el-form-control\" data-name=\"clientservicerequested\" data-calc_value=\"0\"  aria-invalid=\"false\" aria-required=\"true\" aria-labelledby=\"label_ff_13_clientservicerequested\"><option value=\"\">Por favor seleccione un servicio<\/option><option value=\"I need an estimate\">necesito un presupuesto<\/option><option value=\"Propane Gas Delivery\">Entrega de gas propano<\/option><option value=\"Generator Services\">Servicios de generador<\/option><option value=\"Forklift tank exchange\">Cambio de cisterna por carretilla elevadora<\/option><option value=\"Tank monitoring services\">Servicios de monitoreo de tanques<\/option><option value=\"Other\">Otro<\/option><\/select><\/div><\/div><div class='ff-el-group has-conditions'><div class=\"ff-el-input--label ff-el-is-required asterisk-right\"><label for='ff_13_estimatedescription' id='label_ff_13_estimatedescription' aria-label=\"\u00bfPara qu\u00e9 necesitas un presupuesto?\">\u00bfPara qu\u00e9 necesitas un presupuesto?<\/label><\/div><div class='ff-el-input--content'><textarea aria-required=\"true\" aria-labelledby=\"label_ff_13_estimatedescription\" name=\"estimatedescription\" id=\"ff_13_estimatedescription\" class=\"ff-el-form-control\" rows=\"3\" cols=\"2\" data-name=\"estimatedescription\"><\/textarea><\/div><\/div><div data-name=\"ff_cn_id_3\"  class='ff-t-container ff-column-container ff_columns_total_1 has-conditions'><div class='ff-t-cell ff-t-column-1' style='flex-basis: 100%;'><div class='ff-el-group'><div class=\"ff-el-input--label asterisk-right\"><label for='ff_13_tankqty' id='label_ff_13_tankqty' aria-label=\"Cuantos tanques tienes?\">Cuantos tanques tienes?<\/label><\/div><div class='ff-el-input--content'><select name=\"tankqty\" id=\"ff_13_tankqty\" class=\"ff-el-form-control\" data-name=\"tankqty\" data-calc_value=\"0\"  aria-invalid=\"false\" aria-required=\"false\" aria-labelledby=\"label_ff_13_tankqty\"><option value=\"\">Por favor seleccione una opci\u00f3n<\/option><option value=\"I&#039;m not sure\">No estoy seguro<\/option><option value=\"0\">0<\/option><option value=\"1\">1<\/option><option value=\"2\">2<\/option><option value=\"3\">3<\/option><option value=\"4\">4<\/option><option value=\"More than 4\">M\u00e1s de 4<\/option><\/select><\/div><\/div><div class='ff-el-group'><div class=\"ff-el-input--label asterisk-right\"><label for='ff_13_tanksize' id='label_ff_13_tanksize' aria-label=\"\u00bfQu\u00e9 tama\u00f1o de tanques tienes?\">\u00bfQu\u00e9 tama\u00f1o de tanques tienes?<\/label><\/div><div class='ff-el-input--content'><select name=\"tanksize\" id=\"ff_13_tanksize\" class=\"ff-el-form-control\" data-name=\"tanksize\" data-calc_value=\"0\"  aria-invalid=\"false\" aria-required=\"false\" aria-labelledby=\"label_ff_13_tanksize\"><option value=\"\">Por favor seleccione una opci\u00f3n<\/option><option value=\"I&#039;m not sure\">No estoy seguro<\/option><option value=\"100lb\">100 libras<\/option><option value=\"200lb\">200 libras<\/option><option value=\"100 gallons\">100 galones<\/option><option value=\"120 gallons\">120 galones<\/option><option value=\"250 gallons\">250 galones<\/option><option value=\"500 gallons\">500 galones<\/option><option value=\"1,000 gallons\">1.000 galones<\/option><\/select><\/div><\/div><div class='ff-el-group'><div class=\"ff-el-input--label asterisk-right\"><label for='ff_13_tankelevation' id='label_ff_13_tankelevation' aria-label=\"\u00bfEst\u00e1n sus tanques encima o bajo tierra?\">\u00bfEst\u00e1n sus tanques encima o bajo tierra?<\/label><\/div><div class='ff-el-input--content'><select name=\"tankelevation\" id=\"ff_13_tankelevation\" class=\"ff-el-form-control\" data-name=\"tankelevation\" data-calc_value=\"0\"  aria-invalid=\"false\" aria-required=\"false\" aria-labelledby=\"label_ff_13_tankelevation\"><option value=\"\">Por favor seleccione una opci\u00f3n<\/option><option value=\"I&#039;m not sure\">No estoy seguro<\/option><option value=\"Above ground\">sobre el suelo<\/option><option value=\"Below ground\">Bajo tierra<\/option><\/select><\/div><\/div><div class='ff-el-group'><div class=\"ff-el-input--label asterisk-right\"><label for='ff_13_tanklocation' id='label_ff_13_tanklocation' aria-label=\"\u00bfD\u00f3nde est\u00e1n ubicados tus tanques (si est\u00e1s parado y mirando hacia la puerta principal)?\">\u00bfD\u00f3nde est\u00e1n ubicados tus tanques (si est\u00e1s parado y mirando hacia la puerta principal)?<\/label><\/div><div class='ff-el-input--content'><select name=\"tanklocation\" id=\"ff_13_tanklocation\" class=\"ff-el-form-control\" data-name=\"tanklocation\" data-calc_value=\"0\"  aria-invalid=\"false\" aria-required=\"false\" aria-labelledby=\"label_ff_13_tanklocation\"><option value=\"\">Por favor seleccione una opci\u00f3n<\/option><option value=\"I&#039;m not sure\">No estoy seguro<\/option><option value=\"In the back, left side\">En la parte de atr\u00e1s, lado izquierdo<\/option><option value=\"In the back, right side\">En la parte de atr\u00e1s, lado derecho<\/option><option value=\"In the front, left side\">En el frente, lado izquierdo<\/option><option value=\"In the front, right side\">En el frente, lado derecho<\/option><\/select><\/div><\/div><\/div><\/div><div class='ff-el-group has-conditions'><div class=\"ff-el-input--label ff-el-is-required asterisk-right\"><label for='ff_13_servicerequested_other' id='label_ff_13_servicerequested_other' aria-label=\"como podemos ayudarte?\">como podemos ayudarte?<\/label><\/div><div class='ff-el-input--content'><textarea aria-required=\"true\" aria-labelledby=\"label_ff_13_servicerequested_other\" name=\"servicerequested_other\" id=\"ff_13_servicerequested_other\" class=\"ff-el-form-control\" rows=\"3\" cols=\"2\" data-name=\"servicerequested_other\"><\/textarea><\/div><\/div><div class='ff-el-group'><div class=\"ff-el-input--label asterisk-right\"><label for='ff_13_clientnotes' id='label_ff_13_clientnotes' aria-label=\"\u00bfHay algo m\u00e1s que quieras contarnos?\">\u00bfHay algo m\u00e1s que quieras contarnos?<\/label><\/div><div class='ff-el-input--content'><textarea aria-required=\"false\" aria-labelledby=\"label_ff_13_clientnotes\" name=\"clientnotes\" id=\"ff_13_clientnotes\" class=\"ff-el-form-control\" rows=\"3\" cols=\"2\" data-name=\"clientnotes\"><\/textarea><\/div><\/div>        <div class=\"ff-step-t-container ff-inner_submit_container ff-column-container ff_columns_total_2\">\n            <div class=\"ff-t-cell ff-t-column-1\"><div class='step-nav ff_step_nav_last'><button style='float: left;'  type='button' data-action='prev' class='ff-btn ff-btn-prev ff-btn-secondary' aria-label='Anterior'>Anterior<\/button><\/div><\/div>\n            <div class=\"ff-t-cell ff-t-column-2\">\n                <div class='ff-el-group ff-text-left ff_submit_btn_wrapper'><button type=\"submit\" class=\"ff-btn ff-btn-submit ff-btn-md ff_btn_style\"  aria-label=\"Enviar formulario\">Enviar formulario<\/button><\/div>            <\/div>\n        <\/div>\n        <\/div><\/div><\/div>\n        <\/fieldset><input type=\"hidden\" name=\"trp-form-language\" value=\"es\"\/><\/form><div id='fluentform_13_errors' class='ff-errors-in-stack ff_form_instance_13_1 ff-form-loading_errors ff_form_instance_13_1_errors'><\/div><\/div>            <script type=\"text\/javascript\">\n                window.fluent_form_ff_form_instance_13_1 = {\"id\":\"13\",\"settings\":{\"layout\":{\"labelPlacement\":\"top\",\"helpMessagePlacement\":\"with_label\",\"errorMessagePlacement\":\"inline\",\"cssClassName\":\"\",\"asteriskPlacement\":\"asterisk-right\"},\"restrictions\":{\"denyEmptySubmission\":{\"enabled\":false}}},\"form_instance\":\"ff_form_instance_13_1\",\"form_id_selector\":\"fluentform_13\",\"rules\":{\"referralsource\":{\"required\":{\"value\":true,\"message\":\"We'd love to know how you heard about Miami Gas\"}},\"clientcompanyname\":{\"required\":{\"value\":false,\"message\":\"This field is required\"}},\"names[first_name]\":{\"required\":{\"value\":true,\"message\":\"Please tell us your first name\"}},\"names[middle_name]\":{\"required\":{\"value\":false,\"message\":\"This field is required\"}},\"names[last_name]\":{\"required\":{\"value\":true,\"message\":\"Please tell us your last name\"}},\"clientaddress\":{\"required\":{\"value\":true,\"message\":\"This field is required\"}},\"clientunit\":{\"required\":{\"value\":false,\"message\":\"This field is required\"}},\"clientcity\":{\"required\":{\"value\":true,\"message\":\"This field is required\"}},\"clientstate\":{\"required\":{\"value\":true,\"message\":\"This field is required\"}},\"clientzip\":{\"required\":{\"value\":true,\"message\":\"This field is required\"}},\"clientphone\":{\"required\":{\"value\":true,\"message\":\"Please provide your phone number so that we can contact you quickly.\"}},\"clientemail\":{\"required\":{\"value\":true,\"message\":\"We require a valid email for all customers\"},\"email\":{\"value\":true,\"message\":\"We require a valid email for all customers\"}},\"clientservicerequested\":{\"required\":{\"value\":true,\"message\":\"Please tell us what you're looking for.\"}},\"estimatedescription\":{\"required\":{\"value\":true,\"message\":\"This field is required\"}},\"tankqty\":{\"required\":{\"value\":false,\"message\":\"This field is required\"}},\"tanksize\":{\"required\":{\"value\":false,\"message\":\"This field is required\"}},\"tankelevation\":{\"required\":{\"value\":false,\"message\":\"This field is required\"}},\"tanklocation\":{\"required\":{\"value\":false,\"message\":\"This field is required\"}},\"servicerequested_other\":{\"required\":{\"value\":true,\"message\":\"This field is required\"}},\"clientnotes\":{\"required\":{\"value\":false,\"message\":\"This field is required\"}}},\"debounce_time\":300,\"conditionals\":{\"ff_cn_id_1\":{\"type\":\"any\",\"status\":true,\"conditions\":[{\"field\":\"referralsource\",\"value\":\"I am an existing current customer\",\"operator\":\"!=\"}]},\"clientaddress\":{\"conditions\":[],\"status\":false,\"type\":\"any\",\"container_condition\":{\"type\":\"any\",\"status\":true,\"conditions\":[{\"field\":\"referralsource\",\"value\":\"I am an existing current customer\",\"operator\":\"!=\"}]}},\"clientunit\":{\"conditions\":[],\"status\":false,\"type\":\"any\",\"container_condition\":{\"type\":\"any\",\"status\":true,\"conditions\":[{\"field\":\"referralsource\",\"value\":\"I am an existing current customer\",\"operator\":\"!=\"}]}},\"ff_cn_id_2\":{\"type\":\"any\",\"status\":true,\"conditions\":[{\"field\":\"referralsource\",\"value\":\"I am an existing current customer\",\"operator\":\"!=\"}]},\"clientcity\":{\"conditions\":[],\"status\":false,\"type\":\"any\",\"container_condition\":{\"type\":\"any\",\"status\":true,\"conditions\":[{\"field\":\"referralsource\",\"value\":\"I am an existing current customer\",\"operator\":\"!=\"}]}},\"clientstate\":{\"conditions\":[],\"status\":false,\"type\":\"any\",\"container_condition\":{\"type\":\"any\",\"status\":true,\"conditions\":[{\"field\":\"referralsource\",\"value\":\"I am an existing current customer\",\"operator\":\"!=\"}]}},\"clientzip\":{\"conditions\":[],\"status\":false,\"type\":\"any\",\"container_condition\":{\"type\":\"any\",\"status\":true,\"conditions\":[{\"field\":\"referralsource\",\"value\":\"I am an existing current customer\",\"operator\":\"!=\"}]}},\"clientphone\":{\"type\":\"any\",\"status\":true,\"conditions\":[{\"field\":\"referralsource\",\"value\":\"I am an existing current customer\",\"operator\":\"!=\"}]},\"clientemail\":{\"type\":\"any\",\"status\":true,\"conditions\":[{\"field\":\"referralsource\",\"value\":\"I am an existing current customer\",\"operator\":\"!=\"}]},\"clientservicerequested\":{\"type\":\"any\",\"status\":true,\"conditions\":[{\"field\":\"referralsource\",\"value\":\"I am an existing current customer\",\"operator\":\"!=\"}]},\"estimatedescription\":{\"type\":\"any\",\"status\":true,\"conditions\":[{\"field\":\"clientservicerequested\",\"value\":\"I need an estimate\",\"operator\":\"=\"}]},\"ff_cn_id_3\":{\"type\":\"any\",\"status\":true,\"conditions\":[{\"field\":\"clientservicerequested\",\"value\":\"Propane Gas Delivery\",\"operator\":\"=\"}]},\"tankqty\":{\"conditions\":[],\"status\":false,\"type\":\"any\",\"container_condition\":{\"type\":\"any\",\"status\":true,\"conditions\":[{\"field\":\"clientservicerequested\",\"value\":\"Propane Gas Delivery\",\"operator\":\"=\"}]}},\"tanksize\":{\"conditions\":[],\"status\":false,\"type\":\"any\",\"container_condition\":{\"type\":\"any\",\"status\":true,\"conditions\":[{\"field\":\"clientservicerequested\",\"value\":\"Propane Gas Delivery\",\"operator\":\"=\"}]}},\"tankelevation\":{\"conditions\":[],\"status\":false,\"type\":\"any\",\"container_condition\":{\"type\":\"any\",\"status\":true,\"conditions\":[{\"field\":\"clientservicerequested\",\"value\":\"Propane Gas Delivery\",\"operator\":\"=\"}]}},\"tanklocation\":{\"conditions\":[],\"status\":false,\"type\":\"any\",\"container_condition\":{\"type\":\"any\",\"status\":true,\"conditions\":[{\"field\":\"clientservicerequested\",\"value\":\"Propane Gas Delivery\",\"operator\":\"=\"}]}},\"servicerequested_other\":{\"type\":\"any\",\"status\":true,\"conditions\":[{\"field\":\"clientservicerequested\",\"value\":\"Other\",\"operator\":\"=\"},{\"field\":\"referralsource\",\"value\":\"I am an existing current customer\",\"operator\":\"=\"}]}}};\n                            <\/script>\n            \n<p><span style=\"font-size:8pt;\"><br \/>\n*Descargo de responsabilidad: Oferta v\u00e1lida solo por tiempo limitado y se aplica a los participantes elegibles. <a href=\"https:\/\/miamigas.com\/es\/residential-propane\/propane-delivery\/\" title=\"propano residencial\">propano residencial<\/a> clientes que cumplan con los t\u00e9rminos y condiciones est\u00e1ndar de Miami Gas. Todos los servicios est\u00e1n sujetos a disponibilidad, regulaciones locales, estatales y federales aplicables y estado de la cuenta. El precio promocional del propano refleja ajustes de precios temporales para entregas calificadas, con tarifas sujetas a cambios sin previo aviso. Pueden aplicarse tarifas adicionales, impuestos y otros cargos aplicables. Se realizar\u00e1 una verificaci\u00f3n de seguridad integral, valorada en $199, despu\u00e9s del inicio del servicio, como parte del compromiso de Miami Gas con la seguridad del cliente. Esta oferta no se puede combinar con ning\u00fan otro programa promocional, incentivos o descuentos. Miami Gas se reserva el derecho de suspender, modificar o cancelar la promoci\u00f3n a su exclusivo criterio. Pueden aplicarse limitaciones, que incluyen, entre otras, que el precio promocional se aplique exclusivamente a la entrega inicial de combustible solo para clientes nuevos, y que las recargas posteriores se facturen a las tarifas est\u00e1ndar vigentes. La elegibilidad y la participaci\u00f3n requieren el cumplimiento de los protocolos de inspecci\u00f3n de seguridad y las pol\u00edticas de la empresa. Pueden aplicarse otros t\u00e9rminos y condiciones. Comun\u00edquese con su representante de Miami Gas para obtener detalles completos, restricciones y requisitos de elegibilidad.<\/span><\/p>","protected":false},"excerpt":{"rendered":"<p>Order Propane Now Enjoy Our Holiday Specials \u2013 Limited Time Only! This holiday season, Miami Gas makes it even easier to get the propane you need for your South Florida home. Holiday Special: Propane for ONLY $1.99 per gallon!* FREE Leak Check After Purchase \u2013 A $199 Value! Fill out the form below to take [&hellip;]<\/p>","protected":false},"author":2,"featured_media":0,"parent":59,"menu_order":3,"comment_status":"closed","ping_status":"closed","template":"","meta":{"footnotes":""},"class_list":["post-652","page","type-page","status-publish","hentry"],"_links":{"self":[{"href":"https:\/\/miamigas.com\/es\/wp-json\/wp\/v2\/pages\/652","targetHints":{"allow":["GET"]}}],"collection":[{"href":"https:\/\/miamigas.com\/es\/wp-json\/wp\/v2\/pages"}],"about":[{"href":"https:\/\/miamigas.com\/es\/wp-json\/wp\/v2\/types\/page"}],"author":[{"embeddable":true,"href":"https:\/\/miamigas.com\/es\/wp-json\/wp\/v2\/users\/2"}],"replies":[{"embeddable":true,"href":"https:\/\/miamigas.com\/es\/wp-json\/wp\/v2\/comments?post=652"}],"version-history":[{"count":10,"href":"https:\/\/miamigas.com\/es\/wp-json\/wp\/v2\/pages\/652\/revisions"}],"predecessor-version":[{"id":703,"href":"https:\/\/miamigas.com\/es\/wp-json\/wp\/v2\/pages\/652\/revisions\/703"}],"up":[{"embeddable":true,"href":"https:\/\/miamigas.com\/es\/wp-json\/wp\/v2\/pages\/59"}],"wp:attachment":[{"href":"https:\/\/miamigas.com\/es\/wp-json\/wp\/v2\/media?parent=652"}],"curies":[{"name":"wp","href":"https:\/\/api.w.org\/{rel}","templated":true}]}}