{"id":65,"date":"2023-09-06T18:36:12","date_gmt":"2023-09-06T22:36:12","guid":{"rendered":"http:\/\/miamigas.com\/customer-service\/order-fuel\/"},"modified":"2024-02-07T19:42:47","modified_gmt":"2024-02-08T00:42:47","slug":"order-fuel","status":"publish","type":"page","link":"https:\/\/miamigas.com\/es\/customer-service\/order-fuel\/","title":{"rendered":"Ordenar combustible"},"content":{"rendered":"<h1>Ordenar combustible<\/h1>\n<p><img loading=\"lazy\" decoding=\"async\" src=\"\/wp-content\/uploads\/2023\/09\/OrderFuel1.jpg\" alt=\"\" width=\"531\" height=\"376\" class=\"alignright\" \/><\/p>\n<h2>\u00a1Miami Gas se asegura de que siempre tenga el propano que necesita!<\/h2>\n<p>En Miami Gas, hacemos que sea f\u00e1cil llevar propano a su hogar en el sur de Florida. Complete el siguiente formulario para realizar su pedido.<\/p>\n<p>\u00bfQuiere tener absoluta certeza sobre su suministro de propano? Reg\u00edstrese para entrega autom\u00e1tica y propano inal\u00e1mbrico <a href=\"https:\/\/miamigas.com\/es\/residential-propane\/tanks-monitoring\/\" title=\"monitoreo del tanque\">monitoreo del tanque<\/a>!<\/p>\n<p><a href=\"\/es\/ordenar\/\" class=\"btn btn-primo\">Presiona aqu\u00ed para espa\u00f1ol.<\/a><\/p>\n<div class='fluentform ff-default fluentform_wrapper_7 ffs_default_wrap'><form data-form_id=\"7\" id=\"fluentform_7\" class=\"frm-fluent-form fluent_form_7 ff-el-form-top ff_form_instance_7_1 ff-form-loading ff-form-has-steps ffs_default\" data-form_instance=\"ff_form_instance_7_1\" method=\"POST\" action=\"\"><fieldset  style=\"border: none!important;margin: 0!important;padding: 0!important;background-color: transparent!important;box-shadow: none!important;outline: none!important; min-inline-size: 100%;\">\n                    <legend class=\"ff_screen_reader_title\" style=\"display: block; margin: 0!important;padding: 0!important;height: 0!important;text-indent: -999999px;width: 0!important;overflow:hidden;\">Formulario de pedido de MG en ingl\u00e9s<\/legend><input type='hidden' name='__fluent_form_embded_post_id' value='65' \/><input type=\"hidden\" id=\"_fluentform_7_fluentformnonce\" name=\"_fluentform_7_fluentformnonce\" value=\"f93490f1ac\" \/><input type=\"hidden\" name=\"_wp_http_referer\" value=\"\/es\/wp-json\/wp\/v2\/pages\/65\" \/><div class='ff-step-container' data-name=\"step_start-7_2\" data-disable_auto_focus=\"no\" data-enable_auto_slider=\"no\" data-enable_step_data_persistency=\"yes\" data-enable_step_page_resume=\"yes\" data-animation_type=\"slide\"><div class='ff-step-header'><div class='ff-el-progress-status' aria-live='polite'><\/div>\n            <div class='ff-el-progress'>\n                <div role='progressbar'  class='ff-el-progress-bar'><span><\/span><\/div>\n            <\/div>\n            <ul style='display: none' class='ff-el-progress-title'>\n                <li>Cu\u00e9ntanos acerca de t\u00ed<\/li><li>como podemos ayudarte?<\/li>\n            <\/ul><\/div><span class='ff_step_start'><\/span><div class='ff-step-body'><div class=\"fluentform-step active\" data-name=\"step_start-7_2\" data-disable_auto_focus=\"no\" data-enable_auto_slider=\"no\" data-enable_step_data_persistency=\"yes\" data-enable_step_page_resume=\"yes\" data-animation_type=\"slide\"><div class='ff-el-group'><div class=\"ff-el-input--label ff-el-is-required asterisk-right\"><label for='ff_7_referralsource' id='label_ff_7_referralsource' aria-label=\"\u00bfC\u00f3mo se enter\u00f3 de nosotros?\">C\u00f3mo escuchaste <a href=\"https:\/\/miamigas.com\/es\/about-us\/\" title=\"sobre nosotros\">sobre nosotros<\/a>?<\/label><\/div><div class='ff-el-input--content'><select name=\"referralsource\" id=\"ff_7_referralsource\" class=\"ff-el-form-control\" data-name=\"referralsource\" data-calc_value=\"0\"  aria-invalid=\"false\" aria-required=\"true\" aria-labelledby=\"label_ff_7_referralsource\"><option value=\"\">Por favor, seleccione uno<\/option><option value=\"I am an existing current customer\">Soy un cliente actual<\/option><option value=\"I am a former customer\">soy un ex cliente<\/option><option value=\"Referred by a friend\">Referencia de un amigo<\/option><option value=\"I know someone that works at Miami Gas\">Conozco a alguien que trabaja en Miami Gas<\/option><option value=\"Referred by a local company\">Referido por una empresa local.<\/option><option value=\"Google\">Google<\/option><option value=\"I received a postcard in the mail\">Recib\u00ed una postal por correo<\/option><option value=\"Internal\">Interno<\/option><option value=\"Other\">Otro<\/option><\/select><\/div><\/div><div class='ff-el-group'><div class=\"ff-el-input--label asterisk-right\"><label for='ff_7_clientcompanyname' id='label_ff_7_clientcompanyname'>nombre de empresa<\/label><\/div><div class='ff-el-input--content'><input type=\"text\" name=\"clientcompanyname\" class=\"ff-el-form-control\" placeholder=\"Acme Co.\" data-name=\"clientcompanyname\" id=\"ff_7_clientcompanyname\"  aria-invalid=\"false\" aria-required=\"false\/\"><\/div><\/div><div data-type=\"name-element\" data-name=\"names\" class=\"ff-field_container ff-name-field-wrapper\"><div class='ff-t-container'><div class='ff-t-cell'><div class='ff-el-group'><div class=\"ff-el-input--label ff-el-is-required asterisk-right\"><label for='ff_7_names_first_name_' id='label_ff_7_names_first_name_'>Nombre de pila<\/label><\/div><div class='ff-el-input--content'><input type=\"text\" name=\"names[first_name]\" id=\"ff_7_names_first_name_\" class=\"ff-el-form-control\" placeholder=\"Nombre de pila\" aria-invalid=\"false\" aria-required=\"true\/\"><\/div><\/div><\/div><div class='ff-t-cell'><div class='ff-el-group'><div class=\"ff-el-input--label ff-el-is-required asterisk-right\"><label for='ff_7_names_last_name_' id='label_ff_7_names_last_name_'>Apellido<\/label><\/div><div class='ff-el-input--content'><input type=\"text\" name=\"names[last_name]\" id=\"ff_7_names_last_name_\" class=\"ff-el-form-control\" placeholder=\"Apellido\" aria-invalid=\"false\" aria-required=\"true\/\"><\/div><\/div><\/div><\/div><\/div><div data-name=\"ff_cn_id_1\"  class='ff-t-container ff-column-container ff_columns_total_2 has-conditions'><div class='ff-t-cell ff-t-column-1' style='flex-basis: 50%;'><div class='ff-el-group'><div class=\"ff-el-input--label ff-el-is-required asterisk-right\"><label for='ff_7_clientaddress' id='label_ff_7_clientaddress' aria-label=\"Direcci\u00f3n\">Direcci\u00f3n<\/label><\/div><div class='ff-el-input--content'><input type=\"text\" name=\"clientaddress\" class=\"ff-el-form-control\" data-name=\"clientaddress\" id=\"ff_7_clientaddress\"  aria-invalid=\"false\" aria-required=\"true\/\"><\/div><\/div><\/div><div class='ff-t-cell ff-t-column-2' style='flex-basis: 50%;'><div class='ff-el-group'><div class=\"ff-el-input--label asterisk-right\"><label for='ff_7_clientunit' id='label_ff_7_clientunit' aria-label=\"Unidad #\">Unidad #<\/label><\/div><div class='ff-el-input--content'><input type=\"text\" name=\"clientunit\" class=\"ff-el-form-control\" data-name=\"clientunit\" id=\"ff_7_clientunit\"  aria-invalid=\"false\" aria-required=\"false\/\"><\/div><\/div><\/div><\/div><div data-name=\"ff_cn_id_2\"  class='ff-t-container ff-column-container ff_columns_total_3 has-conditions'><div class='ff-t-cell ff-t-column-1' style='flex-basis: 34%;'><div class='ff-el-group'><div class=\"ff-el-input--label ff-el-is-required asterisk-right\"><label for='ff_7_clientcity' id='label_ff_7_clientcity' aria-label=\"Ciudad\">Ciudad<\/label><\/div><div class='ff-el-input--content'><input type=\"text\" name=\"clientcity\" class=\"ff-el-form-control\" data-name=\"clientcity\" id=\"ff_7_clientcity\"  aria-invalid=\"false\" aria-required=\"true\/\"><\/div><\/div><\/div><div class='ff-t-cell ff-t-column-2' style='flex-basis: 34%;'><div class='ff-el-group'><div class=\"ff-el-input--label ff-el-is-required asterisk-right\"><label for='ff_7_clientstate' id='label_ff_7_clientstate' aria-label=\"Estado\">Estado<\/label><\/div><div class='ff-el-input--content'><input type=\"text\" name=\"clientstate\" class=\"ff-el-form-control\" data-name=\"clientstate\" id=\"ff_7_clientstate\"  aria-invalid=\"false\" aria-required=\"true\/\"><\/div><\/div><\/div><div class='ff-t-cell ff-t-column-3' style='flex-basis: 34%;'><div class='ff-el-group'><div class=\"ff-el-input--label ff-el-is-required asterisk-right\"><label for='ff_7_clientzip' id='label_ff_7_clientzip' aria-label=\"Cremallera\">Cremallera<\/label><\/div><div class='ff-el-input--content'><input type=\"text\" name=\"clientzip\" class=\"ff-el-form-control\" data-name=\"clientzip\" id=\"ff_7_clientzip\"  aria-invalid=\"false\" aria-required=\"true\/\"><\/div><\/div><\/div><\/div><div class='ff-el-group has-conditions'><div class=\"ff-el-input--label ff-el-is-required asterisk-right\"><label for='ff_7_clientphone' id='label_ff_7_clientphone' aria-label=\"N\u00famero de tel\u00e9fono\">N\u00famero de tel\u00e9fono<\/label><\/div><div class='ff-el-input--content'><input type=\"text\" name=\"clientphone\" data-mask=\"(000) 000-0000\" class=\"ff-el-form-control\" data-name=\"clientphone\" id=\"ff_7_clientphone\"  aria-invalid=\"false\" aria-required=\"true\/\"><\/div><\/div><div class='ff-el-group has-conditions'><div class=\"ff-el-input--label ff-el-is-required asterisk-right\"><label for='ff_7_clientemail' id='label_ff_7_clientemail' aria-label=\"Correo electr\u00f3nico\">Correo electr\u00f3nico<\/label><\/div><div class='ff-el-input--content'><input type=\"email\" name=\"clientemail\" id=\"ff_7_clientemail\" class=\"ff-el-form-control\" placeholder=\"Direcci\u00f3n de correo electr\u00f3nico\" data-name=\"clientemail\"  aria-invalid=\"false\" aria-required=\"true\/\"><\/div><\/div><div class='step-nav ff_step_nav_last'><button style='float: left;'  type='button' data-action='prev' class='ff-btn ff-btn-prev ff-btn-secondary' aria-label='Anterior'>Anterior<\/button><button style='float: right;'  type='button' data-action='next' class='ff-float-right ff-btn ff-btn-next ff-btn-secondary' aria-label='Pr\u00f3ximo'>Pr\u00f3ximo<\/button><\/div><\/div><div style='display: none;' class=\"fluentform-step\" data-name=\"form_step-7_1\"><div class='ff-el-group has-conditions'><div class=\"ff-el-input--label ff-el-is-required asterisk-right\"><label for='ff_7_clientservicerequested' id='label_ff_7_clientservicerequested' aria-label=\"Servicio solicitado\">Servicio solicitado<\/label><\/div><div class='ff-el-input--content'><select name=\"clientservicerequested\" id=\"ff_7_clientservicerequested\" class=\"ff-el-form-control\" data-name=\"clientservicerequested\" data-calc_value=\"0\"  aria-invalid=\"false\" aria-required=\"true\" aria-labelledby=\"label_ff_7_clientservicerequested\"><option value=\"\">Por favor seleccione un servicio<\/option><option value=\"I need an estimate\">necesito un presupuesto<\/option><option value=\"Propane Gas Delivery\">Entrega de gas propano<\/option><option value=\"Generator Services\">Servicios de generador<\/option><option value=\"Forklift tank exchange\">Cambio de cisterna por carretilla elevadora<\/option><option value=\"Tank monitoring services\">Servicios de monitoreo de tanques<\/option><option value=\"Other\">Otro<\/option><\/select><\/div><\/div><div class='ff-el-group has-conditions'><div class=\"ff-el-input--label ff-el-is-required asterisk-right\"><label for='ff_7_estimatedescription' id='label_ff_7_estimatedescription' aria-label=\"\u00bfPara qu\u00e9 necesitas un presupuesto?\">\u00bfPara qu\u00e9 necesitas un presupuesto?<\/label><\/div><div class='ff-el-input--content'><textarea aria-required=\"true\" aria-labelledby=\"label_ff_7_estimatedescription\" name=\"estimatedescription\" id=\"ff_7_estimatedescription\" class=\"ff-el-form-control\" rows=\"3\" cols=\"2\" data-name=\"estimatedescription\"><\/textarea><\/div><\/div><div data-name=\"ff_cn_id_3\"  class='ff-t-container ff-column-container ff_columns_total_1 has-conditions'><div class='ff-t-cell ff-t-column-1' style='flex-basis: 100%;'><div class='ff-el-group'><div class=\"ff-el-input--label asterisk-right\"><label for='ff_7_tankqty' id='label_ff_7_tankqty' aria-label=\"Cuantos tanques tienes?\">Cuantos tanques tienes?<\/label><\/div><div class='ff-el-input--content'><select name=\"tankqty\" id=\"ff_7_tankqty\" class=\"ff-el-form-control\" data-name=\"tankqty\" data-calc_value=\"0\"  aria-invalid=\"false\" aria-required=\"false\" aria-labelledby=\"label_ff_7_tankqty\"><option value=\"\">Por favor seleccione una opci\u00f3n<\/option><option value=\"I&#039;m not sure\">No estoy seguro<\/option><option value=\"0\">0<\/option><option value=\"1\">1<\/option><option value=\"2\">2<\/option><option value=\"3\">3<\/option><option value=\"4\">4<\/option><option value=\"More than 4\">M\u00e1s de 4<\/option><\/select><\/div><\/div><div class='ff-el-group'><div class=\"ff-el-input--label asterisk-right\"><label for='ff_7_tanksize' id='label_ff_7_tanksize' aria-label=\"\u00bfQu\u00e9 tama\u00f1o de tanques tienes?\">\u00bfQu\u00e9 tama\u00f1o de tanques tienes?<\/label><\/div><div class='ff-el-input--content'><select name=\"tanksize\" id=\"ff_7_tanksize\" class=\"ff-el-form-control\" data-name=\"tanksize\" data-calc_value=\"0\"  aria-invalid=\"false\" aria-required=\"false\" aria-labelledby=\"label_ff_7_tanksize\"><option value=\"\">Por favor seleccione una opci\u00f3n<\/option><option value=\"I&#039;m not sure\">No estoy seguro<\/option><option value=\"100lb\">100 libras<\/option><option value=\"200lb\">200 libras<\/option><option value=\"100 gallons\">100 galones<\/option><option value=\"120 gallons\">120 galones<\/option><option value=\"250 gallons\">250 galones<\/option><option value=\"500 gallons\">500 galones<\/option><option value=\"1,000 gallons\">1.000 galones<\/option><\/select><\/div><\/div><div class='ff-el-group'><div class=\"ff-el-input--label asterisk-right\"><label for='ff_7_tankelevation' id='label_ff_7_tankelevation' aria-label=\"\u00bfEst\u00e1n sus tanques encima o bajo tierra?\">\u00bfEst\u00e1n sus tanques encima o bajo tierra?<\/label><\/div><div class='ff-el-input--content'><select name=\"tankelevation\" id=\"ff_7_tankelevation\" class=\"ff-el-form-control\" data-name=\"tankelevation\" data-calc_value=\"0\"  aria-invalid=\"false\" aria-required=\"false\" aria-labelledby=\"label_ff_7_tankelevation\"><option value=\"\">Por favor seleccione una opci\u00f3n<\/option><option value=\"I&#039;m not sure\">No estoy seguro<\/option><option value=\"Above ground\">sobre el suelo<\/option><option value=\"Below ground\">Bajo tierra<\/option><\/select><\/div><\/div><div class='ff-el-group'><div class=\"ff-el-input--label asterisk-right\"><label for='ff_7_tanklocation' id='label_ff_7_tanklocation' aria-label=\"\u00bfD\u00f3nde est\u00e1n ubicados tus tanques (si est\u00e1s parado y mirando hacia la puerta principal)?\">\u00bfD\u00f3nde est\u00e1n ubicados tus tanques (si est\u00e1s parado y mirando hacia la puerta principal)?<\/label><\/div><div class='ff-el-input--content'><select name=\"tanklocation\" id=\"ff_7_tanklocation\" class=\"ff-el-form-control\" data-name=\"tanklocation\" data-calc_value=\"0\"  aria-invalid=\"false\" aria-required=\"false\" aria-labelledby=\"label_ff_7_tanklocation\"><option value=\"\">Por favor seleccione una opci\u00f3n<\/option><option value=\"I&#039;m not sure\">No estoy seguro<\/option><option value=\"In the back, left side\">En la parte de atr\u00e1s, lado izquierdo<\/option><option value=\"In the back, right side\">En la parte de atr\u00e1s, lado derecho<\/option><option value=\"In the front, left side\">En el frente, lado izquierdo<\/option><option value=\"In the front, right side\">En el frente, lado derecho<\/option><\/select><\/div><\/div><\/div><\/div><div class='ff-el-group has-conditions'><div class=\"ff-el-input--label ff-el-is-required asterisk-right\"><label for='ff_7_servicerequested_other' id='label_ff_7_servicerequested_other' aria-label=\"como podemos ayudarte?\">como podemos ayudarte?<\/label><\/div><div class='ff-el-input--content'><textarea aria-required=\"true\" aria-labelledby=\"label_ff_7_servicerequested_other\" name=\"servicerequested_other\" id=\"ff_7_servicerequested_other\" class=\"ff-el-form-control\" rows=\"3\" cols=\"2\" data-name=\"servicerequested_other\"><\/textarea><\/div><\/div><div class='ff-el-group'><div class=\"ff-el-input--label asterisk-right\"><label for='ff_7_clientnotes' id='label_ff_7_clientnotes' aria-label=\"\u00bfHay algo m\u00e1s que quieras contarnos?\">\u00bfHay algo m\u00e1s que quieras contarnos?<\/label><\/div><div class='ff-el-input--content'><textarea aria-required=\"false\" aria-labelledby=\"label_ff_7_clientnotes\" name=\"clientnotes\" id=\"ff_7_clientnotes\" class=\"ff-el-form-control\" rows=\"3\" cols=\"2\" data-name=\"clientnotes\"><\/textarea><\/div><\/div>        <div class=\"ff-step-t-container ff-inner_submit_container ff-column-container ff_columns_total_2\">\n            <div class=\"ff-t-cell ff-t-column-1\"><div class='step-nav ff_step_nav_last'><button style='float: left;'  type='button' data-action='prev' class='ff-btn ff-btn-prev ff-btn-secondary' aria-label='Anterior'>Anterior<\/button><\/div><\/div>\n            <div class=\"ff-t-cell ff-t-column-2\">\n                <div class='ff-el-group ff-text-left ff_submit_btn_wrapper'><button type=\"submit\" class=\"ff-btn ff-btn-submit ff-btn-md ff_btn_style\"  aria-label=\"Enviar formulario\">Enviar formulario<\/button><\/div>            <\/div>\n        <\/div>\n        <\/div><\/div><\/div>\n        <\/fieldset><input type=\"hidden\" name=\"trp-form-language\" value=\"es\"\/><\/form><div id='fluentform_7_errors' class='ff-errors-in-stack ff_form_instance_7_1 ff-form-loading_errors ff_form_instance_7_1_errors'><\/div><\/div>            <script type=\"text\/javascript\">\n                window.fluent_form_ff_form_instance_7_1 = {\"id\":\"7\",\"settings\":{\"layout\":{\"labelPlacement\":\"top\",\"helpMessagePlacement\":\"with_label\",\"errorMessagePlacement\":\"inline\",\"cssClassName\":\"\",\"asteriskPlacement\":\"asterisk-right\"},\"restrictions\":{\"denyEmptySubmission\":{\"enabled\":false}}},\"form_instance\":\"ff_form_instance_7_1\",\"form_id_selector\":\"fluentform_7\",\"rules\":{\"referralsource\":{\"required\":{\"value\":true,\"message\":\"We'd love to know how you heard about Miami Gas\"}},\"clientcompanyname\":{\"required\":{\"value\":false,\"message\":\"This field is required\"}},\"names[first_name]\":{\"required\":{\"value\":true,\"message\":\"Please tell us your first name\"}},\"names[middle_name]\":{\"required\":{\"value\":false,\"message\":\"This field is required\"}},\"names[last_name]\":{\"required\":{\"value\":true,\"message\":\"Please tell us your last name\"}},\"clientaddress\":{\"required\":{\"value\":true,\"message\":\"This field is required\"}},\"clientunit\":{\"required\":{\"value\":false,\"message\":\"This field is required\"}},\"clientcity\":{\"required\":{\"value\":true,\"message\":\"This field is required\"}},\"clientstate\":{\"required\":{\"value\":true,\"message\":\"This field is required\"}},\"clientzip\":{\"required\":{\"value\":true,\"message\":\"This field is required\"}},\"clientphone\":{\"required\":{\"value\":true,\"message\":\"Please provide your phone number so that we can contact you quickly.\"}},\"clientemail\":{\"required\":{\"value\":true,\"message\":\"We require a valid email for all customers\"},\"email\":{\"value\":true,\"message\":\"We require a valid email for all customers\"}},\"clientservicerequested\":{\"required\":{\"value\":true,\"message\":\"Please tell us what you're looking for.\"}},\"estimatedescription\":{\"required\":{\"value\":true,\"message\":\"This field is required\"}},\"tankqty\":{\"required\":{\"value\":false,\"message\":\"This field is required\"}},\"tanksize\":{\"required\":{\"value\":false,\"message\":\"This field is required\"}},\"tankelevation\":{\"required\":{\"value\":false,\"message\":\"This field is required\"}},\"tanklocation\":{\"required\":{\"value\":false,\"message\":\"This field is required\"}},\"servicerequested_other\":{\"required\":{\"value\":true,\"message\":\"This field is required\"}},\"clientnotes\":{\"required\":{\"value\":false,\"message\":\"This field is required\"}}},\"debounce_time\":300,\"conditionals\":{\"ff_cn_id_1\":{\"type\":\"any\",\"status\":true,\"conditions\":[{\"field\":\"referralsource\",\"value\":\"I am an existing current customer\",\"operator\":\"!=\"}]},\"clientaddress\":{\"conditions\":[],\"status\":false,\"type\":\"any\",\"container_condition\":{\"type\":\"any\",\"status\":true,\"conditions\":[{\"field\":\"referralsource\",\"value\":\"I am an existing current customer\",\"operator\":\"!=\"}]}},\"clientunit\":{\"conditions\":[],\"status\":false,\"type\":\"any\",\"container_condition\":{\"type\":\"any\",\"status\":true,\"conditions\":[{\"field\":\"referralsource\",\"value\":\"I am an existing current customer\",\"operator\":\"!=\"}]}},\"ff_cn_id_2\":{\"type\":\"any\",\"status\":true,\"conditions\":[{\"field\":\"referralsource\",\"value\":\"I am an existing current customer\",\"operator\":\"!=\"}]},\"clientcity\":{\"conditions\":[],\"status\":false,\"type\":\"any\",\"container_condition\":{\"type\":\"any\",\"status\":true,\"conditions\":[{\"field\":\"referralsource\",\"value\":\"I am an existing current customer\",\"operator\":\"!=\"}]}},\"clientstate\":{\"conditions\":[],\"status\":false,\"type\":\"any\",\"container_condition\":{\"type\":\"any\",\"status\":true,\"conditions\":[{\"field\":\"referralsource\",\"value\":\"I am an existing current customer\",\"operator\":\"!=\"}]}},\"clientzip\":{\"conditions\":[],\"status\":false,\"type\":\"any\",\"container_condition\":{\"type\":\"any\",\"status\":true,\"conditions\":[{\"field\":\"referralsource\",\"value\":\"I am an existing current customer\",\"operator\":\"!=\"}]}},\"clientphone\":{\"type\":\"any\",\"status\":true,\"conditions\":[{\"field\":\"referralsource\",\"value\":\"I am an existing current customer\",\"operator\":\"!=\"}]},\"clientemail\":{\"type\":\"any\",\"status\":true,\"conditions\":[{\"field\":\"referralsource\",\"value\":\"I am an existing current customer\",\"operator\":\"!=\"}]},\"clientservicerequested\":{\"type\":\"any\",\"status\":true,\"conditions\":[{\"field\":\"referralsource\",\"value\":\"I am an existing current customer\",\"operator\":\"!=\"}]},\"estimatedescription\":{\"type\":\"any\",\"status\":true,\"conditions\":[{\"field\":\"clientservicerequested\",\"value\":\"I need an estimate\",\"operator\":\"=\"}]},\"ff_cn_id_3\":{\"type\":\"any\",\"status\":true,\"conditions\":[{\"field\":\"clientservicerequested\",\"value\":\"Propane Gas Delivery\",\"operator\":\"=\"}]},\"tankqty\":{\"conditions\":[],\"status\":false,\"type\":\"any\",\"container_condition\":{\"type\":\"any\",\"status\":true,\"conditions\":[{\"field\":\"clientservicerequested\",\"value\":\"Propane Gas Delivery\",\"operator\":\"=\"}]}},\"tanksize\":{\"conditions\":[],\"status\":false,\"type\":\"any\",\"container_condition\":{\"type\":\"any\",\"status\":true,\"conditions\":[{\"field\":\"clientservicerequested\",\"value\":\"Propane Gas Delivery\",\"operator\":\"=\"}]}},\"tankelevation\":{\"conditions\":[],\"status\":false,\"type\":\"any\",\"container_condition\":{\"type\":\"any\",\"status\":true,\"conditions\":[{\"field\":\"clientservicerequested\",\"value\":\"Propane Gas Delivery\",\"operator\":\"=\"}]}},\"tanklocation\":{\"conditions\":[],\"status\":false,\"type\":\"any\",\"container_condition\":{\"type\":\"any\",\"status\":true,\"conditions\":[{\"field\":\"clientservicerequested\",\"value\":\"Propane Gas Delivery\",\"operator\":\"=\"}]}},\"servicerequested_other\":{\"type\":\"any\",\"status\":true,\"conditions\":[{\"field\":\"clientservicerequested\",\"value\":\"Other\",\"operator\":\"=\"},{\"field\":\"referralsource\",\"value\":\"I am an existing current customer\",\"operator\":\"=\"}]}}};\n                            <\/script>","protected":false},"excerpt":{"rendered":"<p>\u00a1Ordene Fuel Miami Gas se asegura de que siempre tenga el propano que necesita! En Miami Gas, hacemos que sea f\u00e1cil llevar propano a su hogar en el sur de Florida. Complete el siguiente formulario para realizar su pedido. \u00bfQuiere tener absoluta certeza sobre su suministro de propano? \u00a1Reg\u00edstrese para entrega autom\u00e1tica y monitoreo inal\u00e1mbrico de tanques de propano! presione [\u2026]<\/p>","protected":false},"author":4,"featured_media":0,"parent":59,"menu_order":3,"comment_status":"closed","ping_status":"closed","template":"","meta":{"footnotes":""},"class_list":["post-65","page","type-page","status-publish","hentry"],"_links":{"self":[{"href":"https:\/\/miamigas.com\/es\/wp-json\/wp\/v2\/pages\/65","targetHints":{"allow":["GET"]}}],"collection":[{"href":"https:\/\/miamigas.com\/es\/wp-json\/wp\/v2\/pages"}],"about":[{"href":"https:\/\/miamigas.com\/es\/wp-json\/wp\/v2\/types\/page"}],"author":[{"embeddable":true,"href":"https:\/\/miamigas.com\/es\/wp-json\/wp\/v2\/users\/4"}],"replies":[{"embeddable":true,"href":"https:\/\/miamigas.com\/es\/wp-json\/wp\/v2\/comments?post=65"}],"version-history":[{"count":9,"href":"https:\/\/miamigas.com\/es\/wp-json\/wp\/v2\/pages\/65\/revisions"}],"predecessor-version":[{"id":506,"href":"https:\/\/miamigas.com\/es\/wp-json\/wp\/v2\/pages\/65\/revisions\/506"}],"up":[{"embeddable":true,"href":"https:\/\/miamigas.com\/es\/wp-json\/wp\/v2\/pages\/59"}],"wp:attachment":[{"href":"https:\/\/miamigas.com\/es\/wp-json\/wp\/v2\/media?parent=65"}],"curies":[{"name":"wp","href":"https:\/\/api.w.org\/{rel}","templated":true}]}}