{"id":605,"date":"2024-09-09T11:11:38","date_gmt":"2024-09-09T15:11:38","guid":{"rendered":"https:\/\/www.miamigas.com\/?page_id=605"},"modified":"2024-10-24T10:07:01","modified_gmt":"2024-10-24T14:07:01","slug":"pinecrest-fl","status":"publish","type":"page","link":"https:\/\/miamigas.com\/es\/residential-propane\/pinecrest-fl\/","title":{"rendered":"Pinecrest, Florida"},"content":{"rendered":"<h1>Entrega de propano en Pinecrest, Florida: \u00bfPor qu\u00e9 elegirnos para su hogar o negocio?<\/h1>\n<h2>Miami Gas es el proveedor de entrega de propano m\u00e1s confiable de Miami-Dade<\/h2>\n<p><img loading=\"lazy\" decoding=\"async\" src=\"https:\/\/miamigas.com\/wp-content\/uploads\/2023\/09\/propaneDelivery1.jpg\" alt=\"propane delivery\" width=\"531\" height=\"376\" class=\"alignright size-full wp-image-183\" srcset=\"https:\/\/miamigas.com\/wp-content\/uploads\/2023\/09\/propaneDelivery1.jpg 531w, https:\/\/miamigas.com\/wp-content\/uploads\/2023\/09\/propaneDelivery1-300x212.jpg 300w\" sizes=\"auto, (max-width: 531px) 100vw, 531px\" \/><\/p>\n<p>\u00bfEst\u00e1 cansado de preocuparse por quedarse sin propano? Deje que nuestro <a href=\"https:\/\/miamigas.com\/es\/residential-propane\/propane-delivery\/\" title=\"entrega de propano\">entrega de propano<\/a> Nuestro equipo le quitar\u00e1 esa carga de encima. Valoramos la lealtad, por eso hacemos todo lo posible para brindar un servicio excepcional y superar las expectativas de nuestros clientes. Entendemos que el tiempo es valioso, por eso nos dedicamos a brindar un servicio r\u00e1pido y de calidad que supere las expectativas de nuestros clientes. El respeto, el trabajo duro y la confiabilidad son la base de nuestro negocio, y hacemos todo lo posible para superar las expectativas de nuestros clientes.<\/p>\n<p class='fw-bold'> Somos m\u00e1s que una empresa de suministro de propano: somos un proveedor de servicios completos, dedicado a satisfacer todas sus necesidades de comodidad en el hogar. <\/p>\n<div class='mx-auto col-lg-10'>\n<ul>\n<li>La experiencia de nuestro personal y nuestro compromiso con la confiabilidad significan que puede contar con nosotros para una entrega de propano segura y eficiente en todo momento.<\/li>\n<li>Siempre sabr\u00e1 que est\u00e1 recibiendo propano a un precio justo.<\/li>\n<li>Con nuestros amplios recursos y relaciones con proveedores, estamos equipados para manejar todas sus necesidades de entrega de propano.<\/li>\n<li>Nuestro portal de pagos en l\u00ednea est\u00e1 dise\u00f1ado teniendo en cuenta las necesidades de nuestros clientes, brindando una manera sencilla y sin complicaciones de enviar pagos y administrar su cuenta.<\/li>\n<\/ul>\n<\/div>\n<p>\n  <strong>\u00bfPor qu\u00e9 esperar? <a href=\"https:\/\/miamigas.com\/es\/customer-service\/\" title=\"P\u00f3ngase en contacto con nosotros hoy\">P\u00f3ngase en contacto con nosotros hoy<\/a> para experimentar el mejor servicio de entrega de propano.<\/strong>\n<\/p>\n<div class='row my-5'>\n<div class='col-lg-4 d-flex align-items-stretch'>\n<div class='shadow border p-3 d-flex flex-column justify-content-between w-100'>\n<h4 class='text-center text-md-start'>Rese\u00f1as<\/h4>\n<div>No se limite a confiar en nuestras palabras: escuche a nuestros clientes satisfechos hablar de sus experiencias positivas con nosotros.<\/div>\n<p>      <a href='\/es\/about-us\/customer-reviews\/' class='btn btn-primary mt-3'>Lea nuestras rese\u00f1as<\/a>\n    <\/p><\/div>\n<\/div>\n<div class='col-lg-4 d-flex align-items-stretch'>\n<div class='shadow border p-3 d-flex flex-column justify-content-between w-100'>\n<h4 class='text-center text-md-start'>Cont\u00e1ctenos<\/h4>\n<div>\u00bfEst\u00e1 buscando un servicio de suministro de propano confiable para su hogar en Pinecrest? Miami Gas est\u00e1 listo para ayudarlo. <a href=\"https:\/\/miamigas.com\/es\/customer-service\/become-a-customer\/\" title=\"Convi\u00e9rtete en cliente\">Convi\u00e9rtete en cliente<\/a> \u00a1hoy!<\/div>\n<p>      <a href='\/es\/customer-service\/' class='btn btn-primary mt-3'>Cont\u00e1ctenos<\/a>\n    <\/p><\/div>\n<\/div>\n<div class='col-lg-4 d-flex align-items-stretch'>\n<div class='shadow border p-3 d-flex flex-column justify-content-between w-100'>\n<h4 class='text-center text-md-start'>Sobre nosotros<\/h4>\n<div>Desde nuestra fundaci\u00f3n, nos hemos comprometido a proporcionar un suministro de propano confiable y de alta calidad a un precio justo.<\/div>\n<p>      <a href='\/es\/about-us\/' class='btn btn-primary mt-3'>Sobre nosotros<\/a>\n    <\/p><\/div>\n<\/div>\n<\/div>\n<div class='row'>\n<div class='col-lg-8 m-auto'>\n<div class='alert alert-success my-4 text-center'>\n      <strong>PARA EMERGENCIAS:<\/strong> Si necesita un servicio de emergencia, NO ENV\u00cdE UN CORREO ELECTR\u00d3NICO.<br \/>\nLl\u00e1manos al <a href='tel:(305) 204-3333'>(305) 204-3333<\/a>.\n    <\/div>\n<\/div>\n<\/div>\n<div class='row'>\n<div class='col-xl-12 mt-3'>\n<h3 class='pb-2'>Servicios de propano convenientes cerca<\/h3>\n<\/div>\n<\/div>\n<div class='border'>\n<div class='row'>\n<div class='col-xl-4 p-4 px-5'>\n<p>\n        <strong>DIRECCI\u00d3N:<\/strong><br \/>\n        <br \/>Gas de Miami 2747 NW 21st St, Miami, FL 33142\n      <\/p>\n<hr \/>\n<p>\n        <strong>Tel\u00e9fono:<\/strong><br \/>\n        <br \/>\n        <a href='tel:(305) 204-3333'>(305) 204-3333<\/a>\n      <\/p>\n<hr \/>\n<p>\n        <strong>Horas:<\/strong><br \/>\n        <br \/>Domingo: Cerrado <br \/>Lunes: 7:30 am \u2013 5:00 pm <br \/>Martes: 7:30 am \u2013 5:00 pm <br \/>Mi\u00e9rcoles: 7:30 am \u2013 5:00 pm <br \/>Jueves: 7:30 am \u2013 5:00 pm <br \/>Viernes: 7:30 am \u2013 5:00 pm <br \/>Sabado: Cerrado \n      <\/p>\n<\/div>\n<div class='col-xl-8'>\n      <iframe frameborder='0' style='border:0' src='https:\/\/www.google.com\/maps\/embed\/v1\/place?key=AIzaSyBTF1Ud6DsqUqSiSNB0UtzD2jzIiQAbUtU&#038;q=Miami Gas 2747 NW 21st St, Miami, FL 33142' width='100%' height='100%' allowfullscreen><\/iframe><br \/>\n      <noframes>Lo sentimos, tu navegador no admite marcos.<\/noframes>\n    <\/div>\n<\/div>\n<\/div>\n<div class='my-5'>\n<h3 class='pb-2'>Servicios de gas en Miami<\/h3>\n<div class='row g-4 justify-content-center'>\n<div class='row g-2 justify-content-center'>\n<div class='col-lg-4 d-flex align-items-stretch'>\n<div class='my-3 p-2 d-flex border shadow flex-column align-items-center justify-content-start w-100'>\n<h3 class='text-center py-3'>PROPANO<\/h3>\n<ul>\n<li class='m-3'>Entrega confiable de propano a su hogar.<\/li>\n<li class='m-3'>Profesional <a href=\"https:\/\/miamigas.com\/es\/residential-propane\/tanks-monitoring\/\" title=\"instalaci\u00f3n de tanque de propano\">instalaci\u00f3n de tanque de propano<\/a>.<\/li>\n<li class='m-3'>Servicios comerciales de propano para su negocio.<\/li>\n<\/ul><\/div>\n<\/div>\n<div class='col-lg-4 d-flex align-items-stretch'>\n<div class='my-3 p-2 d-flex border shadow flex-column align-items-center justify-content-start w-100'>\n<h3 class='text-center py-3'>TANQUES DE PROPANO<\/h3>\n<ul>\n<li class='m-3'>Instalaci\u00f3n profesional de tanque de propano.<\/li>\n<li class='m-3'>Alquile un tanque de propano con nosotros: \u00a1nos encargamos de todo el mantenimiento!<\/li>\n<li class='m-3'>Contamos con una amplia gama de tama\u00f1os de tanques de propano.<\/li>\n<\/ul><\/div>\n<\/div>\n<div class='col-lg-4 d-flex align-items-stretch'>\n<div class='my-3 p-2 d-flex border shadow flex-column align-items-center justify-content-start w-100'>\n<h3 class='text-center py-3'>TANQUES DE PARRILLA<\/h3>\n<ul>\n<li class='m-3'>Recarga e intercambio de tanques de propano en nuestra oficina durante el horario comercial habitual.<\/li>\n<li class='m-3'>Pruebe nuestra opci\u00f3n rentable de recarga de cilindros de propano.<\/li>\n<li class='m-3'>Si el tanque de su parrilla no est\u00e1 certificado o est\u00e1 da\u00f1ado, lo cambiaremos por uno nuevo.<\/li>\n<\/ul><\/div>\n<\/div>\n<div class='col-lg-4 d-flex align-items-stretch'>\n<div class='my-3 p-2 d-flex border shadow flex-column align-items-center justify-content-start w-100'>\n<h3 class='text-center py-3'>CARRETILLAS ELEVADORAS<\/h3>\n<ul>\n<li class='m-3'><a href=\"https:\/\/miamigas.com\/es\/commercial\/forklift-cylinder-exchange\/\" title=\"Cilindro de carretilla elevadora\">Cilindro de carretilla elevadora<\/a> Programa de intercambio de tanques de propano.<\/li>\n<li class='m-3'><a href=\"https:\/\/miamigas.com\/es\/commercial\/forklift-cylinder-refill\/\" title=\"Recarga de cilindros para montacargas\">Recarga de cilindros para montacargas<\/a> servicios.<\/li>\n<\/ul><\/div>\n<\/div>\n<div class='col-lg-4 d-flex align-items-stretch'>\n<div class='my-3 p-2 d-flex border shadow flex-column align-items-center justify-content-start w-100'>\n<h3 class='text-center py-3'>GENERADORES<\/h3>\n<ul>\n<li class='m-3'>Brindamos servicios de generadores para hogares y negocios.<\/li>\n<li class='m-3'>Servicios de mantenimiento de generadores para mantener su generador funcionando sin problemas cuando m\u00e1s lo necesita.<\/li>\n<li class='m-3'>Ll\u00e1manos para servicios profesionales de generador.<\/li>\n<\/ul><\/div>\n<\/div>\n<div class='col-lg-4 d-flex align-items-stretch'>\n<div class='my-3 p-2 d-flex border shadow flex-column align-items-center justify-content-start w-100'>\n<h3 class='text-center py-3'>CALENTADORES DE ESPACIOS A PROPANO<\/h3>\n<ul>\n<li class='m-3'>Instalamos propano en interiores. <a href=\"https:\/\/miamigas.com\/es\/equipment-service\/space-heaters\/\" title=\"calentadores espaciales\">calentadores espaciales<\/a>.<\/li>\n<li class='m-3'>Tambi\u00e9n damos servicio a calentadores de ambiente a propano existentes.<\/li>\n<\/ul><\/div>\n<\/div>\n<\/div>\n<\/div>\n<\/div>","protected":false},"excerpt":{"rendered":"<p>Propane Delivery in Pinecrest, Fl: Why Choose Us for Your Home or Business Miami Gas is Miami-Dade&#8217;s Most Trusted Propane Delivery provider Are you tired of worrying about running out of propane? Let our propane delivery team take that burden off your shoulders. We appreciate the value of loyalty, which is why we go above [&hellip;]<\/p>","protected":false},"author":4,"featured_media":0,"parent":9,"menu_order":0,"comment_status":"closed","ping_status":"closed","template":"","meta":{"footnotes":""},"class_list":["post-605","page","type-page","status-publish","hentry"],"_links":{"self":[{"href":"https:\/\/miamigas.com\/es\/wp-json\/wp\/v2\/pages\/605","targetHints":{"allow":["GET"]}}],"collection":[{"href":"https:\/\/miamigas.com\/es\/wp-json\/wp\/v2\/pages"}],"about":[{"href":"https:\/\/miamigas.com\/es\/wp-json\/wp\/v2\/types\/page"}],"author":[{"embeddable":true,"href":"https:\/\/miamigas.com\/es\/wp-json\/wp\/v2\/users\/4"}],"replies":[{"embeddable":true,"href":"https:\/\/miamigas.com\/es\/wp-json\/wp\/v2\/comments?post=605"}],"version-history":[{"count":5,"href":"https:\/\/miamigas.com\/es\/wp-json\/wp\/v2\/pages\/605\/revisions"}],"predecessor-version":[{"id":636,"href":"https:\/\/miamigas.com\/es\/wp-json\/wp\/v2\/pages\/605\/revisions\/636"}],"up":[{"embeddable":true,"href":"https:\/\/miamigas.com\/es\/wp-json\/wp\/v2\/pages\/9"}],"wp:attachment":[{"href":"https:\/\/miamigas.com\/es\/wp-json\/wp\/v2\/media?parent=605"}],"curies":[{"name":"wp","href":"https:\/\/api.w.org\/{rel}","templated":true}]}}