{"id":602,"date":"2024-09-09T11:08:13","date_gmt":"2024-09-09T15:08:13","guid":{"rendered":"https:\/\/www.miamigas.com\/?page_id=602"},"modified":"2024-10-24T10:06:15","modified_gmt":"2024-10-24T14:06:15","slug":"south-miami-fl","status":"publish","type":"page","link":"https:\/\/miamigas.com\/es\/residential-propane\/south-miami-fl\/","title":{"rendered":"Sur de Miami"},"content":{"rendered":"<h1>La entrega de propano m\u00e1s confiable en el sur de Miami<\/h1>\n<h2>\u00a1Obtenga un suministro confiable de propano y nunca m\u00e1s se quede sin propano!<\/h2>\n<p><img loading=\"lazy\" decoding=\"async\" src=\"https:\/\/miamigas.com\/wp-content\/uploads\/2023\/09\/propaneDelivery1.jpg\" alt=\"propane delivery\" width=\"531\" height=\"376\" class=\"alignright size-full wp-image-183\" srcset=\"https:\/\/miamigas.com\/wp-content\/uploads\/2023\/09\/propaneDelivery1.jpg 531w, https:\/\/miamigas.com\/wp-content\/uploads\/2023\/09\/propaneDelivery1-300x212.jpg 300w\" sizes=\"auto, (max-width: 531px) 100vw, 531px\" \/><\/p>\n<p>Las familias y las empresas de South Miami y de todo el condado de Miami-Dade saben que pueden confiar en nuestro equipo de profesionales capacitados. Nuestros clientes leales son la columna vertebral de nuestra empresa y estamos orgullosos de brindarles el m\u00e1s alto nivel de servicio y apoyo. Nuestro compromiso con la calidad garantiza que nuestros clientes reciban un servicio r\u00e1pido y eficiente respaldado por nuestra reputaci\u00f3n de excelencia. Vivimos seg\u00fan los valores que fundaron nuestra empresa: respeto, trabajo duro y estar siempre ah\u00ed cuando nuestros clientes nos necesitan.<\/p>\n<p class='fw-bold'> Ofrecemos una gama de servicios a nuestros clientes de propano: <\/p>\n<div class='mx-auto col-lg-10'>\n<ul>\n<li>Nuestro personal amable, experto y confiable es lo que nos distingue de la competencia.<\/li>\n<li>Ofrecemos un servicio r\u00e1pido y confiable. <a href=\"https:\/\/miamigas.com\/es\/residential-propane\/propane-delivery\/\" title=\"entrega de propano\">entrega de propano<\/a> a precios justos y transparentes.<\/li>\n<li>Nuestras relaciones con proveedores garantizan que siempre tengamos acceso a una fuente confiable de propano, lo que nos permite brindar servicios de entrega oportunos y eficientes a nuestros clientes.<\/li>\n<li>Nuestro portal de pagos en l\u00ednea es s\u00f3lo una de las muchas formas en que nos esforzamos por hacer que nuestros servicios sean lo m\u00e1s f\u00e1ciles de usar y sin complicaciones posible para nuestros clientes.<\/li>\n<\/ul>\n<\/div>\n<p>\n  <strong>Conf\u00ede en nosotros para todas sus necesidades de suministro de propano: ll\u00e1menos hoy para comenzar.<\/strong>\n<\/p>\n<div class='row my-5'>\n<div class='col-lg-4 d-flex align-items-stretch'>\n<div class='shadow border p-3 d-flex flex-column justify-content-between w-100'>\n<h4 class='text-center text-md-start'>Rese\u00f1as<\/h4>\n<div>Cuando se trata de entrega de propano, nuestros clientes saben que pueden contar con nosotros para obtener un servicio confiable y de primer nivel.<\/div>\n<p>      <a href='\/es\/about-us\/customer-reviews\/' class='btn btn-primary mt-3'>Lea nuestras rese\u00f1as<\/a>\n    <\/p><\/div>\n<\/div>\n<div class='col-lg-4 d-flex align-items-stretch'>\n<div class='shadow border p-3 d-flex flex-column justify-content-between w-100'>\n<h4 class='text-center text-md-start'>Cont\u00e1ctenos<\/h4>\n<div>\u00bfEst\u00e1 buscando un servicio de suministro de propano confiable para su hogar en South Miami? Miami Gas est\u00e1 listo para ayudarlo. <a href=\"https:\/\/miamigas.com\/es\/customer-service\/become-a-customer\/\" title=\"Convi\u00e9rtete en cliente\">Convi\u00e9rtete en cliente<\/a> \u00a1hoy!<\/div>\n<p>      <a href='\/es\/customer-service\/' class='btn btn-primary mt-3'>Cont\u00e1ctenos<\/a>\n    <\/p><\/div>\n<\/div>\n<div class='col-lg-4 d-flex align-items-stretch'>\n<div class='shadow border p-3 d-flex flex-column justify-content-between w-100'>\n<h4 class='text-center text-md-start'>Sobre nosotros<\/h4>\n<div>A lo largo de los a\u00f1os, hemos construido una s\u00f3lida reputaci\u00f3n como socio confiable para nuestros clientes, gan\u00e1ndonos su lealtad y confianza a trav\u00e9s de nuestro compromiso con la excelencia.<\/div>\n<p>      <a href='\/es\/about-us\/' class='btn btn-primary mt-3'>Sobre nosotros<\/a>\n    <\/p><\/div>\n<\/div>\n<\/div>\n<div class='row'>\n<div class='col-lg-8 m-auto'>\n<div class='alert alert-success my-4 text-center'>\n      <strong>NOTA:<\/strong> No <a href=\"https:\/\/miamigas.com\/es\/customer-service\/\" title=\"Cont\u00e1ctenos\">Cont\u00e1ctenos<\/a> A trav\u00e9s del sitio web o por correo electr\u00f3nico si necesita ayuda con una emergencia de propano. Ll\u00e1menos de inmediato al <a href='tel:(305) 204-3333'>(305) 204-3333<\/a> para asistencia inmediata.\n    <\/div>\n<\/div>\n<\/div>\n<div class='row'>\n<div class='col-xl-12 mt-3'>\n<h3 class='pb-2'>Estamos ubicados en:<\/h3>\n<\/div>\n<\/div>\n<div class='border'>\n<div class='row'>\n<div class='col-xl-4 p-4 px-5'>\n<p>\n        <strong>DIRECCI\u00d3N:<\/strong><br \/>\n        <br \/>Gas de Miami 2747 NW 21st St, Miami, FL 33142\n      <\/p>\n<hr \/>\n<p>\n        <strong>Tel\u00e9fono:<\/strong><br \/>\n        <br \/>\n        <a href='tel:(305) 204-3333'>(305) 204-3333<\/a>\n      <\/p>\n<hr \/>\n<p>\n        <strong>Horas:<\/strong><br \/>\n        <br \/>Domingo: Cerrado <br \/>Lunes: 7:30 am \u2013 5:00 pm <br \/>Martes: 7:30 am \u2013 5:00 pm <br \/>Mi\u00e9rcoles: 7:30 am \u2013 5:00 pm <br \/>Jueves: 7:30 am \u2013 5:00 pm <br \/>Viernes: 7:30 am \u2013 5:00 pm <br \/>Sabado: Cerrado \n      <\/p>\n<\/div>\n<div class='col-xl-8'>\n      <iframe frameborder='0' style='border:0' src='https:\/\/www.google.com\/maps\/embed\/v1\/place?key=AIzaSyBTF1Ud6DsqUqSiSNB0UtzD2jzIiQAbUtU&#038;q=Miami Gas 2747 NW 21st St, Miami, FL 33142' width='100%' height='100%' allowfullscreen><\/iframe><br \/>\n      <noframes>Lo sentimos, tu navegador no admite marcos.<\/noframes>\n    <\/div>\n<\/div>\n<\/div>\n<div class='my-5'>\n<h3 class='pb-2'>Servicios de gas en Miami<\/h3>\n<div class='row g-4 justify-content-center'>\n<div class='row g-2 justify-content-center'>\n<div class='col-lg-4 d-flex align-items-stretch'>\n<div class='my-3 p-2 d-flex border shadow flex-column align-items-center justify-content-start w-100'>\n<h3 class='text-center py-3'>PROPANO<\/h3>\n<ul>\n<li class='m-3'>Entrega confiable de propano a su hogar.<\/li>\n<li class='m-3'>Profesional <a href=\"https:\/\/miamigas.com\/es\/residential-propane\/tanks-monitoring\/\" title=\"instalaci\u00f3n de tanque de propano\">instalaci\u00f3n de tanque de propano<\/a>.<\/li>\n<li class='m-3'>Servicios comerciales de propano para su negocio.<\/li>\n<\/ul><\/div>\n<\/div>\n<div class='col-lg-4 d-flex align-items-stretch'>\n<div class='my-3 p-2 d-flex border shadow flex-column align-items-center justify-content-start w-100'>\n<h3 class='text-center py-3'>TANQUES DE PROPANO<\/h3>\n<ul>\n<li class='m-3'>Instalaci\u00f3n profesional de tanque de propano.<\/li>\n<li class='m-3'>Alquile un tanque de propano con nosotros: \u00a1nos encargamos de todo el mantenimiento!<\/li>\n<li class='m-3'>Contamos con una gama completa de tama\u00f1os de tanques de propano.<\/li>\n<\/ul><\/div>\n<\/div>\n<div class='col-lg-4 d-flex align-items-stretch'>\n<div class='my-3 p-2 d-flex border shadow flex-column align-items-center justify-content-start w-100'>\n<h3 class='text-center py-3'>TANQUES DE PARRILLA<\/h3>\n<ul>\n<li class='m-3'>Cambio de tanque de propano en nuestra oficina.<\/li>\n<li class='m-3'>Pruebe nuestro programa de recarga de cilindros de propano.<\/li>\n<li class='m-3'>Si el tanque de su parrilla est\u00e1 da\u00f1ado o no est\u00e1 certificado, podemos cambiarlo por uno seguro.<\/li>\n<\/ul><\/div>\n<\/div>\n<div class='col-lg-4 d-flex align-items-stretch'>\n<div class='my-3 p-2 d-flex border shadow flex-column align-items-center justify-content-start w-100'>\n<h3 class='text-center py-3'>CARRETILLAS ELEVADORAS<\/h3>\n<ul>\n<li class='m-3'>M\u00e1quina elevadora <a href=\"https:\/\/miamigas.com\/es\/residential-propane\/cylinder-exchange-bottle-fill\/\" title=\"intercambio de cilindros\">intercambio de cilindros<\/a> programa.<\/li>\n<li class='m-3'><a href=\"https:\/\/miamigas.com\/es\/commercial\/forklift-cylinder-refill\/\" title=\"Recarga de cilindros para montacargas\">Recarga de cilindros para montacargas<\/a> servicios.<\/li>\n<\/ul><\/div>\n<\/div>\n<div class='col-lg-4 d-flex align-items-stretch'>\n<div class='my-3 p-2 d-flex border shadow flex-column align-items-center justify-content-start w-100'>\n<h3 class='text-center py-3'>GENERADORES<\/h3>\n<ul>\n<li class='m-3'>Brindamos servicios tanto para residencias como para comercios. <a href=\"https:\/\/miamigas.com\/es\/equipment-service\/generators\/\" title=\"generadores\">generadores<\/a>.<\/li>\n<li class='m-3'>Servicios de mantenimiento de generadores para mantener su generador funcionando sin problemas cuando m\u00e1s lo necesita.<\/li>\n<li class='m-3'>Ll\u00e1manos para servicios profesionales de generador.<\/li>\n<\/ul><\/div>\n<\/div>\n<div class='col-lg-4 d-flex align-items-stretch'>\n<div class='my-3 p-2 d-flex border shadow flex-column align-items-center justify-content-start w-100'>\n<h3 class='text-center py-3'>CALENTADORES DE ESPACIOS A PROPANO<\/h3>\n<ul>\n<li class='m-3'>Instalamos propano en interiores. <a href=\"https:\/\/miamigas.com\/es\/equipment-service\/space-heaters\/\" title=\"calentadores espaciales\">calentadores espaciales<\/a>.<\/li>\n<li class='m-3'>Tambi\u00e9n damos servicio a calentadores de ambiente a propano existentes.<\/li>\n<\/ul><\/div>\n<\/div>\n<\/div>\n<\/div>\n<\/div>","protected":false},"excerpt":{"rendered":"<p>The Most Dependable Propane Delivery in South Miami Get Reliable Propane Delivery and Never Run Out of Propane Again! Families and businesses in South Miami and across Miami-Dade County know they can trust our team of skilled professionals. Our loyal customers are the backbone of our business, and we&rsquo;re proud to provide them with the [&hellip;]<\/p>","protected":false},"author":4,"featured_media":0,"parent":9,"menu_order":0,"comment_status":"closed","ping_status":"closed","template":"","meta":{"footnotes":""},"class_list":["post-602","page","type-page","status-publish","hentry"],"_links":{"self":[{"href":"https:\/\/miamigas.com\/es\/wp-json\/wp\/v2\/pages\/602","targetHints":{"allow":["GET"]}}],"collection":[{"href":"https:\/\/miamigas.com\/es\/wp-json\/wp\/v2\/pages"}],"about":[{"href":"https:\/\/miamigas.com\/es\/wp-json\/wp\/v2\/types\/page"}],"author":[{"embeddable":true,"href":"https:\/\/miamigas.com\/es\/wp-json\/wp\/v2\/users\/4"}],"replies":[{"embeddable":true,"href":"https:\/\/miamigas.com\/es\/wp-json\/wp\/v2\/comments?post=602"}],"version-history":[{"count":8,"href":"https:\/\/miamigas.com\/es\/wp-json\/wp\/v2\/pages\/602\/revisions"}],"predecessor-version":[{"id":640,"href":"https:\/\/miamigas.com\/es\/wp-json\/wp\/v2\/pages\/602\/revisions\/640"}],"up":[{"embeddable":true,"href":"https:\/\/miamigas.com\/es\/wp-json\/wp\/v2\/pages\/9"}],"wp:attachment":[{"href":"https:\/\/miamigas.com\/es\/wp-json\/wp\/v2\/media?parent=602"}],"curies":[{"name":"wp","href":"https:\/\/api.w.org\/{rel}","templated":true}]}}