{"id":599,"date":"2024-08-22T09:11:44","date_gmt":"2024-08-22T13:11:44","guid":{"rendered":"https:\/\/www.miamigas.com\/?page_id=599"},"modified":"2024-10-19T22:23:23","modified_gmt":"2024-10-20T02:23:23","slug":"coral-gables-fl","status":"publish","type":"page","link":"https:\/\/miamigas.com\/es\/residential-propane\/coral-gables-fl\/","title":{"rendered":"Coral Gables, Florida"},"content":{"rendered":"<div class=\"container\">\n<h1>Suministro de propano para clientes residenciales en Coral Gables, FL<\/h1>\n<h2>Miami Gas es el proveedor ideal de suministro de propano en el condado de Miami-Dade.<\/h2>\n<p><img loading=\"lazy\" decoding=\"async\" src=\"https:\/\/miamigas.com\/wp-content\/uploads\/2023\/09\/propaneDelivery1.jpg\" alt=\"propane delivery\" width=\"531\" height=\"376\" class=\"alignright size-full wp-image-183\" srcset=\"https:\/\/miamigas.com\/wp-content\/uploads\/2023\/09\/propaneDelivery1.jpg 531w, https:\/\/miamigas.com\/wp-content\/uploads\/2023\/09\/propaneDelivery1-300x212.jpg 300w\" sizes=\"auto, (max-width: 531px) 100vw, 531px\" \/><\/p>\n<p>El equipo capacitado y dedicado de Miami Gas est\u00e1 listo para atender sus necesidades de propano. Al elegirnos, puede confiar en que recibir\u00e1 un nivel de confiabilidad y dedicaci\u00f3n que es dif\u00edcil de encontrar en el mundo acelerado de hoy. Queremos garantizar su comodidad y tranquilidad, las 24 horas del d\u00eda, los 365 d\u00edas del a\u00f1o. Cuando nos elige, puede estar seguro de que recibir\u00e1 el m\u00e1s alto nivel de servicio, calidad y confiabilidad, respaldado por nuestro compromiso con el respeto y el trabajo duro.<\/p>\n<p class='fw-bold'> \u00a0\u00a0\u00a0\u00a0\u00a0\u00a0\u00a0\u00a0\u00a0\u00a0\u00a0\u00a0\u00a0\u00a0\u00a0 Estamos orgullosos de la gama completa de servicios de propano que ofrecemos a nuestros clientes. \u00a0\u00a0\u00a0\u00a0\u00a0\u00a0\u00a0 <\/p>\n<div class='mx-auto col-lg-10'>\n<ul>\n<li>Con nuestro personal bien capacitado y experto, puede confiar en que est\u00e1 en buenas manos y que sus necesidades de propano est\u00e1n atendidas por los mejores en el negocio.<\/li>\n<li>Cuando se trata de <a href=\"https:\/\/miamigas.com\/es\/residential-propane\/propane-delivery\/\" title=\"entrega de propano\">entrega de propano<\/a>Creemos que la calidad y la asequibilidad deben ir de la mano, por eso ofrecemos ambas a nuestros valiosos clientes.<\/li>\n<li>Muchas empresas de distribuci\u00f3n de propano no pueden satisfacer la demanda, pero Miami Gas no. Siempre estaremos ah\u00ed cuando nos necesites.<\/li>\n<li>Nuestro portal de pagos en l\u00ednea est\u00e1 dise\u00f1ado teniendo en cuenta las necesidades de nuestros clientes, brindando una manera sencilla y sin complicaciones de enviar pagos y administrar su cuenta.<\/li>\n<\/ul>\n<\/div>\n<p>\n  <strong>No esperes \u2013 <a href=\"https:\/\/miamigas.com\/es\/customer-service\/\" title=\"Cont\u00e1ctenos hoy\">Cont\u00e1ctenos hoy<\/a> para programar su entrega de propano y experimentar el mejor servicio del sector.<\/strong>\n<\/p>\n<div class='row my-5'>\n<div class='col-lg-4 d-flex align-items-stretch'>\n<div class='shadow border p-3 d-flex flex-column justify-content-between w-100'>\n<h4 class='text-center text-md-start'>Rese\u00f1as<\/h4>\n<div>No se limite a confiar en nuestras palabras: escuche a nuestros clientes satisfechos hablar de sus experiencias positivas con nosotros.<\/div>\n<p>      <a href='\/es\/about-us\/customer-reviews\/' class='btn btn-primary mt-3'>Lea nuestras rese\u00f1as<\/a>\n    <\/p><\/div>\n<\/div>\n<div class='col-lg-4 d-flex align-items-stretch'>\n<div class='shadow border p-3 d-flex flex-column justify-content-between w-100'>\n<h4 class='text-center text-md-start'>Cont\u00e1ctenos<\/h4>\n<div>Si no est\u00e1 satisfecho con su proveedor actual de gas propano y est\u00e1 listo para cambiar, comun\u00edquese con el equipo de Miami Gas. \u00a1Estamos aqu\u00ed para ayudarlo!<\/div>\n<p>      <a href='\/es\/customer-service\/' class='btn btn-primary mt-3'>Cont\u00e1ctenos<\/a>\n    <\/p><\/div>\n<\/div>\n<div class='col-lg-4 d-flex align-items-stretch'>\n<div class='shadow border p-3 d-flex flex-column justify-content-between w-100'>\n<h4 class='text-center text-md-start'>Sobre nosotros<\/h4>\n<div>Estamos orgullosos de la historia de nuestra empresa y del papel que hemos desempe\u00f1ado para ayudar a nuestra comunidad a prosperar.<\/div>\n<p>      <a href='\/es\/about-us\/' class='btn btn-primary mt-3'>Sobre nosotros<\/a>\n    <\/p><\/div>\n<\/div>\n<\/div>\n<div class='row'>\n<div class='col-lg-8 m-auto'>\n<div class='alert alert-success my-4 text-center'>\n      <strong>NOTA:<\/strong> Las emergencias relacionadas con el propano requieren atenci\u00f3n inmediata. En caso de emergencia, no nos env\u00ede un correo electr\u00f3nico. Ll\u00e1menos al <a href='tel:(305) 564-1798'>(305) 564-1798.<\/a>\n    <\/div>\n<\/div>\n<\/div>\n<div class='row'>\n<div class='col-xl-12 mt-3'>\n<h3 class='pb-2'>Puede encontrar nuestra oficina en:<\/h3>\n<\/div>\n<\/div>\n<div class='border'>\n<div class='row'>\n<div class='col-xl-4 p-4 px-5'>\n<p>\n        <strong>DIRECCI\u00d3N:<\/strong><br \/>\n        <br \/>Gas de Miami 2747 NW 21st St, Miami, FL 33142\n      <\/p>\n<hr \/>\n<p>\n        <strong>Tel\u00e9fono:<\/strong><br \/>\n        <br \/>\n        <a href='tel:(305) 564-1798'>(305) 564-1798<\/a>\n      <\/p>\n<hr \/>\n<p>\n        <strong>Horas:<\/strong><br \/>\n        <br \/>Domingo: Cerrado <br \/>Lunes: 7:30 am \u2013 5:00 pm <br \/>Martes: 7:30 am \u2013 5:00 pm <br \/>Mi\u00e9rcoles: 7:30 am \u2013 5:00 pm <br \/>Jueves: 7:30 am \u2013 5:00 pm <br \/>Viernes: 7:30 am \u2013 5:00 pm <br \/>S\u00e1bado: 7:30 am \u2013 1:00 pm \n      <\/p>\n<\/div>\n<div class='col-xl-8'>\n      <iframe frameborder='0' style='border:0' src='https:\/\/www.google.com\/maps\/embed\/v1\/place?key=AIzaSyBTF1Ud6DsqUqSiSNB0UtzD2jzIiQAbUtU&#038;q=Miami Gas 2747 NW 21st St, Miami, FL 33142' width='100%' height='100%' allowfullscreen><\/iframe><br \/>\n      <noframes>Lo sentimos, tu navegador no admite marcos.<\/noframes>\n    <\/div>\n<\/div>\n<\/div>\n<div class='my-5'>\n<h3 class='pb-2'>Servicios de gas en Miami<\/h3>\n<div class='row g-4 justify-content-center'>\n<div class='row g-2 justify-content-center'>\n<div class='col-lg-4 d-flex align-items-stretch'>\n<div class='my-3 p-2 d-flex border shadow flex-column align-items-center justify-content-start w-100'>\n<h3 class='text-center py-3'>PROPANO<\/h3>\n<ul>\n<li class='m-3'>Entrega de propano a su domicilio.<\/li>\n<li class='m-3'>Profesional <a href=\"https:\/\/miamigas.com\/es\/residential-propane\/tanks-monitoring\/\" title=\"instalaci\u00f3n de tanque de propano\">instalaci\u00f3n de tanque de propano<\/a>.<\/li>\n<li class='m-3'>Servicios comerciales de propano para su negocio.<\/li>\n<\/ul><\/div>\n<\/div>\n<div class='col-lg-4 d-flex align-items-stretch'>\n<div class='my-3 p-2 d-flex border shadow flex-column align-items-center justify-content-start w-100'>\n<h3 class='text-center py-3'>TANQUE DE PROPANO<\/h3>\n<ul>\n<li class='m-3'>Instalaci\u00f3n profesional de tanque de propano.<\/li>\n<li class='m-3'>Alquile un tanque de propano con nosotros: \u00a1nos encargamos de todo el mantenimiento!<\/li>\n<li class='m-3'>Contamos con una variedad de tama\u00f1os de tanques de propano.<\/li>\n<\/ul><\/div>\n<\/div>\n<div class='col-lg-4 d-flex align-items-stretch'>\n<div class='my-3 p-2 d-flex border shadow flex-column align-items-center justify-content-start w-100'>\n<h3 class='text-center py-3'>TANQUE DE PARRILLA<\/h3>\n<ul>\n<li class='m-3'><a href=\"https:\/\/miamigas.com\/es\/equipment-service\/outdoor-living\/\" title=\"Parrilla de propano\">Parrilla de propano<\/a> Recarga de tanque en nuestra oficina de Miami.<\/li>\n<li class='m-3'>Ahorre dinero rellenando su cilindro de propano.<\/li>\n<\/ul><\/div>\n<\/div>\n<div class='col-lg-4 d-flex align-items-stretch'>\n<div class='my-3 p-2 d-flex border shadow flex-column align-items-center justify-content-start w-100'>\n<h3 class='text-center py-3'>M\u00c1QUINA ELEVADORA<\/h3>\n<ul>\n<li class='m-3'><a href=\"https:\/\/miamigas.com\/es\/commercial\/forklift-cylinder-exchange\/\" title=\"Cilindro de carretilla elevadora\">Cilindro de carretilla elevadora<\/a> Programa de intercambio de tanques de propano.<\/li>\n<li class='m-3'>Cont\u00e1ctenos para obtener m\u00e1s servicios de cilindros de propano para montacargas.<\/li>\n<\/ul><\/div>\n<\/div>\n<div class='col-lg-4 d-flex align-items-stretch'>\n<div class='my-3 p-2 d-flex border shadow flex-column align-items-center justify-content-start w-100'>\n<h3 class='text-center py-3'>GENERADOR<\/h3>\n<ul>\n<li class='m-3'>Proporcionamos instalaci\u00f3n de generadores en sitio.<\/li>\n<li class='m-3'>Servicios de mantenimiento de generadores para mantener su generador funcionando sin problemas cuando m\u00e1s lo necesita.<\/li>\n<li class='m-3'>Ll\u00e1manos para servicios profesionales de generador.<\/li>\n<\/ul><\/div>\n<\/div>\n<div class='col-lg-4 d-flex align-items-stretch'>\n<div class='my-3 p-2 d-flex border shadow flex-column align-items-center justify-content-start w-100'>\n<h3 class='text-center py-3'>CALENTADOR DE ESPACIO A PROPANO<\/h3>\n<ul>\n<li class='m-3'>Podemos instalar propano en interiores. <a href=\"https:\/\/miamigas.com\/es\/equipment-service\/space-heaters\/\" title=\"calentadores espaciales\">calentadores espaciales<\/a>.<\/li>\n<li class='m-3'>Tambi\u00e9n damos servicio a calentadores de ambiente a propano existentes.<\/li>\n<\/ul><\/div>\n<\/div>\n<\/div>\n<\/div>\n<\/div>\n<\/div>","protected":false},"excerpt":{"rendered":"<p>Propane Delivery for Residential Customers in Coral Gables, FL Miami Gas is the Go-To Provider of Propane Delivery in Miami-Dade County. The trained, dedicated team at Miami Gas is ready to handle your propane needs. By choosing us, you can trust that you&rsquo;ll receive a level of dependability and dedication that&rsquo;s hard to find in [&hellip;]<\/p>","protected":false},"author":4,"featured_media":0,"parent":9,"menu_order":0,"comment_status":"closed","ping_status":"closed","template":"","meta":{"footnotes":""},"class_list":["post-599","page","type-page","status-publish","hentry"],"_links":{"self":[{"href":"https:\/\/miamigas.com\/es\/wp-json\/wp\/v2\/pages\/599","targetHints":{"allow":["GET"]}}],"collection":[{"href":"https:\/\/miamigas.com\/es\/wp-json\/wp\/v2\/pages"}],"about":[{"href":"https:\/\/miamigas.com\/es\/wp-json\/wp\/v2\/types\/page"}],"author":[{"embeddable":true,"href":"https:\/\/miamigas.com\/es\/wp-json\/wp\/v2\/users\/4"}],"replies":[{"embeddable":true,"href":"https:\/\/miamigas.com\/es\/wp-json\/wp\/v2\/comments?post=599"}],"version-history":[{"count":5,"href":"https:\/\/miamigas.com\/es\/wp-json\/wp\/v2\/pages\/599\/revisions"}],"predecessor-version":[{"id":642,"href":"https:\/\/miamigas.com\/es\/wp-json\/wp\/v2\/pages\/599\/revisions\/642"}],"up":[{"embeddable":true,"href":"https:\/\/miamigas.com\/es\/wp-json\/wp\/v2\/pages\/9"}],"wp:attachment":[{"href":"https:\/\/miamigas.com\/es\/wp-json\/wp\/v2\/media?parent=599"}],"curies":[{"name":"wp","href":"https:\/\/api.w.org\/{rel}","templated":true}]}}