{"id":595,"date":"2024-08-22T09:07:32","date_gmt":"2024-08-22T13:07:32","guid":{"rendered":"https:\/\/www.miamigas.com\/?page_id=595"},"modified":"2024-10-19T22:21:33","modified_gmt":"2024-10-20T02:21:33","slug":"fort-lauderdale-fl","status":"publish","type":"page","link":"https:\/\/miamigas.com\/es\/residential-propane\/fort-lauderdale-fl\/","title":{"rendered":"Fort Lauderdale, Florida"},"content":{"rendered":"<div class=\"container\">\n<h1>Incre\u00edble entrega de propano en Fort Lauderdale, FL<\/h1>\n<h2>Miami Gas es el proveedor de entrega de propano m\u00e1s confiable de Fort Lauderdale<\/h2>\n<p><img loading=\"lazy\" decoding=\"async\" src=\"https:\/\/miamigas.com\/wp-content\/uploads\/2023\/09\/propaneDelivery1.jpg\" alt=\"propane delivery\" width=\"531\" height=\"376\" class=\"alignright size-full wp-image-183\" srcset=\"https:\/\/miamigas.com\/wp-content\/uploads\/2023\/09\/propaneDelivery1.jpg 531w, https:\/\/miamigas.com\/wp-content\/uploads\/2023\/09\/propaneDelivery1-300x212.jpg 300w\" sizes=\"auto, (max-width: 531px) 100vw, 531px\" \/><\/p>\n<p>Si est\u00e1s buscando una <a href=\"https:\/\/miamigas.com\/es\/residential-propane\/propane-delivery\/\" title=\"entrega de propano\">entrega de propano<\/a> Si es una empresa comprometida con la seguridad, la asequibilidad y la satisfacci\u00f3n del cliente, ha llegado al lugar correcto. Al elegirnos, puede confiar en que recibir\u00e1 un nivel de confiabilidad y dedicaci\u00f3n que es dif\u00edcil de encontrar en el mundo acelerado de hoy. Con nuestros servicios de entrega de propano r\u00e1pidos y confiables, puede estar seguro de que siempre tendr\u00e1 el propano que necesita cuando m\u00e1s lo necesita. Puede confiar en que siempre estaremos all\u00ed cuando nos necesite, brind\u00e1ndole los servicios que necesita para estar c\u00f3modo todo el a\u00f1o.<\/p>\n<p class='fw-bold'> Ofrecemos una gama de servicios a nuestros clientes de propano. <\/p>\n<div class='mx-auto col-lg-10'>\n<ul>\n<li>Cuando otras compa\u00f1\u00edas de combustible no pueden manejar las entregas, el equipo de Miami Gas est\u00e1 all\u00ed para brindar servicio a nuestros clientes.<\/li>\n<li>En Miami Gas, creemos que un servicio de alta calidad debe tener un precio justo, por eso nos esforzamos por ofrecer tarifas competitivas sin sacrificar la calidad.<\/li>\n<li>Creemos que tener relaciones s\u00f3lidas con los proveedores y amplios recursos es esencial para brindar a nuestros clientes los mejores servicios posibles de entrega de propano.<\/li>\n<li>Nuestro portal de pagos en l\u00ednea es s\u00f3lo una de las muchas formas en que nos esforzamos por hacer que nuestros servicios sean lo m\u00e1s f\u00e1ciles de usar y sin complicaciones posible para nuestros clientes.<\/li>\n<\/ul>\n<\/div>\n<p>\n  <strong>\u00bfPor qu\u00e9 esperar? Cont\u00e1ctenos hoy para disfrutar del mejor servicio de entrega de propano.<\/strong>\n<\/p>\n<div class='row my-5'>\n<div class='col-lg-4 d-flex align-items-stretch'>\n<div class='shadow border p-3 d-flex flex-column justify-content-between w-100'>\n<h4 class='text-center text-md-start'>Rese\u00f1as<\/h4>\n<div>Nuestro compromiso con la satisfacci\u00f3n del cliente se refleja en los excelentes testimonios que recibimos de clientes satisfechos.<\/div>\n<p>      <a href='\/es\/about-us\/customer-reviews\/' class='btn btn-primary mt-3'>Lea nuestras rese\u00f1as<\/a>\n    <\/p><\/div>\n<\/div>\n<div class='col-lg-4 d-flex align-items-stretch'>\n<div class='shadow border p-3 d-flex flex-column justify-content-between w-100'>\n<h4 class='text-center text-md-start'>Cont\u00e1ctenos<\/h4>\n<div>Para la mejor entrega de propano en Fort Lauderdale, cuente con el equipo de Miami Gas. <a href=\"https:\/\/miamigas.com\/es\/customer-service\/\" title=\"P\u00f3ngase en contacto con nosotros\">P\u00f3ngase en contacto con nosotros<\/a> \u00a1hoy!<\/div>\n<p>      <a href='\/es\/customer-service\/' class='btn btn-primary mt-3'>Cont\u00e1ctenos<\/a>\n    <\/p><\/div>\n<\/div>\n<div class='col-lg-4 d-flex align-items-stretch'>\n<div class='shadow border p-3 d-flex flex-column justify-content-between w-100'>\n<h4 class='text-center text-md-start'>Sobre nosotros<\/h4>\n<div>Hemos superado muchos desaf\u00edos a lo largo de los a\u00f1os, pero nuestro compromiso con la calidad y el servicio nunca ha flaqueado.<\/div>\n<p>      <a href='\/es\/about-us\/' class='btn btn-primary mt-3'>Sobre nosotros<\/a>\n    <\/p><\/div>\n<\/div>\n<\/div>\n<div class='row'>\n<div class='col-lg-8 m-auto'>\n<div class='alert alert-success my-4 text-center'>\n      <strong>NOTA:<\/strong> Si tiene una emergencia, NO nos env\u00ede un correo electr\u00f3nico ni se comunique con nosotros en l\u00ednea. Ll\u00e1menos al <a href='tel:(305) 564-1798'>(305) 564-1798<\/a> En cualquier momento: \u00a1tenemos personal disponible las 24 horas del d\u00eda, listo para ayudar!\n    <\/div>\n<\/div>\n<\/div>\n<div class='row'>\n<div class='col-xl-12 mt-3'>\n<h3 class='pb-2'>Estamos ubicados en:<\/h3>\n<\/div>\n<\/div>\n<div class='border'>\n<div class='row'>\n<div class='col-xl-4 p-4 px-5'>\n<p>\n        <strong>DIRECCI\u00d3N:<\/strong><br \/>\n        <br \/>Gas de Miami 2747 NW 21st St, Miami, FL 33142\n      <\/p>\n<hr \/>\n<p>\n        <strong>Tel\u00e9fono:<\/strong><br \/>\n        <br \/>\n        <a href='tel:(305) 564-1798'>(305) 564-1798<\/a>\n      <\/p>\n<hr \/>\n<p>\n        <strong>Horas:<\/strong><br \/>\n        <br \/>Domingo: Cerrado <br \/>Lunes: 7:30 am \u2013 5:00 pm <br \/>Martes: 7:30 am \u2013 5:00 pm <br \/>Mi\u00e9rcoles: 7:30 am \u2013 5:00 pm <br \/>Jueves: 7:30 am \u2013 5:00 pm <br \/>Viernes: 7:30 am \u2013 5:00 pm <br \/>S\u00e1bado: 7:30 am \u2013 1:00 pm \n      <\/p>\n<\/div>\n<div class='col-xl-8'>\n      <iframe frameborder='0' style='border:0' src='https:\/\/www.google.com\/maps\/embed\/v1\/place?key=AIzaSyBTF1Ud6DsqUqSiSNB0UtzD2jzIiQAbUtU&#038;q=Miami Gas 2747 NW 21st St, Miami, FL 33142' width='100%' height='100%' allowfullscreen><\/iframe><br \/>\n      <noframes>Lo sentimos, tu navegador no admite marcos.<\/noframes>\n    <\/div>\n<\/div>\n<\/div>\n<div class='my-5'>\n<h3 class='pb-2'>Servicios de gas en Miami<\/h3>\n<div class='row g-4 justify-content-center'>\n<div class='row g-2 justify-content-center'>\n<div class='col-lg-4 d-flex align-items-stretch'>\n<div class='my-3 p-2 d-flex border shadow flex-column align-items-center justify-content-start w-100'>\n<h3 class='text-center py-3'>PROPANO<\/h3>\n<ul>\n<li class='m-3'>Entrega de propano a su domicilio.<\/li>\n<li class='m-3'>Profesional <a href=\"https:\/\/miamigas.com\/es\/residential-propane\/tanks-monitoring\/\" title=\"instalaci\u00f3n de tanque de propano\">instalaci\u00f3n de tanque de propano<\/a>.<\/li>\n<li class='m-3'>Servicios comerciales de propano para su negocio.<\/li>\n<\/ul><\/div>\n<\/div>\n<div class='col-lg-4 d-flex align-items-stretch'>\n<div class='my-3 p-2 d-flex border shadow flex-column align-items-center justify-content-start w-100'>\n<h3 class='text-center py-3'>TANQUE DE PROPANO<\/h3>\n<ul>\n<li class='m-3'>Instalaci\u00f3n profesional de tanque de propano.<\/li>\n<li class='m-3'>Alquile un tanque de propano con nosotros: \u00a1nos encargamos de todo el mantenimiento!<\/li>\n<li class='m-3'>Contamos con una variedad de tama\u00f1os de tanques de propano.<\/li>\n<\/ul><\/div>\n<\/div>\n<div class='col-lg-4 d-flex align-items-stretch'>\n<div class='my-3 p-2 d-flex border shadow flex-column align-items-center justify-content-start w-100'>\n<h3 class='text-center py-3'>TANQUE DE PARRILLA<\/h3>\n<ul>\n<li class='m-3'><a href=\"https:\/\/miamigas.com\/es\/equipment-service\/outdoor-living\/\" title=\"Parrilla de propano\">Parrilla de propano<\/a> Recargas de tanques en nuestra ubicaci\u00f3n de Miami.<\/li>\n<li class='m-3'>Ahorre dinero rellenando su cilindro de propano.<\/li>\n<\/ul><\/div>\n<\/div>\n<div class='col-lg-4 d-flex align-items-stretch'>\n<div class='my-3 p-2 d-flex border shadow flex-column align-items-center justify-content-start w-100'>\n<h3 class='text-center py-3'>M\u00c1QUINA ELEVADORA<\/h3>\n<ul>\n<li class='m-3'><a href=\"https:\/\/miamigas.com\/es\/commercial\/forklift-cylinder-exchange\/\" title=\"Cilindro de carretilla elevadora\">Cilindro de carretilla elevadora<\/a> Programa de intercambio de tanques de propano.<\/li>\n<li class='m-3'>Cont\u00e1ctenos para obtener m\u00e1s servicios de cilindros de propano para montacargas.<\/li>\n<\/ul><\/div>\n<\/div>\n<div class='col-lg-4 d-flex align-items-stretch'>\n<div class='my-3 p-2 d-flex border shadow flex-column align-items-center justify-content-start w-100'>\n<h3 class='text-center py-3'>GENERADOR<\/h3>\n<ul>\n<li class='m-3'>Proporcionamos instalaci\u00f3n de generadores en sitio.<\/li>\n<li class='m-3'>Servicios de mantenimiento de generadores para mantener su generador funcionando sin problemas cuando m\u00e1s lo necesita.<\/li>\n<li class='m-3'>Ll\u00e1manos para servicios profesionales de generador.<\/li>\n<\/ul><\/div>\n<\/div>\n<div class='col-lg-4 d-flex align-items-stretch'>\n<div class='my-3 p-2 d-flex border shadow flex-column align-items-center justify-content-start w-100'>\n<h3 class='text-center py-3'>CALENTADOR DE ESPACIO A PROPANO<\/h3>\n<ul>\n<li class='m-3'>Podemos instalar propano en interiores. <a href=\"https:\/\/miamigas.com\/es\/equipment-service\/space-heaters\/\" title=\"calentadores espaciales\">calentadores espaciales<\/a>.<\/li>\n<li class='m-3'>Tambi\u00e9n damos servicio a calentadores de ambiente a propano existentes.<\/li>\n<\/ul><\/div>\n<\/div>\n<\/div>\n<\/div>\n<\/div>\n<\/div>","protected":false},"excerpt":{"rendered":"<p>Amazing Propane Delivery in Fort Lauderdale, FL Miami Gas is Fort Lauderdale&#8217;s Most Trusted Propane Delivery provider If you&#8217;re looking for a propane delivery company that is committed to safety, affordability, and customer satisfaction, you&rsquo;ve come to the right place. By choosing us, you can trust that you&rsquo;ll receive a level of dependability and dedication [&hellip;]<\/p>","protected":false},"author":4,"featured_media":0,"parent":9,"menu_order":0,"comment_status":"closed","ping_status":"closed","template":"","meta":{"footnotes":""},"class_list":["post-595","page","type-page","status-publish","hentry"],"_links":{"self":[{"href":"https:\/\/miamigas.com\/es\/wp-json\/wp\/v2\/pages\/595","targetHints":{"allow":["GET"]}}],"collection":[{"href":"https:\/\/miamigas.com\/es\/wp-json\/wp\/v2\/pages"}],"about":[{"href":"https:\/\/miamigas.com\/es\/wp-json\/wp\/v2\/types\/page"}],"author":[{"embeddable":true,"href":"https:\/\/miamigas.com\/es\/wp-json\/wp\/v2\/users\/4"}],"replies":[{"embeddable":true,"href":"https:\/\/miamigas.com\/es\/wp-json\/wp\/v2\/comments?post=595"}],"version-history":[{"count":6,"href":"https:\/\/miamigas.com\/es\/wp-json\/wp\/v2\/pages\/595\/revisions"}],"predecessor-version":[{"id":641,"href":"https:\/\/miamigas.com\/es\/wp-json\/wp\/v2\/pages\/595\/revisions\/641"}],"up":[{"embeddable":true,"href":"https:\/\/miamigas.com\/es\/wp-json\/wp\/v2\/pages\/9"}],"wp:attachment":[{"href":"https:\/\/miamigas.com\/es\/wp-json\/wp\/v2\/media?parent=595"}],"curies":[{"name":"wp","href":"https:\/\/api.w.org\/{rel}","templated":true}]}}