{"id":57,"date":"2023-09-06T18:36:12","date_gmt":"2023-09-06T22:36:12","guid":{"rendered":"http:\/\/miamigas.com\/about-us\/service-area\/"},"modified":"2024-02-15T14:33:06","modified_gmt":"2024-02-15T19:33:06","slug":"service-area","status":"publish","type":"page","link":"https:\/\/miamigas.com\/es\/about-us\/service-area\/","title":{"rendered":"V\u00eda de Serv\u00edcio"},"content":{"rendered":"<h1>V\u00eda de Serv\u00edcio<\/h1>\n<p><img loading=\"lazy\" decoding=\"async\" src=\"\/wp-content\/uploads\/2023\/09\/service-area-map.jpg\" alt=\"service area map\" width=\"527\" height=\"497\" class=\"alignright\" \/><\/p>\n<h2>Descubra si Miami Gas sirve a su comunidad<\/h2>\n<p>Miami Gas es el l\u00edder del sur de Florida en servicios personalizados y receptivos. <a href=\"https:\/\/miamigas.com\/es\/residential-propane\/propane-delivery\/\" title=\"entrega de propano\">entrega de propano<\/a> y servicio adaptado a las necesidades de nuestros vecinos.<\/p>\n<p>Ingrese su c\u00f3digo postal hoy para saber si brindamos servicio a su vecindario.<\/p>\n<p><strong>Busque su c\u00f3digo postal:<\/strong><form action=\"#servicearea\" method=\"get\" class=\"d-flex align-items-center\" data-trp-original-action=\"#servicearea\"><input name=\"zip-code-search-string\" placeholder=\"C\u00f3digo postal\" id=\"servicearea\" onkeyup=\"showCustomer(this.value)\" type=\"text\" value=\"\" class=\"me-3\"\/><button class=\"btn btn-primo\">Buscar<\/button><input type=\"hidden\" name=\"trp-form-language\" value=\"es\"\/><\/form><br \/>\n<\/p>","protected":false},"excerpt":{"rendered":"<p>\u00c1rea de servicio Descubra si Miami Gas presta servicios a su comunidad Miami Gas es el l\u00edder del sur de Florida en entrega de propano personalizada y receptiva y servicio adaptado para satisfacer las necesidades de nuestros vecinos. Ingrese su c\u00f3digo postal hoy para saber si brindamos servicio a su vecindario.<\/p>","protected":false},"author":4,"featured_media":0,"parent":45,"menu_order":5,"comment_status":"closed","ping_status":"closed","template":"","meta":{"footnotes":""},"class_list":["post-57","page","type-page","status-publish","hentry"],"_links":{"self":[{"href":"https:\/\/miamigas.com\/es\/wp-json\/wp\/v2\/pages\/57","targetHints":{"allow":["GET"]}}],"collection":[{"href":"https:\/\/miamigas.com\/es\/wp-json\/wp\/v2\/pages"}],"about":[{"href":"https:\/\/miamigas.com\/es\/wp-json\/wp\/v2\/types\/page"}],"author":[{"embeddable":true,"href":"https:\/\/miamigas.com\/es\/wp-json\/wp\/v2\/users\/4"}],"replies":[{"embeddable":true,"href":"https:\/\/miamigas.com\/es\/wp-json\/wp\/v2\/comments?post=57"}],"version-history":[{"count":5,"href":"https:\/\/miamigas.com\/es\/wp-json\/wp\/v2\/pages\/57\/revisions"}],"predecessor-version":[{"id":530,"href":"https:\/\/miamigas.com\/es\/wp-json\/wp\/v2\/pages\/57\/revisions\/530"}],"up":[{"embeddable":true,"href":"https:\/\/miamigas.com\/es\/wp-json\/wp\/v2\/pages\/45"}],"wp:attachment":[{"href":"https:\/\/miamigas.com\/es\/wp-json\/wp\/v2\/media?parent=57"}],"curies":[{"name":"wp","href":"https:\/\/api.w.org\/{rel}","templated":true}]}}