{"id":53,"date":"2023-09-06T18:36:12","date_gmt":"2023-09-06T22:36:12","guid":{"rendered":"http:\/\/miamigas.com\/about-us\/careers\/"},"modified":"2024-02-15T14:32:57","modified_gmt":"2024-02-15T19:32:57","slug":"careers","status":"publish","type":"page","link":"https:\/\/miamigas.com\/es\/about-us\/careers\/","title":{"rendered":"Carreras"},"content":{"rendered":"<h1>Carreras con Miami Gas<\/h1>\n<p><img loading=\"lazy\" decoding=\"async\" src=\"\/wp-content\/uploads\/2023\/09\/Careers1.jpg\" alt=\"careers\" width=\"531\" height=\"376\" class=\"alignright\" \/><\/p>\n<h2>\u00a1Ven a trabajar con los mejores del sector!<\/h2>\n<p>Al ser una empresa local de propiedad familiar, el equipo de Miami Gas sabe que nuestro servicio es lo que nos diferencia de otras empresas de propano regionales y nacionales. Es por eso que, todos los d\u00edas, nuestro objetivo es asegurarnos de que cada cliente est\u00e9 satisfecho con nuestro servicio.<\/p>\n<p>Nuestro <a href=\"https:\/\/miamigas.com\/es\/about-us\/meet-the-team\/\" title=\"empleados\">empleados<\/a>, incluidos aquellos que entregan propano, brindan servicio experto en electrodom\u00e9sticos de propano y trabajan en la oficina, mantienen altos est\u00e1ndares de calidad de servicio y est\u00e1n dedicados a tratar a los clientes con respeto y honestidad. Esto se debe a que la esencia de lo que hacemos es conocer a nuestros clientes por su nombre, no por su n\u00famero de cuenta. \u00a1Eso es lo que hacen los vecinos!<\/p>\n<p>Miami Gas est\u00e1 contratando miembros del equipo que se enorgullecen de su trabajo para unirse a nuestra empresa en crecimiento. Ofrecemos un salario competitivo y un paquete de beneficios y brindamos oportunidades de capacitaci\u00f3n en la industria del propano. Nuestro lugar de trabajo es amigable y respetuoso.<\/p>\n<p>Por favor presente su solicitud utilizando nuestro formulario de solicitud de empleo. \u00a1Esperamos tener noticias suyas pronto!<\/p>\n<div class='fluentform ff-default fluentform_wrapper_8 ffs_default_wrap'><form data-form_id=\"8\" id=\"fluentform_8\" class=\"frm-fluent-form fluent_form_8 ff-el-form-top ff_form_instance_8_1 ff-form-loading ffs_default\" data-form_instance=\"ff_form_instance_8_1\" method=\"POST\" action=\"\"><fieldset  style=\"border: none!important;margin: 0!important;padding: 0!important;background-color: transparent!important;box-shadow: none!important;outline: none!important; min-inline-size: 100%;\">\n                    <legend class=\"ff_screen_reader_title\" style=\"display: block; margin: 0!important;padding: 0!important;height: 0!important;text-indent: -999999px;width: 0!important;overflow:hidden;\">Formulario de Carreras<\/legend><input type='hidden' name='__fluent_form_embded_post_id' value='53' \/><input type=\"hidden\" id=\"_fluentform_8_fluentformnonce\" name=\"_fluentform_8_fluentformnonce\" value=\"3f992256fe\" \/><input type=\"hidden\" name=\"_wp_http_referer\" value=\"\/es\/wp-json\/wp\/v2\/pages\/53\" \/><div data-type=\"name-element\" data-name=\"names\" class=\"ff-field_container ff-name-field-wrapper\"><div class='ff-t-container'><div class='ff-t-cell'><div class='ff-el-group  ff-el-form-top'><div class=\"ff-el-input--label asterisk-right\"><label for='ff_8_names_first_name_' id='label_ff_8_names_first_name_'>Nombre de pila<\/label><\/div><div class='ff-el-input--content'><input type=\"text\" name=\"names[first_name]\" id=\"ff_8_names_first_name_\" class=\"ff-el-form-control\" placeholder=\"Nombre de pila\" aria-invalid=\"false\" aria-required=\"false\/\"><\/div><\/div><\/div><div class='ff-t-cell'><div class='ff-el-group  ff-el-form-top'><div class=\"ff-el-input--label asterisk-right\"><label for='ff_8_names_last_name_' id='label_ff_8_names_last_name_'>Apellido<\/label><\/div><div class='ff-el-input--content'><input type=\"text\" name=\"names[last_name]\" id=\"ff_8_names_last_name_\" class=\"ff-el-form-control\" placeholder=\"Apellido\" aria-invalid=\"false\" aria-required=\"false\/\"><\/div><\/div><\/div><\/div><\/div><div class=\"ff-name-address-wrapper fluent-address\" data-type=\"address-element\" data-name=\"address_1\"><div class='ff-el-input--label'><label aria-label=\"Su direcci\u00f3n\">Su direcci\u00f3n<\/label><\/div><div class='ff-el-input--content'><div class='ff-t-container'><div class='ff-t-cell'><div class='ff-el-group'><div class=\"ff-el-input--label asterisk-right\"><label for='ff_8_address_1_address_line_1_' id='label_ff_8_address_1_address_line_1_' aria-label=\"Direcci\u00f3n L\u00ednea 1\">Direcci\u00f3n L\u00ednea 1<\/label><\/div><div class='ff-el-input--content'><input type=\"text\" name=\"address_1[address_line_1]\" id=\"ff_8_address_1_address_line_1_\" class=\"ff-el-form-control\" placeholder=\"Direcci\u00f3n L\u00ednea 1\" data-key_name=\"address_line_1\"  aria-invalid=\"false\" aria-required=\"false\/\"><\/div><\/div><\/div><div class='ff-t-cell'><div class='ff-el-group'><div class=\"ff-el-input--label asterisk-right\"><label for='ff_8_address_1_address_line_2_' id='label_ff_8_address_1_address_line_2_' aria-label=\"L\u00ednea de direcci\u00f3n 2\">L\u00ednea de direcci\u00f3n 2<\/label><\/div><div class='ff-el-input--content'><input type=\"text\" name=\"address_1[address_line_2]\" id=\"ff_8_address_1_address_line_2_\" class=\"ff-el-form-control\" placeholder=\"L\u00ednea de direcci\u00f3n 2\" data-key_name=\"address_line_2\"  aria-invalid=\"false\" aria-required=\"false\/\"><\/div><\/div><\/div><\/div><div class='ff-t-container'><div class='ff-t-cell'><div class='ff-el-group'><div class=\"ff-el-input--label asterisk-right\"><label for='ff_8_address_1_city_' id='label_ff_8_address_1_city_' aria-label=\"Ciudad\">Ciudad<\/label><\/div><div class='ff-el-input--content'><input type=\"text\" name=\"address_1[city]\" id=\"ff_8_address_1_city_\" class=\"ff-el-form-control\" placeholder=\"Ciudad\" data-key_name=\"city\"  aria-invalid=\"false\" aria-required=\"false\/\"><\/div><\/div><\/div><div class='ff-t-cell'><div class='ff-el-group'><div class=\"ff-el-input--label asterisk-right\"><label for='ff_8_address_1_state_' id='label_ff_8_address_1_state_' aria-label=\"Estado\">Estado<\/label><\/div><div class='ff-el-input--content'><input type=\"text\" name=\"address_1[state]\" id=\"ff_8_address_1_state_\" class=\"ff-el-form-control\" placeholder=\"Estado\" data-key_name=\"state\"  aria-invalid=\"false\" aria-required=\"false\/\"><\/div><\/div><\/div><\/div><div class='ff-t-container'><div class='ff-t-cell'><div class='ff-el-group'><div class=\"ff-el-input--label asterisk-right\"><label for='ff_8_address_1_zip_' id='label_ff_8_address_1_zip_' aria-label=\"C\u00f3digo postal\">C\u00f3digo postal<\/label><\/div><div class='ff-el-input--content'><input type=\"text\" name=\"address_1[zip]\" id=\"ff_8_address_1_zip_\" class=\"ff-el-form-control\" placeholder=\"Cremallera\" data-key_name=\"zip\"  aria-invalid=\"false\" aria-required=\"false\/\"><\/div><\/div><\/div><div class='ff-t-cell'><div class='ff-el-group'><div class=\"ff-el-input--label asterisk-right\"><label for='ff_8_address_1_country_' id='label_ff_8_address_1_country_' aria-label=\"Pa\u00eds\">Pa\u00eds<\/label><\/div><div class='ff-el-input--content'><select name=\"address_1[country]\" id=\"ff_8_address_1_country_\" class=\"ff-el-form-control\" placeholder=\"Select Country\" data-key_name=\"country\" aria-invalid='false' aria-required=\"false\"><option value=''>Seleccionar pa\u00eds<\/option><option value='AF'>Afganist\u00e1n<\/option><option value='AX'>Islas Aland<\/option><option value='AL'>Albania<\/option><option value='DZ'>Argelia<\/option><option value='AS'>Samoa Americana<\/option><option value='AD'>Andorra<\/option><option value='AO'>Angola<\/option><option value='AI'>Anguila<\/option><option value='AQ'>Ant\u00e1rtida<\/option><option value='AG'>Antigua y Barbuda<\/option><option value='AR'>Argentina<\/option><option value='AM'>Armenia<\/option><option value='AW'>Aruba<\/option><option value='AU'>Australia<\/option><option value='AT'>Austria<\/option><option value='AZ'>Azerbaiy\u00e1n<\/option><option value='BS'>bahamas<\/option><option value='BH'>Bahr\u00e9in<\/option><option value='BD'>Bangladesh<\/option><option value='BB'>Barbados<\/option><option value='BY'>Bielorrusia<\/option><option value='PW'>Belau<\/option><option value='BE'>B\u00e9lgica<\/option><option value='BZ'>Belice<\/option><option value='BJ'>Ben\u00edn<\/option><option value='BM'>islas Bermudas<\/option><option value='BT'>But\u00e1n<\/option><option value='BO'>bolivia<\/option><option value='BQ'>Bonaire, San Eustaquio y Saba<\/option><option value='BA'>Bosnia y Herzegovina<\/option><option value='BW'>Botsuana<\/option><option value='BV'>Isla Bouvet<\/option><option value='BR'>Brasil<\/option><option value='IO'>Territorio Brit\u00e1nico del Oc\u00e9ano \u00cdndico<\/option><option value='VG'>Islas V\u00edrgenes Brit\u00e1nicas<\/option><option value='BN'>Brun\u00e9i<\/option><option value='BG'>Bulgaria<\/option><option value='BF'>Burkina Faso<\/option><option value='BI'>Burundi<\/option><option value='KH'>Camboya<\/option><option value='CM'>Camer\u00fan<\/option><option value='CA'>Canad\u00e1<\/option><option value='CV'>Cabo Verde<\/option><option value='KY'>Islas Caim\u00e1n<\/option><option value='CF'>Rep\u00fablica Centroafricana<\/option><option value='TD'>Chad<\/option><option value='CL'>Chile<\/option><option value='CN'>Porcelana<\/option><option value='CX'>Isla de Navidad<\/option><option value='CC'>Islas Cocos (Keeling)<\/option><option value='CO'>Colombia<\/option><option value='KM'>Comoras<\/option><option value='CK'>Islas Cook<\/option><option value='CR'>Costa Rica<\/option><option value='HR'>Croacia<\/option><option value='CU'>Cuba<\/option><option value='CW'>Cura\u00e7ao<\/option><option value='CY'>Chipre<\/option><option value='CZ'>Rep\u00fablica Checa<\/option><option value='CD'>Rep\u00fablica Democr\u00e1tica del Congo (Kinshasa)<\/option><option value='DK'>Dinamarca<\/option><option value='DJ'>Yibuti<\/option><option value='DM'>rep\u00fablica dominicana<\/option><option value='DO'>Rep\u00fablica Dominicana<\/option><option value='EC'>Ecuador<\/option><option value='EG'>Egipto<\/option><option value='SV'>El Salvador<\/option><option value='GQ'>Guinea Ecuatorial<\/option><option value='ER'>Eritrea<\/option><option value='EE'>Estonia<\/option><option value='ET'>Etiop\u00eda<\/option><option value='FK'>Islas Malvinas<\/option><option value='FO'>Islas Faroe<\/option><option value='FJ'>Fiyi<\/option><option value='FI'>Finlandia<\/option><option value='FR'>Francia<\/option><option value='GF'>Guayana Francesa<\/option><option value='PF'>Polinesia franc\u00e9s<\/option><option value='TF'>Territorios Franceses del Sur<\/option><option value='GA'>Gab\u00f3n<\/option><option value='GM'>Gambia<\/option><option value='GE'>Georgia<\/option><option value='DE'>Alemania<\/option><option value='GH'>Ghana<\/option><option value='GI'>Gibraltar<\/option><option value='GR'>Grecia<\/option><option value='GL'>Groenlandia<\/option><option value='GD'>Granada<\/option><option value='GP'>Guadalupe<\/option><option value='GU'>Guam<\/option><option value='GT'>Guatemala<\/option><option value='GG'>Guernesey<\/option><option value='GN'>Guinea<\/option><option value='GW'>Guinea-Bis\u00e1u<\/option><option value='GY'>Guayana<\/option><option value='HT'>Hait\u00ed<\/option><option value='HM'>Islas Heard y McDonald<\/option><option value='HN'>Honduras<\/option><option value='HK'>Hong Kong<\/option><option value='HU'>Hungr\u00eda<\/option><option value='IS'>Islandia<\/option><option value='IN'>India<\/option><option value='ID'>Indonesia<\/option><option value='IR'>Ir\u00e1n<\/option><option value='IQ'>Irak<\/option><option value='IE'>Irlanda<\/option><option value='IM'>Isla del hombre<\/option><option value='IL'>Israel<\/option><option value='IT'>Italia<\/option><option value='CI'>Costa de Marfil<\/option><option value='JM'>Jamaica<\/option><option value='JP'>Jap\u00f3n<\/option><option value='JE'>Jersey<\/option><option value='JO'>Jord\u00e1n<\/option><option value='KZ'>Kazajst\u00e1n<\/option><option value='KE'>Kenia<\/option><option value='KI'>Kiribati<\/option><option value='XK'>Kosovo<\/option><option value='KW'>Kuwait<\/option><option value='KG'>Kirguist\u00e1n<\/option><option value='LA'>Laos<\/option><option value='LV'>Letonia<\/option><option value='LB'>L\u00edbano<\/option><option value='LS'>Lesoto<\/option><option value='LR'>Liberia<\/option><option value='LY'>Libia<\/option><option value='LI'>Liechtenstein<\/option><option value='LT'>Lituania<\/option><option value='LU'>Luxemburgo<\/option><option value='MO'>RAE de Macao, China<\/option><option value='MK'>macedonia<\/option><option value='MG'>Madagascar<\/option><option value='MW'>Malaui<\/option><option value='MY'>Malasia<\/option><option value='MV'>Maldivas<\/option><option value='ML'>Mal\u00ed<\/option><option value='MT'>Malta<\/option><option value='MH'>Islas Marshall<\/option><option value='MQ'>Martinica<\/option><option value='MR'>Mauritania<\/option><option value='MU'>Mauricio<\/option><option value='YT'>Mayotte<\/option><option value='MX'>M\u00e9xico<\/option><option value='FM'>Micronesia<\/option><option value='MD'>Moldavia<\/option><option value='MC'>M\u00f3naco<\/option><option value='MN'>Mongolia<\/option><option value='ME'>Montenegro<\/option><option value='MS'>Montserrat<\/option><option value='MA'>Marruecos<\/option><option value='MZ'>Mozambique<\/option><option value='MM'>Birmania<\/option><option value='NA'>Namibia<\/option><option value='NR'>Nauru<\/option><option value='NP'>Nepal<\/option><option value='NL'>Pa\u00edses Bajos<\/option><option value='NC'>Nueva Caledonia<\/option><option value='NZ'>Nueva Zelanda<\/option><option value='NI'>Nicaragua<\/option><option value='NE'>N\u00edger<\/option><option value='NG'>Nigeria<\/option><option value='NU'>Niue<\/option><option value='NF'>Isla Norfolk<\/option><option value='KP'>Corea del Norte<\/option><option value='MP'>Islas Marianas del Norte<\/option><option value='NO'>Noruega<\/option><option value='OM'>Om\u00e1n<\/option><option value='PK'>Pakist\u00e1n<\/option><option value='PS'>Territorio Palestino<\/option><option value='PA'>Panam\u00e1<\/option><option value='PG'>Pap\u00faa Nueva Guinea<\/option><option value='PY'>Paraguay<\/option><option value='PE'>Per\u00fa<\/option><option value='PH'>Filipinas<\/option><option value='PN'>Pitcairn<\/option><option value='PL'>Polonia<\/option><option value='PT'>Portugal<\/option><option value='PR'>Puerto Rico<\/option><option value='QA'>Katar<\/option><option value='CG'>Rep\u00fablica del Congo (Brazzaville)<\/option><option value='RE'>Reuni\u00f3n<\/option><option value='RO'>Rumania<\/option><option value='RU'>Rusia<\/option><option value='RW'>Ruanda<\/option><option value='BL'>Saint Barth\u00e9lemy<\/option><option value='SH'>santa elena<\/option><option value='KN'>San Crist\u00f3bal y Nieves<\/option><option value='LC'>Santa Luc\u00eda<\/option><option value='SX'>San Mart\u00edn (parte holandesa)<\/option><option value='MF'>San Mart\u00edn (parte francesa)<\/option><option value='PM'>San Pedro y Miquel\u00f3n<\/option><option value='VC'>San Vicente y las Granadinas<\/option><option value='WS'>Samoa<\/option><option value='SM'>San Marino<\/option><option value='ST'>Santo Tom\u00e9 y Pr\u00edncipe<\/option><option value='SA'>Arabia Saudita<\/option><option value='SN'>Senegal<\/option><option value='RS'>Serbia<\/option><option value='SC'>Seychelles<\/option><option value='SL'>Sierra Leona<\/option><option value='SG'>Singapur<\/option><option value='SK'>Eslovaquia<\/option><option value='SI'>Eslovenia<\/option><option value='SB'>Islas Salom\u00f3n<\/option><option value='SO'>Somalia<\/option><option value='ZA'>Sud\u00e1frica<\/option><option value='GS'>Georgias del Sur\/Islas Sandwich<\/option><option value='KR'>Corea del Sur<\/option><option value='SS'>Sud\u00e1n del Sur<\/option><option value='ES'>Espa\u00f1a<\/option><option value='LK'>Sri Lanka<\/option><option value='SD'>Sud\u00e1n<\/option><option value='SR'>Surinam<\/option><option value='SJ'>Svalbard y Jan Mayen<\/option><option value='SZ'>Suazilandia<\/option><option value='SE'>Suecia<\/option><option value='CH'>Suiza<\/option><option value='SY'>Siria<\/option><option value='TW'>Taiw\u00e1n<\/option><option value='TJ'>Tayikist\u00e1n<\/option><option value='TZ'>Tanzania<\/option><option value='TH'>Tailandia<\/option><option value='TL'>Timor Oriental<\/option><option value='TG'>Ir<\/option><option value='TK'>Tokelau<\/option><option value='TO'>Tonga<\/option><option value='TT'>Trinidad y Tobago<\/option><option value='TN'>T\u00fanez<\/option><option value='TM'>Turkmenist\u00e1n<\/option><option value='TC'>Islas Turcas y Caicos<\/option><option value='TV'>Tuvalu<\/option><option value='TR'>T\u00fcrkiye<\/option><option value='UG'>Uganda<\/option><option value='UA'>Ucrania<\/option><option value='AE'>Emiratos \u00c1rabes Unidos<\/option><option value='GB'>Reino Unido (Reino Unido)<\/option><option value='US'>Estados Unidos (EE.UU.)<\/option><option value='UM'>Estados Unidos (EE.UU.) Islas menores alejadas<\/option><option value='VI'>Islas V\u00edrgenes de los Estados Unidos (EE.UU.)<\/option><option value='UY'>Uruguay<\/option><option value='UZ'>Uzbekist\u00e1n<\/option><option value='VU'>Vanuatu<\/option><option value='VA'>Vaticano<\/option><option value='VE'>Venezuela<\/option><option value='VN'>Vietnam<\/option><option value='WF'>Wallis y Futuna<\/option><option value='EH'>Sahara Occidental<\/option><option value='YE'>Yemen<\/option><option value='ZM'>Zambia<\/option><option value='ZW'>Zimbabue<\/option><\/select><\/div><\/div><\/div><\/div><\/div><\/div><div class='ff-el-group'><div class=\"ff-el-input--label asterisk-right\"><label for='ff_8_numeric-field' id='label_ff_8_numeric-field' aria-label=\"N\u00famero de tel\u00e9fono\">N\u00famero de tel\u00e9fono<\/label><\/div><div class='ff-el-input--content'><input type=\"number\" name=\"numeric-field\" id=\"ff_8_numeric-field\" class=\"ff-el-form-control\" data-name=\"numeric-field\" inputmode=\"numeric\" step=\"any\"  aria-invalid=\"false\" aria-required=\"false\/\"><\/div><\/div><div class='ff-el-group'><div class=\"ff-el-input--label asterisk-right\"><label for='ff_8_email' id='label_ff_8_email' aria-label=\"Correo electr\u00f3nico\">Correo electr\u00f3nico<\/label><\/div><div class='ff-el-input--content'><input type=\"email\" name=\"email\" id=\"ff_8_email\" class=\"ff-el-form-control\" placeholder=\"Direcci\u00f3n de correo electr\u00f3nico\" data-name=\"email\"  aria-invalid=\"false\" aria-required=\"false\/\"><\/div><\/div><div class='ff-el-group'><div class=\"ff-el-input--label asterisk-right\"><label for='ff_8_description' id='label_ff_8_description' aria-label=\"Preguntas \/ Comentarios\">Preguntas \/ Comentarios<\/label><\/div><div class='ff-el-input--content'><textarea aria-required=\"false\" aria-labelledby=\"label_ff_8_description\" name=\"description\" id=\"ff_8_description\" class=\"ff-el-form-control\" rows=\"3\" cols=\"2\" data-name=\"description\"><\/textarea><\/div><\/div><div class='ff-el-group ff-text-left ff_submit_btn_wrapper'><button type=\"submit\" class=\"ff-btn ff-btn-submit ff-btn-md ff_btn_style\"  aria-label=\"Enviar formulario\">Enviar formulario<\/button><\/div><\/fieldset><input type=\"hidden\" name=\"trp-form-language\" value=\"es\"\/><\/form><div id='fluentform_8_errors' class='ff-errors-in-stack ff_form_instance_8_1 ff-form-loading_errors ff_form_instance_8_1_errors'><\/div><\/div>            <script type=\"text\/javascript\">\n                window.fluent_form_ff_form_instance_8_1 = {\"id\":\"8\",\"settings\":{\"layout\":{\"labelPlacement\":\"top\",\"helpMessagePlacement\":\"with_label\",\"errorMessagePlacement\":\"inline\",\"cssClassName\":\"\",\"asteriskPlacement\":\"asterisk-right\"},\"restrictions\":{\"denyEmptySubmission\":{\"enabled\":false}}},\"form_instance\":\"ff_form_instance_8_1\",\"form_id_selector\":\"fluentform_8\",\"rules\":{\"names[first_name]\":{\"required\":{\"value\":false,\"message\":\"This field is required\",\"global_message\":\"This field is required\",\"global\":true}},\"names[middle_name]\":{\"required\":{\"value\":false,\"message\":\"This field is required\",\"global_message\":\"This field is required\",\"global\":true}},\"names[last_name]\":{\"required\":{\"value\":false,\"message\":\"This field is required\",\"global_message\":\"This field is required\",\"global\":true}},\"address_1[address_line_1]\":{\"required\":{\"value\":false,\"message\":\"This field is required\",\"global_message\":\"This field is required\",\"global\":true}},\"address_1[address_line_2]\":{\"required\":{\"value\":false,\"message\":\"This field is required\",\"global_message\":\"This field is required\",\"global\":true}},\"address_1[city]\":{\"required\":{\"value\":false,\"message\":\"This field is required\",\"global_message\":\"This field is required\",\"global\":true}},\"address_1[state]\":{\"required\":{\"value\":false,\"message\":\"This field is required\",\"global_message\":\"This field is required\",\"global\":true}},\"address_1[zip]\":{\"required\":{\"value\":false,\"message\":\"This field is required\",\"global_message\":\"This field is required\",\"global\":true}},\"address_1[country]\":{\"required\":{\"value\":false,\"message\":\"This field is required\",\"global_message\":\"This field is required\",\"global\":true}},\"numeric-field\":{\"required\":{\"value\":false,\"message\":\"This field is required\",\"global_message\":\"This field is required\",\"global\":true},\"numeric\":{\"value\":true,\"message\":\"This field must contain numeric value\",\"global_message\":\"This field must contain numeric value\",\"global\":true},\"min\":{\"value\":\"\",\"message\":\"Validation fails for minimum value\",\"global_message\":\"Validation fails for minimum value\",\"global\":true},\"max\":{\"value\":\"\",\"message\":\"Validation fails for maximum value\",\"global_message\":\"Validation fails for maximum value\",\"global\":true},\"digits\":{\"value\":\"\",\"message\":\"Validation fails for limited digits\",\"global_message\":\"Validation fails for limited digits\",\"global\":true}},\"email\":{\"required\":{\"value\":false,\"message\":\"This field is required\",\"global_message\":\"This field is required\",\"global\":true},\"email\":{\"value\":true,\"message\":\"This field must contain a valid email\",\"global_message\":\"This field must contain a valid email\",\"global\":true}},\"description\":{\"required\":{\"value\":false,\"message\":\"This field is required\",\"global_message\":\"This field is required\",\"global\":true}}},\"debounce_time\":300};\n                            <\/script>","protected":false},"excerpt":{"rendered":"<p>Carreras con Miami Gas \u00a1Ven a trabajar con los mejores en el negocio! Al ser una empresa local de propiedad familiar, el equipo de Miami Gas sabe que nuestro servicio es lo que nos diferencia de otras empresas de propano regionales y nacionales. Es por eso que, todos los d\u00edas, nuestro objetivo es asegurarnos de que cada cliente est\u00e9 satisfecho con nuestro [\u2026]<\/p>","protected":false},"author":4,"featured_media":0,"parent":45,"menu_order":3,"comment_status":"closed","ping_status":"closed","template":"","meta":{"footnotes":""},"class_list":["post-53","page","type-page","status-publish","hentry"],"_links":{"self":[{"href":"https:\/\/miamigas.com\/es\/wp-json\/wp\/v2\/pages\/53","targetHints":{"allow":["GET"]}}],"collection":[{"href":"https:\/\/miamigas.com\/es\/wp-json\/wp\/v2\/pages"}],"about":[{"href":"https:\/\/miamigas.com\/es\/wp-json\/wp\/v2\/types\/page"}],"author":[{"embeddable":true,"href":"https:\/\/miamigas.com\/es\/wp-json\/wp\/v2\/users\/4"}],"replies":[{"embeddable":true,"href":"https:\/\/miamigas.com\/es\/wp-json\/wp\/v2\/comments?post=53"}],"version-history":[{"count":7,"href":"https:\/\/miamigas.com\/es\/wp-json\/wp\/v2\/pages\/53\/revisions"}],"predecessor-version":[{"id":528,"href":"https:\/\/miamigas.com\/es\/wp-json\/wp\/v2\/pages\/53\/revisions\/528"}],"up":[{"embeddable":true,"href":"https:\/\/miamigas.com\/es\/wp-json\/wp\/v2\/pages\/45"}],"wp:attachment":[{"href":"https:\/\/miamigas.com\/es\/wp-json\/wp\/v2\/media?parent=53"}],"curies":[{"name":"wp","href":"https:\/\/api.w.org\/{rel}","templated":true}]}}