{"id":51,"date":"2023-09-06T18:36:11","date_gmt":"2023-09-06T22:36:11","guid":{"rendered":"http:\/\/miamigas.com\/about-us\/meet-the-team\/"},"modified":"2024-02-15T14:32:51","modified_gmt":"2024-02-15T19:32:51","slug":"meet-the-team","status":"publish","type":"page","link":"https:\/\/miamigas.com\/es\/about-us\/meet-the-team\/","title":{"rendered":"Conocer al equipo"},"content":{"rendered":"<h1>Conozca al equipo de Miami Gas<\/h1>\n<p><img loading=\"lazy\" decoding=\"async\" src=\"\/wp-content\/uploads\/2024\/01\/MeetTheTeam.jpg\" alt=\"meet the team\" width=\"529\" height=\"374\" class=\"alignright\" \/><\/p>\n<h2>\u00a1Estamos comprometidos a servirle!<\/h2>\n<p>Hay muchas grandes empresas nacionales en el Gran Miami que pueden hablar bien sobre el servicio. \u00a1Miami Gas, por otro lado, sigue el ejemplo!<\/p>\n<p>Somos una empresa familiar local con profundas ra\u00edces en el sur de Florida. Conocemos a nuestros clientes por sus nombres, no por sus n\u00fameros de cuenta. Cuando nos llama, no obtendr\u00e1 ning\u00fan centro de llamadas lejano. Obtendr\u00e1 un empleado local de Miami Gas que est\u00e1 listo para ayudarlo en todo lo que podamos.<\/p>\n<p>Las personas que entregan su propano, brindan servicios de combustible a su negocio, rellenan o cambian su cilindro de propano y nuestro departamento de servicio pueden instalar y reparar su <a href=\"https:\/\/miamigas.com\/es\/equipment-service\/\" title=\"aparatos de propano\">aparatos de propano<\/a>. Todos basados aqu\u00ed en Miami.<\/p>\n<p><strong>Consiga el vecino, confiable <a href=\"https:\/\/miamigas.com\/es\/residential-propane\/propane-delivery\/\" title=\"entrega de propano\">entrega de propano<\/a> y servicio que te mereces. <a href=\"https:\/\/miamigas.com\/es\/customer-service\/become-a-customer\/\" title=\"\u00a1Convi\u00e9rtase en cliente de Miami Gas hoy!\">\u00a1Convi\u00e9rtase en cliente de Miami Gas hoy!<\/a><\/strong><\/p>","protected":false},"excerpt":{"rendered":"<p>Conozca al equipo de Miami Gas \u00a1Estamos comprometidos a servirle! Hay muchas grandes empresas nacionales en el Gran Miami que pueden hablar bien sobre el servicio. \u00a1Miami Gas, por otro lado, sigue el ejemplo! Somos una empresa familiar local con profundas ra\u00edces en el sur de Florida. Conocemos a nuestros clientes [\u2026]<\/p>","protected":false},"author":4,"featured_media":0,"parent":45,"menu_order":2,"comment_status":"closed","ping_status":"closed","template":"","meta":{"footnotes":""},"class_list":["post-51","page","type-page","status-publish","hentry"],"_links":{"self":[{"href":"https:\/\/miamigas.com\/es\/wp-json\/wp\/v2\/pages\/51","targetHints":{"allow":["GET"]}}],"collection":[{"href":"https:\/\/miamigas.com\/es\/wp-json\/wp\/v2\/pages"}],"about":[{"href":"https:\/\/miamigas.com\/es\/wp-json\/wp\/v2\/types\/page"}],"author":[{"embeddable":true,"href":"https:\/\/miamigas.com\/es\/wp-json\/wp\/v2\/users\/4"}],"replies":[{"embeddable":true,"href":"https:\/\/miamigas.com\/es\/wp-json\/wp\/v2\/comments?post=51"}],"version-history":[{"count":12,"href":"https:\/\/miamigas.com\/es\/wp-json\/wp\/v2\/pages\/51\/revisions"}],"predecessor-version":[{"id":527,"href":"https:\/\/miamigas.com\/es\/wp-json\/wp\/v2\/pages\/51\/revisions\/527"}],"up":[{"embeddable":true,"href":"https:\/\/miamigas.com\/es\/wp-json\/wp\/v2\/pages\/45"}],"wp:attachment":[{"href":"https:\/\/miamigas.com\/es\/wp-json\/wp\/v2\/media?parent=51"}],"curies":[{"name":"wp","href":"https:\/\/api.w.org\/{rel}","templated":true}]}}