{"id":45,"date":"2023-09-06T18:36:11","date_gmt":"2023-09-06T22:36:11","guid":{"rendered":"http:\/\/miamigas.com\/about-us\/"},"modified":"2026-01-27T11:36:22","modified_gmt":"2026-01-27T16:36:22","slug":"about-us","status":"publish","type":"page","link":"https:\/\/miamigas.com\/es\/about-us\/","title":{"rendered":"Sobre nosotros"},"content":{"rendered":"<div class=\"float-lg-end mw-100 mx-auto ms-lg-4 mb-4\" style=\"width: 531px;\">\n<div class=\"ratio ratio-16x9\"><iframe loading=\"lazy\" src=\"https:\/\/player.vimeo.com\/video\/899529707?badge=0&amp;autopause=0&amp;player_id=0&amp;app_id=58479\" width=\"848\" height=\"480\" frameborder=\"0\" allow=\"autoplay; fullscreen; picture-in-picture; clipboard-write\" title=\"MiamiGas-Acerca de nosotros\"><\/iframe><\/div>\n<\/div>\n<h1>La diferencia del gas en Miami<\/h1>\n<h2>\u00a1Obtenga un servicio personalizado de una empresa local!<\/h2>\n<p>Cuando se trata de la vida en el Gran Miami y el sur de Florida, se trata de un estilo de vida relajado y sencillo.<\/p>\n<p><strong>Nuestro objetivo en Miami Gas cada d\u00eda es pon\u00e9rtelo f\u00e1cil <\/strong>tener propano en su casa o negocio. Lo hacemos mucho mejor que otras empresas de propano porque somos una empresa familiar local. Entendemos que un servicio al cliente de calidad debe estar en el centro de todo lo que hacemos.<\/p>\n<p><img loading=\"lazy\" decoding=\"async\" src=\"\/wp-content\/uploads\/2023\/09\/AboutUs1.jpg\" alt=\"\" width=\"531\" height=\"376\" class=\"alignright\" \/>Es por eso <strong>conocemos a nuestros clientes por su nombre<\/strong>. No eres un n\u00famero de cuenta en una base de datos en alguna parte. Ustedes son nuestros vecinos y los tratamos como vecinos.<\/p>\n<p>Tener una base local nos da una mejor <strong>comprensi\u00f3n de las diversas necesidades y preocupaciones de nuestros clientes<\/strong> cuando se trata de suministro de propano y electrodom\u00e9sticos.<\/p>\n<p>Por ejemplo, algunos de nuestros clientes viven en otro lugar durante parte del a\u00f1o, algunos viajan con frecuencia y otros viven aqu\u00ed a tiempo completo. Entonces,<strong> Brindamos propano inal\u00e1mbrico GRATIS a todos nuestros clientes que usan al menos 150 galones de propano cada a\u00f1o. <a href=\"https:\/\/miamigas.com\/es\/residential-propane\/tanks-monitoring\/\" title=\"monitoreo del tanque\">monitoreo del tanque<\/a>,<\/strong> para que puedan estar seguros de que siempre obtendr\u00e1n una <a href=\"https:\/\/miamigas.com\/es\/residential-propane\/propane-delivery\/\" title=\"entrega de propano\">entrega de propano<\/a> justo cuando lo necesitan y s\u00f3lo cuando lo necesitan. Tambi\u00e9n es otra forma en la que podemos ser m\u00e1s receptivos a las necesidades de nuestros clientes.<\/p>\n<p>Hablando de capacidad de respuesta, ofrecemos <strong>Servicio y entrega de propano de emergencia las 24 horas, los 7 d\u00edas de la semana<\/strong> a nuestros vecinos, teniendo prioridad los clientes de Miami Gas.<\/p>\n<p>El sur de Florida tambi\u00e9n tiene necesidades relacionadas con huracanes y tormentas tropicales, por lo que <strong>proporcionamos servicios para ayudar con <a href=\"https:\/\/miamigas.com\/es\/customer-service\/hurricane-preparedness\/\" title=\"preparaci\u00f3n para huracanes\">preparaci\u00f3n para huracanes<\/a>.<\/strong><\/p>\n<div class=\"alert alert-info\"><strong>Tambi\u00e9n somos conscientes de que nuestros clientes merecen precios justos y transparentes para su propano, por lo que tenemos nuestra Garant\u00eda de precio m\u00e1s bajo. Mu\u00e9strenos una copia de su declaraci\u00f3n de propano de otro proveedor de propano y igualaremos o mejoraremos ese precio.<\/strong><\/div>\n<p>Mantenernos en contacto con nuestros clientes es otra forma de responder mejor y m\u00e1s r\u00e1pido que otras empresas de propano, especialmente las grandes nacionales. Para empezar, puede visitar nuestra oficina durante el horario comercial habitual y con gusto responderemos preguntas sobre su cuenta, su suministro de propano y las formas de mejorar su hogar con propano y <a href=\"https:\/\/miamigas.com\/es\/equipment-service\/\" title=\"aparatos de propano\">aparatos de propano<\/a>.<\/p>\n<p>Tambi\u00e9n puede aprovechar este sitio web para comunicarse con nosotros, con nuestros sencillos formularios para <a href=\"https:\/\/miamigas.com\/es\/customer-service\/\" title=\"Cont\u00e1ctenos\">Cont\u00e1ctenos<\/a>, convi\u00e9rtase en cliente, solicite combustible, obtenga un <a href=\"https:\/\/miamigas.com\/es\/customer-service\/free-estimate\/\" title=\"Estimaci\u00f3n gratu\u00edta\">Estimaci\u00f3n gratu\u00edta<\/a> y <a href=\"https:\/\/miamigas.com\/es\/customer-service\/refer-a-friend\/\" title=\"recomendar un amigo\">recomendar un amigo<\/a>.<\/p>\n<div class=\"row my-4\">\n<div class=\"col-lg-4\">\n<img loading=\"lazy\" decoding=\"async\" src=\"\/wp-content\/uploads\/2023\/12\/AboutUs2.jpg\" alt=\"about miami gas\" width=\"400\" height=\"340\" class=\"aligncenter\" \/>\n<\/div>\n<div class=\"col-lg-4\">\n<img loading=\"lazy\" decoding=\"async\" src=\"\/wp-content\/uploads\/2023\/09\/AboutUs3.jpg\" alt=\"about miami gas\" width=\"400\" height=\"340\" class=\"aligncenter\" \/>\n<\/div>\n<div class=\"col-lg-4\">\n<img loading=\"lazy\" decoding=\"async\" src=\"\/wp-content\/uploads\/2023\/09\/AboutUs4.jpg\" alt=\"about miami gas\" width=\"400\" height=\"340\" class=\"aligncenter\" \/>\n<\/div>\n<\/div>\n<p><strong>Obtenga el servicio personalizado y confiable que se merece. <a href=\"https:\/\/miamigas.com\/es\/customer-service\/become-a-customer\/\" title=\"\u00a1Convi\u00e9rtase en cliente de Miami Gas hoy!\">\u00a1Convi\u00e9rtase en cliente de Miami Gas hoy!<\/a><\/strong><\/p>\n<div class=\"container mt-4 pt-4 mb-4 pb-4 awards-section\">\n<div class=\"row align-items-center\">\n<div class=\"col-lg-5 mb-4 mt-4 text-center\">\n            <img loading=\"lazy\" \n                decoding=\"async\" \n                src=\"https:\/\/miamigas.com\/wp-content\/uploads\/2026\/01\/miami-gas-crystal-scaled.png\" \n                width=\"300\" \n                alt=\"Miami Gas Best of BusinessRate Award 2025\"\n                class=\"award-image\"\/>\n        <\/div>\n<div class=\"col-lg-7\">\n<p class=\"award-blurb\">\n                Recognized for excellence in propane service, <b>Gasolinera Miami<\/b> was named a <b>2025 Best of BusinessRate Propane Supplier<\/b>, based on customer reviews and service quality in Miami, Florida.\n            <\/p>\n<\/div>\n<\/div>\n<\/div>","protected":false},"excerpt":{"rendered":"<p>La diferencia de Miami Gas \u00a1Obtenga servicio personalizado de una empresa local! Cuando se trata de la vida en el Gran Miami y el sur de Florida, se trata de un estilo de vida relajado y sencillo. Nuestro objetivo en Miami Gas todos los d\u00edas es facilitarle el tener propano en su hogar o negocio. Hacemos eso mucho [\u2026]<\/p>","protected":false},"author":4,"featured_media":0,"parent":0,"menu_order":4,"comment_status":"closed","ping_status":"closed","template":"","meta":{"footnotes":""},"class_list":["post-45","page","type-page","status-publish","hentry"],"_links":{"self":[{"href":"https:\/\/miamigas.com\/es\/wp-json\/wp\/v2\/pages\/45","targetHints":{"allow":["GET"]}}],"collection":[{"href":"https:\/\/miamigas.com\/es\/wp-json\/wp\/v2\/pages"}],"about":[{"href":"https:\/\/miamigas.com\/es\/wp-json\/wp\/v2\/types\/page"}],"author":[{"embeddable":true,"href":"https:\/\/miamigas.com\/es\/wp-json\/wp\/v2\/users\/4"}],"replies":[{"embeddable":true,"href":"https:\/\/miamigas.com\/es\/wp-json\/wp\/v2\/comments?post=45"}],"version-history":[{"count":44,"href":"https:\/\/miamigas.com\/es\/wp-json\/wp\/v2\/pages\/45\/revisions"}],"predecessor-version":[{"id":965,"href":"https:\/\/miamigas.com\/es\/wp-json\/wp\/v2\/pages\/45\/revisions\/965"}],"wp:attachment":[{"href":"https:\/\/miamigas.com\/es\/wp-json\/wp\/v2\/media?parent=45"}],"curies":[{"name":"wp","href":"https:\/\/api.w.org\/{rel}","templated":true}]}}