{"id":43,"date":"2023-09-06T18:36:10","date_gmt":"2023-09-06T22:36:10","guid":{"rendered":"http:\/\/miamigas.com\/equipment-service\/space-heaters\/"},"modified":"2024-02-22T13:44:06","modified_gmt":"2024-02-22T18:44:06","slug":"space-heaters","status":"publish","type":"page","link":"https:\/\/miamigas.com\/es\/equipment-service\/space-heaters\/","title":{"rendered":"Calentadores espaciales"},"content":{"rendered":"<h1>Calentadores de propano para su hogar en el sur de Florida<\/h1>\n<p><img loading=\"lazy\" decoding=\"async\" src=\"\/wp-content\/uploads\/2023\/09\/spaceHeaters1.jpg\" alt=\"Space Heaters South Florida\" width=\"531\" height=\"376\" class=\"alignright\" \/><\/p>\n<h2>\u00a1Miami Gas te ayuda a mantenerte abrigado!<\/h2>\n<p>Mientras que la gente de otras partes del pa\u00eds piensa que el sur de Florida es un para\u00edso tropical disponible durante todo el a\u00f1o, quienes han vivido aqu\u00ed por un tiempo saben que ese no es el caso.<\/p>\n<p>No hay otros lugares en los EE. UU. donde el pron\u00f3stico del tiempo local deba alertarle sobre el riesgo de que las iguanas caigan de los \u00e1rboles cuando baja la temperatura. Si bien muchas casas tienen alg\u00fan tipo de sistema de calefacci\u00f3n, ya sea una caldera o una bomba de calor, es posible que no sea suficiente, especialmente si ha agregado espacio terminado a su casa, como una ampliaci\u00f3n, o ha convertido el garaje o el porche en un espacio habitable.<\/p>\n<p>Los calentadores de propano instalados por Miami Gas son una soluci\u00f3n excepcional. En primer lugar, son muy eficientes energ\u00e9ticamente en comparaci\u00f3n con los calentadores el\u00e9ctricos, por lo que sus facturas de energ\u00eda no se disparar\u00e1n. <\/p>\n<p>Muchos de nuestros <strong>Los clientes utilizan calentadores de propano para otros espacios de su hogar, como un taller de garaje.<\/strong> donde necesitan una temperatura constantemente c\u00e1lida para los proyectos. Tambi\u00e9n son populares por <strong>cobertizos al aire libre, minicasas y unidades de vivienda accesorias<\/strong> que se utilizan para visitar a familiares o alquileres a corto plazo.<\/p>\n<p><strong>Obtener una <a href=\"https:\/\/miamigas.com\/es\/customer-service\/free-estimate\/\" title=\"Estimaci\u00f3n gratu\u00edta\">Estimaci\u00f3n gratu\u00edta<\/a> \u00a1de Miami Gas para agregar calentadores a su hogar!<\/strong><\/p>\n<p><img loading=\"lazy\" decoding=\"async\" src=\"https:\/\/miamigas.com\/wp-content\/uploads\/2023\/09\/outdoor-living-fire-pit-2.jpg\" alt=\"outdoor-living-fire-pit\" width=\"529\" height=\"374\" class=\"alignright size-full wp-image-317\" srcset=\"https:\/\/miamigas.com\/wp-content\/uploads\/2023\/09\/outdoor-living-fire-pit-2.jpg 529w, https:\/\/miamigas.com\/wp-content\/uploads\/2023\/09\/outdoor-living-fire-pit-2-300x212.jpg 300w\" sizes=\"auto, (max-width: 529px) 100vw, 529px\" \/><\/p>\n<h3>Calienta tu aire libre<\/h3>\n<p>Aqu\u00ed en el sur de Florida, nos encanta <a href=\"https:\/\/miamigas.com\/es\/equipment-service\/outdoor-living\/\" title=\"Vida al aire libre\">Vida al aire libre<\/a>. Sin embargo, a veces puede hacer un poco fr\u00edo en invierno.<\/p>\n<p>\u00a1No dejes que la ca\u00edda de las temperaturas te persiga dentro de casa! Miami Gas ofrece calentadores de propano para patio de calidad. Son excelentes para empresas como hoteles, restaurantes y bares, ya que le permiten ofrecer m\u00e1s espacios para sentarse y comer.<\/p>\n<p>Estos calentadores de propano para patio y terraza son muy potentes y extienden la calefacci\u00f3n hasta 25 pies de di\u00e1metro, lo que los hace eficientes y efectivos para mantener c\u00f3modos los espacios al aire libre.<\/p>\n<p><a href=\"https:\/\/miamigas.com\/es\/residential-propane\/cylinder-exchange-bottle-fill\/\"><strong>Nuestro intercambio de cilindros y llenado de botellas.<\/strong><\/a> El servicio significa que siempre tendr\u00e1 propano para su equipo de calefacci\u00f3n exterior.<\/p>","protected":false},"excerpt":{"rendered":"<p>Calentadores de propano para su hogar en el sur de Florida \u00a1Miami Gas lo ayuda a mantenerse caliente! Mientras que la gente de otras partes del pa\u00eds piensa que el sur de Florida es un para\u00edso tropical disponible durante todo el a\u00f1o, quienes han vivido aqu\u00ed por un tiempo saben que no es as\u00ed. No hay otros lugares en los EE. UU. donde el pron\u00f3stico del tiempo local [\u2026]<\/p>","protected":false},"author":4,"featured_media":0,"parent":37,"menu_order":3,"comment_status":"closed","ping_status":"closed","template":"","meta":{"footnotes":""},"class_list":["post-43","page","type-page","status-publish","hentry"],"_links":{"self":[{"href":"https:\/\/miamigas.com\/es\/wp-json\/wp\/v2\/pages\/43","targetHints":{"allow":["GET"]}}],"collection":[{"href":"https:\/\/miamigas.com\/es\/wp-json\/wp\/v2\/pages"}],"about":[{"href":"https:\/\/miamigas.com\/es\/wp-json\/wp\/v2\/types\/page"}],"author":[{"embeddable":true,"href":"https:\/\/miamigas.com\/es\/wp-json\/wp\/v2\/users\/4"}],"replies":[{"embeddable":true,"href":"https:\/\/miamigas.com\/es\/wp-json\/wp\/v2\/comments?post=43"}],"version-history":[{"count":18,"href":"https:\/\/miamigas.com\/es\/wp-json\/wp\/v2\/pages\/43\/revisions"}],"predecessor-version":[{"id":525,"href":"https:\/\/miamigas.com\/es\/wp-json\/wp\/v2\/pages\/43\/revisions\/525"}],"up":[{"embeddable":true,"href":"https:\/\/miamigas.com\/es\/wp-json\/wp\/v2\/pages\/37"}],"wp:attachment":[{"href":"https:\/\/miamigas.com\/es\/wp-json\/wp\/v2\/media?parent=43"}],"curies":[{"name":"wp","href":"https:\/\/api.w.org\/{rel}","templated":true}]}}