{"id":41,"date":"2023-09-06T18:36:10","date_gmt":"2023-09-06T22:36:10","guid":{"rendered":"http:\/\/miamigas.com\/equipment-service\/outdoor-living\/"},"modified":"2024-02-15T14:19:56","modified_gmt":"2024-02-15T19:19:56","slug":"outdoor-living","status":"publish","type":"page","link":"https:\/\/miamigas.com\/es\/equipment-service\/outdoor-living\/","title":{"rendered":"Vida al aire libre"},"content":{"rendered":"<h1>Haga que su aire libre sea excelente con electrodom\u00e9sticos de propano para exteriores<\/h1>\n<p><img loading=\"lazy\" decoding=\"async\" src=\"\/wp-content\/uploads\/2023\/09\/outdoor-living-pool-1.jpg\" alt=\"Propane Outdoor Appliances<\" width=\"529\" height=\"374\" class=\"alignright\" \/><\/p>\n<h2>Miami Gas ayuda a transformar su patio trasero en un destino<\/h2>\n<p>Ya sea que sea nativo del sur de Florida, un visitante de las nieves o un inmigrante, el aire libre es una de las mejores cosas de vivir aqu\u00ed en el Gran Miami.<\/p>\n<p>Miami Gas puede ayudarle a disfrutar de su tiempo al aire libre con outdoor <a href=\"https:\/\/miamigas.com\/es\/equipment-service\/\" title=\"aparatos de propano\">aparatos de propano<\/a> que hacen de su patio trasero un lugar para organizar una comida al aire libre, relajarse despu\u00e9s de un largo d\u00eda y reunirse con familiares y amigos.<\/p>\n<p><strong>Nuestro equipo de expertos instalar\u00e1 sus electrodom\u00e9sticos de propano para exteriores.<\/strong> Con nuestro confiable <a href=\"https:\/\/miamigas.com\/es\/residential-propane\/propane-delivery\/\" title=\"entrega de propano\">entrega de propano<\/a>, servicio experto de tanques de propano, propano inal\u00e1mbrico <a href=\"https:\/\/miamigas.com\/es\/residential-propane\/tanks-monitoring\/\" title=\"monitoreo del tanque\">monitoreo del tanque<\/a> y propano <a href=\"https:\/\/miamigas.com\/es\/residential-propane\/cylinder-exchange-bottle-fill\/\" title=\"intercambio de cilindros\">intercambio de cilindros<\/a> y servicio de recarga, podr\u00e1 disfrutar de todas las formas en que el propano mejora la vida en su hogar.<\/p>\n<h3>Propano en tu patio trasero<\/h3>\n<p><img loading=\"lazy\" decoding=\"async\" src=\"\/wp-content\/uploads\/2023\/09\/outdoor-living-fire-pit-2.jpg\" alt=\"outdoor-living-fire-pit\" width=\"529\" height=\"374\" class=\"alignright\" \/><\/p>\n<p>Los electrodom\u00e9sticos de exterior a propano son m\u00e1s que una parrilla, \u00a1pero ese es un excelente lugar para comenzar! Las parrillas de propano ofrecen un asado r\u00e1pido y sencillo. Obtendr\u00e1 el mismo control de temperatura instant\u00e1neo y preciso que su estufa de propano, lo que le permitir\u00e1 asar de todo, desde costillas hasta kebabs y frutas.<\/p>\n<p>\u00bfQuieres un incre\u00edble <strong>cocina al aire libre<\/strong>? \u00a1Conecte su parrilla de propano incorporada al tanque de propano de su hogar!<\/p>\n<p><strong>piscina de propano<\/strong> y <strong>calentadores de ba\u00f1era de hidromasaje <\/strong>Calienta el agua en una fracci\u00f3n del tiempo que tardan los calentadores el\u00e9ctricos, lo que reduce tus costos de energ\u00eda y te permite disfrutar de un ba\u00f1o o un ba\u00f1o incluso si el clima es un poco fresco.<\/p>\n<p>Hablando de clima fresco, cubierta de propano y <strong>calentadores de patio<\/strong> le permitir\u00e1 disfrutar de una cena al aire libre cuando llegue el clima fresco. Los restaurantes y otros negocios con asientos al aire libre tambi\u00e9n los utilizan.<\/p>\n<p>A <strong>hoguera de propano<\/strong> o <strong>chimenea al aire libre<\/strong> eleva su patio trasero, creando un lugar c\u00f3modo y amigable para pasar el rato con amigos o relajarse y descansar.<\/p>\n<p>El c\u00e1lido resplandor de la iluminaci\u00f3n exterior de propano crea un espacio acogedor para usted y sus seres queridos.<\/p>\n<p><strong>\u00a1Consigue el patio trasero de tus sue\u00f1os con Miami Gas! Solicitar un <a href=\"https:\/\/miamigas.com\/es\/customer-service\/free-estimate\/\" title=\"Estimaci\u00f3n gratu\u00edta\">Estimaci\u00f3n gratu\u00edta<\/a> de nosotros.<\/strong><\/p>\n<div class=\"row gy-3 mb-4\">\n<div class=\"col-md-4\"><img loading=\"lazy\" decoding=\"async\" src=\"\/wp-content\/uploads\/2023\/09\/OutdoorLiving3.jpg\" alt=\"OutdoorLiving\" width=\"531\" height=\"360\" class=\"aligncenter border-rounded\" \/><\/div>\n<div class=\"col-md-4\"><img loading=\"lazy\" decoding=\"async\" src=\"\/wp-content\/uploads\/2023\/09\/OutdoorLiving5.jpg\" alt=\"OutdoorLiving\" width=\"531\" height=\"360\" class=\"aligncenter border-rounded\" \/><\/div>\n<div class=\"col-md-4\"><img loading=\"lazy\" decoding=\"async\" src=\"\/wp-content\/uploads\/2023\/12\/OutdoorLiving3.jpg\" alt=\"OutdoorLiving\" width=\"531\" height=\"360\" class=\"aligncenter border-rounded\" \/><\/div>\n<\/div>","protected":false},"excerpt":{"rendered":"<p>Haga que su aire libre sea grandioso con electrodom\u00e9sticos de propano para exteriores Miami Gas ayuda a transformar su patio trasero en un destino Ya sea que sea nativo del sur de Florida, un p\u00e1jaro de las nieves o un trasplante, el aire libre es una de las mejores cosas de vivir aqu\u00ed en el Gran Miami. Miami Gas puede ayudarle a disfrutar de su tiempo al aire libre con actividades al aire libre [\u2026]<\/p>","protected":false},"author":4,"featured_media":0,"parent":37,"menu_order":2,"comment_status":"closed","ping_status":"closed","template":"","meta":{"footnotes":""},"class_list":["post-41","page","type-page","status-publish","hentry"],"_links":{"self":[{"href":"https:\/\/miamigas.com\/es\/wp-json\/wp\/v2\/pages\/41","targetHints":{"allow":["GET"]}}],"collection":[{"href":"https:\/\/miamigas.com\/es\/wp-json\/wp\/v2\/pages"}],"about":[{"href":"https:\/\/miamigas.com\/es\/wp-json\/wp\/v2\/types\/page"}],"author":[{"embeddable":true,"href":"https:\/\/miamigas.com\/es\/wp-json\/wp\/v2\/users\/4"}],"replies":[{"embeddable":true,"href":"https:\/\/miamigas.com\/es\/wp-json\/wp\/v2\/comments?post=41"}],"version-history":[{"count":9,"href":"https:\/\/miamigas.com\/es\/wp-json\/wp\/v2\/pages\/41\/revisions"}],"predecessor-version":[{"id":524,"href":"https:\/\/miamigas.com\/es\/wp-json\/wp\/v2\/pages\/41\/revisions\/524"}],"up":[{"embeddable":true,"href":"https:\/\/miamigas.com\/es\/wp-json\/wp\/v2\/pages\/37"}],"wp:attachment":[{"href":"https:\/\/miamigas.com\/es\/wp-json\/wp\/v2\/media?parent=41"}],"curies":[{"name":"wp","href":"https:\/\/api.w.org\/{rel}","templated":true}]}}