{"id":39,"date":"2023-09-06T18:36:10","date_gmt":"2023-09-06T22:36:10","guid":{"rendered":"http:\/\/miamigas.com\/equipment-service\/generators\/"},"modified":"2024-02-15T14:35:18","modified_gmt":"2024-02-15T19:35:18","slug":"generators","status":"publish","type":"page","link":"https:\/\/miamigas.com\/es\/equipment-service\/generators\/","title":{"rendered":"Generadores"},"content":{"rendered":"<h1>Generadores de propano para hogares y empresas del \u00e1rea de Miami<\/h1>\n<p><img loading=\"lazy\" decoding=\"async\" src=\"\/wp-content\/uploads\/2023\/09\/Generators1.jpg\" alt=\"Propane Generators miami\" width=\"531\" height=\"376\" class=\"alignright\" \/><\/p>\n<h2>\u00a1Obtenga servicio experto y combustible para generadores de Miami Gas!<\/h2>\n<p>\u00bfLe preocupan los efectos que un hurac\u00e1n puede tener en su hogar o negocio en el sur de Florida? Si es as\u00ed, un generador de respaldo de propano es una gran idea.<\/p>\n<p>Miami Gas es su ventanilla \u00fanica cuando se trata de agregar un generador de respaldo de propano a su hogar o negocio.<\/p>\n<p>Proporcionamos expertos <a href=\"https:\/\/miamigas.com\/es\/residential-propane\/tanks-monitoring\/\" title=\"instalaci\u00f3n de tanque de propano\">instalaci\u00f3n de tanque de propano<\/a> y fiable <a href=\"https:\/\/miamigas.com\/es\/residential-propane\/propane-delivery\/\" title=\"entrega de propano\">entrega de propano<\/a>, por lo que su generador estar\u00e1 listo y funcionando r\u00e1pidamente.<\/p>\n<h3>Los generadores de propano mantienen seguros a sus seres queridos y a su hogar<\/h3>\n<p>Los generadores de reserva de propano ofrecen varias ventajas sobre los generadores port\u00e1tiles, incluida la potencia, la seguridad y la eficiencia.<\/p>\n<p>A diferencia de los generadores port\u00e1tiles, no es necesario salir a la calle en condiciones clim\u00e1ticas peligrosas para encenderlo. No necesita reemplazar un cilindro vac\u00edo, ya que su generador est\u00e1 conectado al tanque de propano de su casa o a uno propio.<\/p>\n<h4>As\u00ed es como funciona un generador de respaldo de propano para toda la casa<\/h4>\n<p>Un generador de reserva est\u00e1 conectado al sistema el\u00e9ctrico de su casa. Permanece inactivo hasta que se interrumpe el suministro el\u00e9ctrico. El generador tiene un periodo de espera de unos segundos para verificar si el corte es moment\u00e1neo o no. Si la corriente no responde, se activa y comienza a suministrar electricidad a tu hogar de forma autom\u00e1tica. No es necesario realizar ninguna acci\u00f3n ni estar presente en casa. Una vez que se restablece la energ\u00eda, el generador se apaga autom\u00e1ticamente.<\/p>\n<p>Es importante tener en cuenta que es posible que la bater\u00eda de respaldo del sistema de seguridad de su hogar solo dure menos de 24 horas. Para garantizar que su familia y su hogar est\u00e9n protegidos, un generador de respaldo de propano para toda la casa mantiene su sistema de seguridad en funcionamiento. Adem\u00e1s, si alguien en su hogar depende de equipos m\u00e9dicos, como un CPAP o di\u00e1lisis en el hogar, es necesario un generador para garantizar que puedan seguir us\u00e1ndolo.<\/p>\n<p>Un corte de energ\u00eda significa que el sistema HVAC de su hogar dejar\u00e1 de funcionar, lo que har\u00e1 que su hogar sea c\u00e1lido e inc\u00f3modo durante el verano. Un generador de respaldo de propano para toda la casa mantendr\u00e1 su aire acondicionado funcionando, garantizando su comodidad incluso durante cortes prolongados de energ\u00eda.<\/p>\n<div class=\"col-md-8 mx-auto my-5\">\n<div class=\"ratio ratio-16x9\"><iframe src=\"https:\/\/player.vimeo.com\/video\/445354271?badge=0&amp;byline=0&amp;portrait=0&amp;title=0&amp;autoplay=0\" allowfullscreen=\"\"><\/iframe><\/div>\n<\/div>\n<p>\u00bfSab\u00edas que algunos alimentos en tu refrigerador pueden comenzar a echarse a perder en menos de un d\u00eda? El uso de un generador de reserva mantiene los alimentos en su refrigerador y congelador fr\u00edos o congelados de manera segura.<\/p>\n<p>Es crucial mantenerse conectado con el mundo exterior durante un corte de energ\u00eda, especialmente en caso de hurac\u00e1n. Esto es necesario para recibir actualizaciones de las autoridades locales sobre la situaci\u00f3n actual y cualquier orden de evacuaci\u00f3n. Adem\u00e1s, debe poder comunicarse con sus seres queridos. Al tener un generador de respaldo de propano para toda la casa, puede cargar dispositivos esenciales, como tel\u00e9fonos y computadoras port\u00e1tiles.<\/p>\n<h3>Combustible y servicio para generadores comerciales.<\/h3>\n<p><img loading=\"lazy\" decoding=\"async\" src=\"\/wp-content\/uploads\/2023\/09\/Generators2.jpg\" alt=\"Propane Generators miami\" width=\"531\" height=\"376\" class=\"alignright\" \/><\/p>\n<p>Los cortes de energ\u00eda pueden ser catastr\u00f3ficos para las empresas, especialmente para los centros de atenci\u00f3n m\u00e9dica, residencias de ancianos y residencias para personas mayores.<\/p>\n<p>Es por eso que muchos de ellos est\u00e1n recurriendo al propano como generador de respaldo. Estos generadores no s\u00f3lo mantienen las luces encendidas, sino que tambi\u00e9n proporcionan energ\u00eda para equipos esenciales, como monitores de pacientes, desfibriladores, electrocardi\u00f3grafos, equipos de esterilizaci\u00f3n y m\u00e1quinas de anestesia.<\/p>\n<p>Los pacientes hospitalizados y los ancianos tambi\u00e9n son vulnerables al calor y la humedad extremos. Un generador de reserva de propano mantiene en funcionamiento los sistemas HVAC de hospitales y otras instalaciones para mantener una temperatura segura y prevenir problemas causados por la hipertermia.<\/p>\n<p>Otras empresas tambi\u00e9n se benefician de los generadores de respaldo de propano. Cualquier negocio que utilice tecnolog\u00eda, para empezar. El generador mantiene encendida la energ\u00eda para hacer funcionar los sistemas HVAC que evitan que los equipos delicados, como servidores y computadoras, se sobrecalienten.<\/p>\n<p>En caso de cortes de energ\u00eda causados por condiciones clim\u00e1ticas severas, como huracanes, es posible que las personas deban evacuar. Las empresas hoteleras, como restaurantes y hoteles, pueden servir a su comunidad.<\/p>\n<p>Las tiendas de comestibles pueden enfrentar un duro golpe econ\u00f3mico en caso de un corte de energ\u00eda si los alimentos perecederos y congelados se echan a perder. El uso de un generador de respaldo de propano mantiene la refrigeraci\u00f3n y los congeladores en funcionamiento para que los alimentos se mantengan seguros.<\/p>\n<p><strong>\u00a1Mant\u00e9ngase seguro durante los cortes de energ\u00eda con un generador de respaldo de propano de Miami Gas! Obtener una <a href=\"https:\/\/miamigas.com\/es\/customer-service\/free-estimate\/\" title=\"Estimaci\u00f3n gratu\u00edta\">Estimaci\u00f3n gratu\u00edta<\/a> de nosotros.<\/strong><\/p>","protected":false},"excerpt":{"rendered":"<p>Generadores de propano para hogares y empresas del \u00e1rea de Miami \u00a1Obtenga servicio experto y combustible para generadores de Miami Gas! \u00bfLe preocupan los efectos que un hurac\u00e1n puede tener en su hogar o negocio en el sur de Florida? Si es as\u00ed, un generador de respaldo de propano es una gran idea. Miami Gas es su ventanilla \u00fanica cuando se trata de agregar [\u2026]<\/p>","protected":false},"author":4,"featured_media":0,"parent":37,"menu_order":1,"comment_status":"closed","ping_status":"closed","template":"","meta":{"footnotes":""},"class_list":["post-39","page","type-page","status-publish","hentry"],"_links":{"self":[{"href":"https:\/\/miamigas.com\/es\/wp-json\/wp\/v2\/pages\/39","targetHints":{"allow":["GET"]}}],"collection":[{"href":"https:\/\/miamigas.com\/es\/wp-json\/wp\/v2\/pages"}],"about":[{"href":"https:\/\/miamigas.com\/es\/wp-json\/wp\/v2\/types\/page"}],"author":[{"embeddable":true,"href":"https:\/\/miamigas.com\/es\/wp-json\/wp\/v2\/users\/4"}],"replies":[{"embeddable":true,"href":"https:\/\/miamigas.com\/es\/wp-json\/wp\/v2\/comments?post=39"}],"version-history":[{"count":15,"href":"https:\/\/miamigas.com\/es\/wp-json\/wp\/v2\/pages\/39\/revisions"}],"predecessor-version":[{"id":533,"href":"https:\/\/miamigas.com\/es\/wp-json\/wp\/v2\/pages\/39\/revisions\/533"}],"up":[{"embeddable":true,"href":"https:\/\/miamigas.com\/es\/wp-json\/wp\/v2\/pages\/37"}],"wp:attachment":[{"href":"https:\/\/miamigas.com\/es\/wp-json\/wp\/v2\/media?parent=39"}],"curies":[{"name":"wp","href":"https:\/\/api.w.org\/{rel}","templated":true}]}}