{"id":37,"date":"2023-09-06T18:36:10","date_gmt":"2023-09-06T22:36:10","guid":{"rendered":"http:\/\/miamigas.com\/equipment-service\/"},"modified":"2024-02-15T14:33:36","modified_gmt":"2024-02-15T19:33:36","slug":"equipment-service","status":"publish","type":"page","link":"https:\/\/miamigas.com\/es\/equipment-service\/","title":{"rendered":"Equipo y servicio"},"content":{"rendered":"<h1>Equipo y servicio de propano<\/h1>\n<p><img loading=\"lazy\" decoding=\"async\" src=\"\/wp-content\/uploads\/2023\/09\/EquipService1.jpg\" alt=\"Propane Equipment and Service\" width=\"531\" height=\"376\" class=\"alignright\" \/><\/p>\n<h2>\u00a1Pon a funcionar propano en tu hogar!<\/h2>\n<p>Si bien puede asociar el propano con la parrilla de su patio trasero, \u00a1puede hacer mucho m\u00e1s en su hogar en el sur de Florida!<\/p>\n<p>Miami Gas es su empresa completa de propano. No s\u00f3lo ofrecemos confianza <a href=\"https:\/\/miamigas.com\/es\/residential-propane\/propane-delivery\/\" title=\"entrega de propano\">entrega de propano<\/a> a un excelente precio, pero tambi\u00e9n ofrecemos instalaci\u00f3n y servicio experto de electrodom\u00e9sticos de propano que mejoran su hogar tanto por dentro como por fuera.<\/p>\n<p>Puede disfrutar de todo lo que el propano tiene para ofrecer gracias a que se almacena en un tanque en su casa en lugar de estar a merced de una empresa de gas natural y su fr\u00e1gil infraestructura.<\/p>\n<h3>\u00a1Mejora tu hogar con propano!<\/h3>\n<p>Empecemos por el interior de tu casa. Los electrodom\u00e9sticos de propano ofrecen comodidad y eficiencia energ\u00e9tica superiores.<\/p>\n<p>Propano <a href=\"https:\/\/miamigas.com\/es\/equipment-service\/space-heaters\/\" title=\"calentadores espaciales\">calentadores espaciales<\/a> puede ayudar a mantener su casa, garaje, cobertizo u otra dependencia c\u00f3modamente c\u00e1lida en las noches fr\u00edas.<\/p>\n<p>Un calentador de agua de propano ofrece una eficiencia energ\u00e9tica excepcional en comparaci\u00f3n con los modelos el\u00e9ctricos que puede ayudar a reducir sus costos de energ\u00eda. No solo eso, sino que tambi\u00e9n puedes disfrutar de un sinf\u00edn de agua caliente a pedido con un calentador de agua sin tanque de propano.<\/p>\n<p>Disfrute de la cocina a gas con una estufa de propano que le brinda un control de temperatura preciso y instant\u00e1neo que eleva sus comidas a varios niveles.<\/p>\n<p>El d\u00eda de lavado se vuelve m\u00e1s f\u00e1cil con una secadora de propano que lavar\u00e1 la ropa 25% m\u00e1s r\u00e1pido que una secadora el\u00e9ctrica con un calor m\u00e1s h\u00famedo que crea menos desgaste y menos arrugas. \u00a1Menos planchado para ganar!<\/p>\n<p><img loading=\"lazy\" decoding=\"async\" src=\"\/wp-content\/uploads\/2023\/09\/EquipService2.jpg\" alt=\"Propane Equipment and Service\" width=\"531\" height=\"376\" class=\"alignright\" \/><\/p>\n<p>Florida es un gran lugar para estar <a href=\"https:\/\/miamigas.com\/es\/equipment-service\/outdoor-living\/\" title=\"Vida al aire libre\">Vida al aire libre<\/a> y puedes aprovecharlo al m\u00e1ximo con electrodom\u00e9sticos de propano para exteriores.<\/p>\n<p>Comencemos con tu parrilla. Hacemos que tener siempre el tanque de la parrilla lleno sea pan comido con nuestro propano. <a href=\"https:\/\/miamigas.com\/es\/residential-propane\/cylinder-exchange-bottle-fill\/\" title=\"intercambio de cilindros\">intercambio de cilindros<\/a> y servicios de recarga. Pero tambi\u00e9n puedes conectar una parrilla empotrada a la de tu casa. <a href=\"https:\/\/miamigas.com\/es\/residential-propane\/tanks-monitoring\/\" title=\"tanque de propano\">tanque de propano<\/a> para ayudarle a crear la cocina al aire libre de sus sue\u00f1os.<\/p>\n<p>\u00bfQuiere lugares para relajarse y reunirse con familiares y amigos? Las chimeneas y braseros de propano para exteriores le brindan calidez, comodidad y nada del humo abrumador que viene con los modelos de le\u00f1a.<\/p>\n<p>La iluminaci\u00f3n exterior de propano crea un ambiente acogedor y tradicional.<\/p>\n<p><strong>Independientemente de c\u00f3mo desee utilizar propano en su hogar, Miami Gas le ayuda a lograrlo con nuestra instalaci\u00f3n y servicio de electrodom\u00e9sticos. \u00a1Obtenga una cotizaci\u00f3n GRATUITA de nuestra parte!<\/strong><\/p>","protected":false},"excerpt":{"rendered":"<p>Equipo y servicio de propano \u00a1Ponga propano a trabajar en su hogar! Si bien puede asociar el propano con la parrilla de su patio trasero, \u00a1puede hacer mucho m\u00e1s en su hogar en el sur de Florida! Miami Gas es su empresa completa de propano. No solo brindamos entrega confiable de propano a un excelente precio, sino que tambi\u00e9n [\u2026]<\/p>","protected":false},"author":4,"featured_media":0,"parent":0,"menu_order":3,"comment_status":"closed","ping_status":"closed","template":"","meta":{"footnotes":""},"class_list":["post-37","page","type-page","status-publish","hentry"],"_links":{"self":[{"href":"https:\/\/miamigas.com\/es\/wp-json\/wp\/v2\/pages\/37","targetHints":{"allow":["GET"]}}],"collection":[{"href":"https:\/\/miamigas.com\/es\/wp-json\/wp\/v2\/pages"}],"about":[{"href":"https:\/\/miamigas.com\/es\/wp-json\/wp\/v2\/types\/page"}],"author":[{"embeddable":true,"href":"https:\/\/miamigas.com\/es\/wp-json\/wp\/v2\/users\/4"}],"replies":[{"embeddable":true,"href":"https:\/\/miamigas.com\/es\/wp-json\/wp\/v2\/comments?post=37"}],"version-history":[{"count":5,"href":"https:\/\/miamigas.com\/es\/wp-json\/wp\/v2\/pages\/37\/revisions"}],"predecessor-version":[{"id":532,"href":"https:\/\/miamigas.com\/es\/wp-json\/wp\/v2\/pages\/37\/revisions\/532"}],"wp:attachment":[{"href":"https:\/\/miamigas.com\/es\/wp-json\/wp\/v2\/media?parent=37"}],"curies":[{"name":"wp","href":"https:\/\/api.w.org\/{rel}","templated":true}]}}