{"id":35,"date":"2023-09-06T18:36:10","date_gmt":"2023-09-06T22:36:10","guid":{"rendered":"http:\/\/miamigas.com\/commercial\/business-solutions-documents\/"},"modified":"2024-02-15T14:33:23","modified_gmt":"2024-02-15T19:33:23","slug":"business-consulting-solutions","status":"publish","type":"page","link":"https:\/\/miamigas.com\/es\/commercial\/business-consulting-solutions\/","title":{"rendered":"Consultor\u00eda y soluciones empresariales"},"content":{"rendered":"<h1>Consultor\u00eda y soluciones empresariales<\/h1>\n<p><img loading=\"lazy\" decoding=\"async\" src=\"\/wp-content\/uploads\/2023\/09\/businessSolutions1.jpg\" alt=\"Business Consulting &#038; Solutions\" width=\"531\" height=\"376\" class=\"alignright\" \/><\/p>\n<h2>\u00a1Miami Gas est\u00e1 aqu\u00ed para ayudar!<\/h2>\n<p>Nuestro objetivo en Miami Gas es facilitarle la tarea de hacer negocios con nosotros. Entendemos las necesidades y preocupaciones de empresas locales como la suya porque tambi\u00e9n somos una. <\/p>\n<p>Miami Gas es un recurso excepcional para arquitectos, dise\u00f1adores de viviendas y constructores del \u00e1rea gracias a nuestra amplia experiencia. Nuestros servicios de consultor\u00eda lo ayudan a planificar los aspectos de propano de su proyecto, ya sea una remodelaci\u00f3n de una cocina, un desarrollo residencial o un edificio comercial. \u00bfNecesita propano para trabajar en un proyecto de construcci\u00f3n? Crearemos un servicio personalizado para usted. \u00bfCrear el patio trasero de sus sue\u00f1os para un cliente? Le ayudaremos a llevarlo al siguiente nivel con l\u00edneas de gas propano y <a href=\"https:\/\/miamigas.com\/es\/equipment-service\/outdoor-living\/\" title=\"electrodom\u00e9sticos al aire libre\">electrodom\u00e9sticos al aire libre<\/a>! Trabajaremos con usted para que sus instalaciones de propano sean eficientes, seguras y satisfagan sus necesidades y las de sus clientes. <\/p>\n<p>Ese compromiso de servir a nuestros clientes comerciales es la raz\u00f3n por la que tenemos un sitio web con informaci\u00f3n completa sobre nuestros productos y servicios para su negocio en el sur de Florida, as\u00ed como sencillos formularios en l\u00ednea para <a href=\"https:\/\/miamigas.com\/es\/customer-service\/\" title=\"Cont\u00e1ctenos\">Cont\u00e1ctenos<\/a> y realizar otras tareas. Ya sea que necesite servicios de cilindros de propano para montacargas o a granel <a href=\"https:\/\/miamigas.com\/es\/residential-propane\/propane-delivery\/\" title=\"entrega de propano\">entrega de propano<\/a> y servicio, trabajaremos con usted para asegurarnos de que obtenga un servicio confiable adaptado a sus necesidades.<\/p>\n<p>Tambi\u00e9n hemos reunido algunos formularios y documentos para ayudarlo con sus servicios comerciales de propano de Miami Gas. No dude en comunicarse con nosotros si tiene alguna pregunta.<\/p>\n<div class=\"d-flex flex-wrap justify-content-around\" style=\"clear: both;\">\n<p><a href=\"#\" class=\"btn btn-primo\">Solicitar Material<\/a><\/p>\n<p><a href=\"\/es\/order\/\" class=\"btn btn-primo\">Obtener una cotizaci\u00f3n\/iniciar un pedido<\/a><\/p>\n<p><a href=\"\/es\/customer-service\/refer-a-friend\/\" class=\"btn btn-primo\">Formulario de referencia de cliente<\/a><\/p>\n<p><a href=\"\/wp-content\/uploads\/2023\/09\/Miami-Gas-Safety-Data-Sheet.pdf\" class=\"btn btn-primo\" target=\"_blank\" rel=\"noopener\">Hoja de datos de seguridad del propano<\/a><\/p>\n<\/div>","protected":false},"excerpt":{"rendered":"<p>Consultor\u00eda y soluciones empresariales \u00a1Miami Gas est\u00e1 aqu\u00ed para ayudar! Nuestro objetivo en Miami Gas es facilitarle la realizaci\u00f3n de negocios con nosotros. Entendemos las necesidades y preocupaciones de las empresas locales como la suya porque nosotros tambi\u00e9n somos una de ellas. Miami Gas es un recurso excepcional para arquitectos, dise\u00f1adores de viviendas [\u2026]<\/p>","protected":false},"author":4,"featured_media":0,"parent":25,"menu_order":4,"comment_status":"closed","ping_status":"closed","template":"","meta":{"footnotes":""},"class_list":["post-35","page","type-page","status-publish","hentry"],"_links":{"self":[{"href":"https:\/\/miamigas.com\/es\/wp-json\/wp\/v2\/pages\/35","targetHints":{"allow":["GET"]}}],"collection":[{"href":"https:\/\/miamigas.com\/es\/wp-json\/wp\/v2\/pages"}],"about":[{"href":"https:\/\/miamigas.com\/es\/wp-json\/wp\/v2\/types\/page"}],"author":[{"embeddable":true,"href":"https:\/\/miamigas.com\/es\/wp-json\/wp\/v2\/users\/4"}],"replies":[{"embeddable":true,"href":"https:\/\/miamigas.com\/es\/wp-json\/wp\/v2\/comments?post=35"}],"version-history":[{"count":14,"href":"https:\/\/miamigas.com\/es\/wp-json\/wp\/v2\/pages\/35\/revisions"}],"predecessor-version":[{"id":531,"href":"https:\/\/miamigas.com\/es\/wp-json\/wp\/v2\/pages\/35\/revisions\/531"}],"up":[{"embeddable":true,"href":"https:\/\/miamigas.com\/es\/wp-json\/wp\/v2\/pages\/25"}],"wp:attachment":[{"href":"https:\/\/miamigas.com\/es\/wp-json\/wp\/v2\/media?parent=35"}],"curies":[{"name":"wp","href":"https:\/\/api.w.org\/{rel}","templated":true}]}}