{"id":31,"date":"2023-09-06T18:36:09","date_gmt":"2023-09-06T22:36:09","guid":{"rendered":"http:\/\/miamigas.com\/commercial\/forklift-cylinder-exchange\/"},"modified":"2024-02-23T14:03:33","modified_gmt":"2024-02-23T19:03:33","slug":"forklift-cylinder-exchange","status":"publish","type":"page","link":"https:\/\/miamigas.com\/es\/commercial\/forklift-cylinder-exchange\/","title":{"rendered":"Intercambio de cilindros de montacargas"},"content":{"rendered":"<h1>Servicios de intercambio de cilindros de propano para montacargas en el condado de Miami-Dade<\/h1>\n<h2>\u00a1Miami Gas hace que tener montacargas de propano sea f\u00e1cil!<\/h2>\n<p><img loading=\"lazy\" decoding=\"async\" src=\"\/wp-content\/uploads\/2023\/12\/Forklift-cylinders.jpg\" alt=\"forklift cylinder exchange\" width=\"529\" height=\"374\" class=\"alignright\" \/><\/p>\n<p>Desde los puertos mar\u00edtimos y de cruceros costeros hasta los almacenes y los sitios de construcci\u00f3n, una gran variedad de empresas del Gran Miami utilizan montacargas.<\/p>\n<p>Las carretillas elevadoras de propano son una excelente opci\u00f3n para estos negocios, gracias a su potencia, eficiencia y versatilidad. Con carretilla elevadora de propano integral <a href=\"https:\/\/miamigas.com\/es\/residential-propane\/cylinder-exchange-bottle-fill\/\" title=\"intercambio de cilindros\">intercambio de cilindros<\/a> Con los servicios de Miami Gas, su empresa puede disfrutar de los beneficios de utilizar montacargas de propano.<\/p>\n<p>Desear <a href=\"https:\/\/miamigas.com\/es\/commercial\/forklift-cylinder-refill\/\">servicios de recarga de cilindros<\/a>? \u00a1Tambi\u00e9n ofrecemos eso!<\/p>\n<h3>Servicios completos de cilindros para montacargas.<\/h3>\n<p>Nuestro equipo de especialistas en propano evaluar\u00e1 las necesidades de su negocio, incluida la cantidad y el uso de montacargas de propano. Con base en esta informaci\u00f3n, crearemos un programa personalizado de intercambio de cilindros para montacargas que se adapte a sus requisitos espec\u00edficos, en lugar de ofrecer una soluci\u00f3n gen\u00e9rica \u00fanica para todos. Esto es lo que podemos ofrecerle.<\/p>\n<p><strong>Programaci\u00f3n de intercambio personalizada.<\/strong> Tiene la flexibilidad de elegir si necesita cambios de cilindro varias veces por semana, una vez por semana o mensualmente. \u00a1Depende totalmente de ti!<\/p>\n<p><strong>Almacenamiento seguro de cilindros.<\/strong> Nuestro servicio de primer nivel ofrece la instalaci\u00f3n de jaulas de almacenamiento de cilindros bien hechas para su negocio o lugar de trabajo.<\/p>\n<p><strong>Formaci\u00f3n exhaustiva en seguridad.<\/strong> Revisaremos minuciosamente todos los protocolos relacionados con el manejo y utilizaci\u00f3n seguros de los cilindros de propano para montacargas, adem\u00e1s de abordar otras preocupaciones de seguridad pertinentes para usted y su personal. Nuestro objetivo es mejorar la claridad, la eficiencia y la seguridad general en estas \u00e1reas.<\/p>\n<p><strong>Cilindros seguros y de calidad.<\/strong> Nos enorgullecemos de mantener un inventario de cilindros actualizado, inspeccionando meticulosamente cada uno antes de enviarlo para su entrega.<\/p>\n<h3>Ventajas de utilizar bombonas de gas para carretillas elevadoras<\/h3>\n<p><img loading=\"lazy\" decoding=\"async\" src=\"\/wp-content\/uploads\/2023\/12\/Forklift-cylinder-exchange.jpg\" alt=\"\" width=\"529\" height=\"374\" class=\"alignright\" \/><\/p>\n<p>Las carretillas elevadoras de propano ofrecen muchas ventajas sobre las carretillas elevadoras que funcionan con electricidad o gasolina.<\/p>\n<p>Por ejemplo, los montacargas de propano se pueden repostar y regresar al trabajo en menos de cinco minutos sin riesgo de derrames de combustible como ocurre con los montacargas de gasolina. Los montacargas el\u00e9ctricos pueden dejar de funcionar durante un turno completo de ocho horas cuando necesitan recargarse.<\/p>\n<p>Los montacargas de propano tambi\u00e9n se pueden utilizar de forma segura en interiores y exteriores. Los montacargas de gasolina no se pueden utilizar en interiores debido a las emisiones. Los montacargas el\u00e9ctricos no se pueden utilizar en condiciones h\u00famedas, lo que los convierte en una buena opci\u00f3n para cruceros y puertos mar\u00edtimos o sitios de construcci\u00f3n y, debido a que pierden energ\u00eda a medida que se agota la bater\u00eda, no son tan potentes como los montacargas de propano. Los montacargas de propano mantienen la m\u00e1xima potencia siempre que haya propano dentro del cilindro.<\/p>\n<p><strong>\u00a1Tenga siempre los tanques de gasolina llenos con Miami Gas! <a href=\"https:\/\/miamigas.com\/es\/customer-service\/\" title=\"P\u00f3ngase en contacto con nosotros hoy\">P\u00f3ngase en contacto con nosotros hoy<\/a> Para empezar.<\/strong><\/p>","protected":false},"excerpt":{"rendered":"<p>Servicios de intercambio de cilindros de propano para montacargas en el condado de Miami-Dade \u00a1Miami Gas hace que tener montacargas de propano sea f\u00e1cil! Desde los puertos mar\u00edtimos y de cruceros costeros hasta los almacenes y los sitios de construcci\u00f3n, una gran variedad de empresas del Gran Miami utilizan montacargas. Las carretillas elevadoras de propano son una excelente opci\u00f3n para estos negocios, gracias a su potencia, eficiencia y versatilidad. Con [\u2026]<\/p>","protected":false},"author":4,"featured_media":0,"parent":25,"menu_order":3,"comment_status":"closed","ping_status":"closed","template":"","meta":{"footnotes":""},"class_list":["post-31","page","type-page","status-publish","hentry"],"_links":{"self":[{"href":"https:\/\/miamigas.com\/es\/wp-json\/wp\/v2\/pages\/31","targetHints":{"allow":["GET"]}}],"collection":[{"href":"https:\/\/miamigas.com\/es\/wp-json\/wp\/v2\/pages"}],"about":[{"href":"https:\/\/miamigas.com\/es\/wp-json\/wp\/v2\/types\/page"}],"author":[{"embeddable":true,"href":"https:\/\/miamigas.com\/es\/wp-json\/wp\/v2\/users\/4"}],"replies":[{"embeddable":true,"href":"https:\/\/miamigas.com\/es\/wp-json\/wp\/v2\/comments?post=31"}],"version-history":[{"count":17,"href":"https:\/\/miamigas.com\/es\/wp-json\/wp\/v2\/pages\/31\/revisions"}],"predecessor-version":[{"id":543,"href":"https:\/\/miamigas.com\/es\/wp-json\/wp\/v2\/pages\/31\/revisions\/543"}],"up":[{"embeddable":true,"href":"https:\/\/miamigas.com\/es\/wp-json\/wp\/v2\/pages\/25"}],"wp:attachment":[{"href":"https:\/\/miamigas.com\/es\/wp-json\/wp\/v2\/media?parent=31"}],"curies":[{"name":"wp","href":"https:\/\/api.w.org\/{rel}","templated":true}]}}