{"id":3,"date":"2023-09-05T23:39:18","date_gmt":"2023-09-05T23:39:18","guid":{"rendered":"http:\/\/miamigas.com\/?page_id=3"},"modified":"2023-09-12T10:45:19","modified_gmt":"2023-09-12T14:45:19","slug":"privacy-policy","status":"publish","type":"page","link":"https:\/\/miamigas.com\/es\/privacy-policy\/","title":{"rendered":"pol\u00edtica de privacidad"},"content":{"rendered":"<h1>Nuestra pol\u00edtica de privacidad<\/h1>\n<p>La privacidad siempre ha sido una parte importante de nuestra forma de hacer negocios. Nos gustar\u00eda que nuestra pol\u00edtica relativa a la recopilaci\u00f3n y el uso de informaci\u00f3n sea absolutamente clara. Este aviso explica nuestras pr\u00e1cticas de informaci\u00f3n en l\u00ednea y las opciones que puede tomar sobre la forma en que se recopila y utiliza la informaci\u00f3n.<\/p>\n<h2>La informaci\u00f3n que recopilamos<\/h2>\n<p>En Miami Gas LLC respetamos y estamos comprometidos a proteger su privacidad. No recopilamos informaci\u00f3n de identificaci\u00f3n personal sobre usted a trav\u00e9s de nuestro sitio web a menos que usted la proporcione voluntariamente. Sin embargo, recibimos y registramos autom\u00e1ticamente informaci\u00f3n en los registros de nuestro servidor desde su navegador, incluida su direcci\u00f3n IP, informaci\u00f3n de cookies y las p\u00e1ginas que visit\u00f3. Miami Gas LLC no vender\u00e1 su informaci\u00f3n de identificaci\u00f3n personal a nadie. En cualquier momento, puede optar por no proporcionar dicha informaci\u00f3n de identificaci\u00f3n personal simplemente no proporcion\u00e1ndola o interrumpiendo el uso del sitio web de Miami Gas LLC.<\/p>\n<p>Ejemplos de informaci\u00f3n de identificaci\u00f3n personal que puede proporcionarnos mientras utiliza nuestro sitio incluyen:<\/p>\n<ul>\n<li>correos electr\u00f3nicos<\/li>\n<li>direccion de casa<\/li>\n<li>nombre<\/li>\n<li>n\u00famero de tel\u00e9fono<\/li>\n<li>n\u00famero de cuenta (si es un cliente actual)<\/li>\n<li>informaci\u00f3n sobre su computadora y navegador<\/li>\n<\/ul>\n<p>Si desea personalizar algunas \u00e1reas de nuestro sitio, hacer preguntas detalladas o solicitar informaci\u00f3n que satisfaga sus necesidades espec\u00edficas, deber\u00e1 proporcionar cierta informaci\u00f3n de identificaci\u00f3n personal. Esto puede incluir identificar temas de inter\u00e9s, proporcionar su t\u00edtulo y funci\u00f3n para los usuarios comerciales, proporcionar una direcci\u00f3n de casa\/oficina o completar informaci\u00f3n de la cuenta para preguntas sobre facturaci\u00f3n.<\/p>\n<p>Para mejorar nuestro sitio web, recopilamos informaci\u00f3n sobre la cantidad de visitas a nuestro sitio, el tiempo que los visitantes pasan en el sitio web, la cantidad de p\u00e1ginas vistas y los dominios desde los cuales los visitantes visitan nuestro sitio web. Esta informaci\u00f3n s\u00f3lo la analizamos de forma agregada; no est\u00e1 asociado con ning\u00fan individuo espec\u00edfico.<\/p>\n<p>Algunas partes de nuestro sitio web utilizan cookies. Una cookie es un fragmento de datos almacenado en su disco duro o en la memoria de su computadora que contiene informaci\u00f3n sobre su visita y preferencias. Es posible que reciba una cookie que recopile informaci\u00f3n sobre el uso del sitio (n\u00famero de visitantes, p\u00e1ginas m\u00e1s populares, etc.) y mejore su experiencia en nuestro sitio web. Muchos navegadores populares le permiten rechazar las cookies.<\/p>\n<h2>C\u00f3mo utilizamos la informaci\u00f3n que recopilamos<\/h2>\n<p>Utilizamos la informaci\u00f3n que usted proporciona voluntariamente para:<\/p>\n<ul>\n<li>cumplir con su pedido.<\/li>\n<li>ayudarle a encontrar y\/o recibir informaci\u00f3n r\u00e1pidamente sobre Miami Gas LLC.<\/li>\n<li>alertarle sobre informaci\u00f3n y servicios actualizados.<\/li>\n<li>ofrecer un servicio m\u00e1s completo.<\/li>\n<li>Mejorar el contenido de nuestro sitio web para su referencia.<\/li>\n<li>Responde a tus preguntas.<\/li>\n<\/ul>\n<p>En algunos casos, podemos comunicarnos con usted para informarle sobre nuevos productos o servicios. Si no desea que nos comuniquemos con nosotros para este prop\u00f3sito, haga su solicitud por <a href=\"\/es\/customer-service\/\">haciendo clic aqu\u00ed<\/a>.<\/p>\n<h2>El intercambio de informaci\u00f3n<\/h2>\n<p>Miami Gas LLC no vende la informaci\u00f3n de identificaci\u00f3n personal que usted proporciona para obtener ganancias financieras ni Miami Gas LLC comparte dicha informaci\u00f3n con terceros con el fin de enviarle anuncios de productos o servicios no afiliados a Miami Gas LLC o con sus afiliados o socios comerciales. Sin embargo, Miami Gas LLC puede compartir informaci\u00f3n de identificaci\u00f3n personal que usted nos proporcione para fines comerciales leg\u00edtimos, incluidos, entre otros, los siguientes:<\/p>\n<ul>\n<li>Transferir dicha informaci\u00f3n a las afiliadas y subsidiarias de Miami Gas LLC, a menos que dicha transferencia est\u00e9 prohibida por la ley.<\/li>\n<li>Poner dicha informaci\u00f3n a disposici\u00f3n de terceros que proporcionen el producto, servicio o informaci\u00f3n que usted haya solicitado (pero nunca su contrase\u00f1a).<\/li>\n<li>Poner dicha informaci\u00f3n a disposici\u00f3n de terceros que brindan servicios a Miami Gas LLC o sus subsidiarias o afiliadas (por ejemplo, proporcionar dicha informaci\u00f3n a terceros que prestan servicios relacionados con la computadora para Miami Gas LLC o sus afiliadas (pero nunca su contrase\u00f1a).<\/li>\n<li>Si creemos de buena fe que la divulgaci\u00f3n de dicha informaci\u00f3n es necesaria para investigar, prevenir o tomar medidas con respecto a cualquier actividad ilegal o con respecto a la interferencia con el funcionamiento de nuestro sitio o la violaci\u00f3n de sus t\u00e9rminos de uso.<\/li>\n<li>Si la ley permite la divulgaci\u00f3n de dicha informaci\u00f3n o nuestro asesor legal cree de buena fe que dicha divulgaci\u00f3n es requerida por la ley federal o estatal, citaci\u00f3n u orden judicial. Al proporcionar informaci\u00f3n de identificaci\u00f3n personal, usted acepta expresamente estas pr\u00e1cticas de privacidad.<\/li>\n<\/ul>\n<p>Adem\u00e1s, Miami Gas LLC se reserva el derecho de compartir cualquier informaci\u00f3n agregada (es decir, informaci\u00f3n de identificaci\u00f3n no personal) con terceros por cualquier motivo, a menos que lo proh\u00edba la ley.<\/p>\n<h2>Politica de seguridad<\/h2>\n<p>Miami Gas LLC utiliza las pr\u00e1cticas est\u00e1ndar m\u00e1s altas disponibles en la industria para proteger su informaci\u00f3n de identificaci\u00f3n personal contra p\u00e9rdida, mal uso, alteraci\u00f3n y destrucci\u00f3n. Su pago y su informaci\u00f3n personal est\u00e1n siempre seguros. Nuestro software Secure Sockets Layer (SSL) es el est\u00e1ndar de la industria y se encuentra entre los mejores software disponibles en la actualidad para transacciones comerciales seguras. Cifra toda su informaci\u00f3n personal, incluido el n\u00famero de tarjeta de cr\u00e9dito, el nombre y la direcci\u00f3n, para que no pueda leerse en Internet. Sin embargo, ning\u00fan sistema de seguridad es completamente a prueba de fallas y Miami Gas LLC no puede garantizar que la informaci\u00f3n que usted proporciona nunca ser\u00e1 obtenida por personas no autorizadas. El candado amarillo en la esquina inferior derecha de una p\u00e1gina web indica que un usuario est\u00e1 en un sitio seguro. En algunas \u00e1reas de nuestro sitio web, requerimos una identificaci\u00f3n de usuario y una contrase\u00f1a para que pueda acceder a cierta informaci\u00f3n. Miami Gas LLC no revelar\u00e1 dichas contrase\u00f1as a terceros; sin embargo, usted es responsable de mantener la privacidad y seguridad de su contrase\u00f1a.<\/p>\n<h2>Obtenci\u00f3n y correcci\u00f3n de informaci\u00f3n de identificaci\u00f3n personal<\/h2>\n<p>Si desea obtener una copia de la informaci\u00f3n de identificaci\u00f3n personal que hemos obtenido de usted a trav\u00e9s de su uso de este sitio, o cree que tenemos informaci\u00f3n de identificaci\u00f3n personal sobre usted que es err\u00f3nea o desea eliminar cualquier informaci\u00f3n de identificaci\u00f3n personal que hemos obtenido de usted a trav\u00e9s del uso de nuestro sitio, cont\u00e1ctenos utilizando la siguiente informaci\u00f3n:<\/p>\n<h2>C\u00f3mo Encontrarnos<\/h2>\n<p>Cont\u00e1ctenos en l\u00ednea usando nuestro <a href=\"\/es\/customer-service\/\">Formulario de contacto<\/a>.<\/p>","protected":false},"excerpt":{"rendered":"<p>Nuestra Pol\u00edtica de Privacidad La privacidad siempre ha sido una parte importante de nuestra forma de hacer negocios. Nos gustar\u00eda que nuestra pol\u00edtica relativa a la recopilaci\u00f3n y el uso de informaci\u00f3n sea absolutamente clara. Este aviso explica nuestras pr\u00e1cticas de informaci\u00f3n en l\u00ednea y las opciones que puede tomar sobre la forma en que se recopila y utiliza la informaci\u00f3n. La informaci\u00f3n que recopilamos en [\u2026]<\/p>","protected":false},"author":4,"featured_media":0,"parent":0,"menu_order":99,"comment_status":"closed","ping_status":"closed","template":"","meta":{"footnotes":""},"class_list":["post-3","page","type-page","status-publish","hentry"],"_links":{"self":[{"href":"https:\/\/miamigas.com\/es\/wp-json\/wp\/v2\/pages\/3","targetHints":{"allow":["GET"]}}],"collection":[{"href":"https:\/\/miamigas.com\/es\/wp-json\/wp\/v2\/pages"}],"about":[{"href":"https:\/\/miamigas.com\/es\/wp-json\/wp\/v2\/types\/page"}],"author":[{"embeddable":true,"href":"https:\/\/miamigas.com\/es\/wp-json\/wp\/v2\/users\/4"}],"replies":[{"embeddable":true,"href":"https:\/\/miamigas.com\/es\/wp-json\/wp\/v2\/comments?post=3"}],"version-history":[{"count":2,"href":"https:\/\/miamigas.com\/es\/wp-json\/wp\/v2\/pages\/3\/revisions"}],"predecessor-version":[{"id":271,"href":"https:\/\/miamigas.com\/es\/wp-json\/wp\/v2\/pages\/3\/revisions\/271"}],"wp:attachment":[{"href":"https:\/\/miamigas.com\/es\/wp-json\/wp\/v2\/media?parent=3"}],"curies":[{"name":"wp","href":"https:\/\/api.w.org\/{rel}","templated":true}]}}