{"id":29,"date":"2023-09-06T18:36:09","date_gmt":"2023-09-06T22:36:09","guid":{"rendered":"http:\/\/miamigas.com\/commercial\/forklift-cylinder-refill\/"},"modified":"2024-02-15T14:39:22","modified_gmt":"2024-02-15T19:39:22","slug":"forklift-cylinder-refill","status":"publish","type":"page","link":"https:\/\/miamigas.com\/es\/commercial\/forklift-cylinder-refill\/","title":{"rendered":"Recarga del cilindro de montacargas"},"content":{"rendered":"<h1>Servicios de montacargas de propano para empresas de Miami<\/h1>\n<p><img loading=\"lazy\" decoding=\"async\" src=\"\/wp-content\/uploads\/2023\/12\/forklift-refill.jpg\" alt=\"forklift cylinder refill south miami\" width=\"529\" height=\"374\" class=\"alignright\" \/><\/p>\n<h2>\u00a1Miami Gas le ayuda a hacer el trabajo!<\/h2>\n<p>Los montacargas son equipos esenciales para muchos tipos de negocios en Miami, incluidos puertos mar\u00edtimos y de cruceros, almacenes y centros de distribuci\u00f3n, tiendas de comestibles y otros grandes establecimientos minoristas y de construcci\u00f3n.<\/p>\n<p>Miami Gas es el proveedor comercial de servicios de propano para montacargas en el que puede confiar para su negocio. Somos locales y de propiedad familiar, con el conocimiento y las ideas que nos ayudan a brindar el servicio m\u00e1s confiable.<\/p>\n<p>Configuraremos personalizado <a href=\"\/es\/commercial\/forklift-cylinder-exchange\/\">intercambio de cilindros de carretilla elevadora<\/a> y servicios de recarga de gas de montacargas para su negocio. Usted nos trae los cilindros para recargarlos de forma r\u00e1pida y sencilla. Debido a que somos locales, podemos responder de maneras m\u00e1s grandes que las empresas nacionales simplemente no pueden. Podemos ajustar los servicios seg\u00fan sea necesario seg\u00fan sus necesidades junto con preocupaciones clim\u00e1ticas como huracanes.<\/p>\n<h3>Ventajas de las carretillas elevadoras de propano<\/h3>\n<p>Cada vez m\u00e1s empresas est\u00e1n descubriendo que las carretillas elevadoras de propano son superiores a las carretillas elevadoras alimentadas por electricidad o gasolina. Estos son algunos de los beneficios que ofrece el uso de montacargas de propano.<\/p>\n<p><strong>El propano ofrece una potencia superior<\/strong> \u2014 El tanque de gasolina de un montacargas normalmente puede durar un turno completo, aproximadamente ocho horas. Si el montacargas se queda sin propano durante el turno, se puede solucionar r\u00e1pidamente. Los trabajadores pueden sustituir el cilindro vac\u00edo por uno lleno en menos de cinco minutos y seguir trabajando sin interrupciones.<\/p>\n<p>Una vez que los montacargas el\u00e9ctricos se quedan sin energ\u00eda, es necesario recargarlos, lo que lleva ocho horas o m\u00e1s. Durante este tiempo, no se pueden utilizar, lo que resulta en un turno completo sin ellos.<\/p>\n<p>En comparaci\u00f3n con el cambio r\u00e1pido de cilindros, se necesita m\u00e1s tiempo para repostar carretillas elevadoras de gasolina y di\u00e9sel, y existe el peligro potencial de derramar combustible.<\/p>\n<p>Los montacargas el\u00e9ctricos experimentan una disminuci\u00f3n de potencia a medida que se agota la bater\u00eda. Por otro lado, los montacargas de propano mantienen la m\u00e1xima potencia si hay propano en el cilindro.<\/p>\n<p>Los montacargas de propano son m\u00e1s adecuados para cargas de trabajo m\u00e1s pesadas y superficies inclinadas que los montacargas el\u00e9ctricos. Esto conduce a una finalizaci\u00f3n del trabajo m\u00e1s r\u00e1pida y eficiente.<\/p>\n<div class=\"col-md-8 mx-auto my-5\">\n<div class=\"ratio ratio-16x9\"><iframe src='https:\/\/player.vimeo.com\/video\/306209981?badge=0&#038;byline=0&#038;portrait=0&#038;title=0' frameborder='0' webkitallowfullscreen mozallowfullscreen allowfullscreen><\/iframe><\/div>\n<\/div>\n<p><strong>Las carretillas elevadoras de propano le ahorran dinero<\/strong> \u2014 Los montacargas que funcionan con propano tienen un funcionamiento m\u00e1s limpio, lo que genera menores costos de mantenimiento y una vida \u00fatil m\u00e1s larga en comparaci\u00f3n con sus hom\u00f3logos el\u00e9ctricos o de gasolina. Elegir propano es una decisi\u00f3n financieramente inteligente y ambientalmente responsable para su negocio.<\/p>\n<p><strong>El propano va a cualquier parte<\/strong> \u2014 \u00bfQu\u00e9 hay por todos lados en un puerto mar\u00edtimo o de cruceros? Agua. Esto es un problema para las carretillas elevadoras el\u00e9ctricas, ya que s\u00f3lo pueden utilizarse en condiciones secas. Los montacargas que funcionan con propano se pueden utilizar tanto en condiciones h\u00famedas como secas. Dado que con frecuencia es necesario mover art\u00edculos del interior al exterior y viceversa, es necesario utilizar montacargas de propano, ya que los montacargas que funcionan con gasolina no se pueden utilizar de forma segura en interiores.<\/p>\n<p><strong>\u00a1Mantenga su negocio funcionando sin problemas con los servicios de gas para montacargas de Miami Gas! <a href=\"https:\/\/miamigas.com\/es\/customer-service\/\" title=\"P\u00f3ngase en contacto con nosotros\">P\u00f3ngase en contacto con nosotros<\/a> hoy para una consulta.<\/strong><\/p>","protected":false},"excerpt":{"rendered":"<p>Servicios de montacargas de propano para empresas de Miami \u00a1Miami Gas le ayuda a realizar el trabajo! Los montacargas son equipos esenciales para muchos tipos de negocios en Miami, incluidos puertos mar\u00edtimos y de cruceros, almacenes y centros de distribuci\u00f3n, tiendas de comestibles y otros grandes establecimientos minoristas y de construcci\u00f3n. Miami Gas es el proveedor comercial de servicios de propano para montacargas en el que puede confiar para [\u2026]<\/p>","protected":false},"author":4,"featured_media":0,"parent":25,"menu_order":2,"comment_status":"closed","ping_status":"closed","template":"","meta":{"footnotes":""},"class_list":["post-29","page","type-page","status-publish","hentry"],"_links":{"self":[{"href":"https:\/\/miamigas.com\/es\/wp-json\/wp\/v2\/pages\/29","targetHints":{"allow":["GET"]}}],"collection":[{"href":"https:\/\/miamigas.com\/es\/wp-json\/wp\/v2\/pages"}],"about":[{"href":"https:\/\/miamigas.com\/es\/wp-json\/wp\/v2\/types\/page"}],"author":[{"embeddable":true,"href":"https:\/\/miamigas.com\/es\/wp-json\/wp\/v2\/users\/4"}],"replies":[{"embeddable":true,"href":"https:\/\/miamigas.com\/es\/wp-json\/wp\/v2\/comments?post=29"}],"version-history":[{"count":11,"href":"https:\/\/miamigas.com\/es\/wp-json\/wp\/v2\/pages\/29\/revisions"}],"predecessor-version":[{"id":540,"href":"https:\/\/miamigas.com\/es\/wp-json\/wp\/v2\/pages\/29\/revisions\/540"}],"up":[{"embeddable":true,"href":"https:\/\/miamigas.com\/es\/wp-json\/wp\/v2\/pages\/25"}],"wp:attachment":[{"href":"https:\/\/miamigas.com\/es\/wp-json\/wp\/v2\/media?parent=29"}],"curies":[{"name":"wp","href":"https:\/\/api.w.org\/{rel}","templated":true}]}}