{"id":27,"date":"2023-09-06T18:36:09","date_gmt":"2023-09-06T22:36:09","guid":{"rendered":"http:\/\/miamigas.com\/commercial\/bulk-propane\/"},"modified":"2024-02-15T14:39:05","modified_gmt":"2024-02-15T19:39:05","slug":"bulk-propane","status":"publish","type":"page","link":"https:\/\/miamigas.com\/es\/commercial\/bulk-propane\/","title":{"rendered":"Propano a granel"},"content":{"rendered":"<h1>Entrega y servicio de propano a granel para empresas de Miami<\/h1>\n<p><img loading=\"lazy\" decoding=\"async\" src=\"\/wp-content\/uploads\/2023\/09\/bulkproane-1.jpg\" alt=\"bulk propane south miami\" width=\"531\" height=\"376\" class=\"alignright\" \/><\/p>\n<h2>\u00a1Obtenga un servicio confiable y personalizado con Miami Gas!<\/h2>\n<p>Miami Gas es la empresa de propano de la que dependen muchos tipos de empresas para el suministro a granel. <a href=\"https:\/\/miamigas.com\/es\/residential-propane\/propane-delivery\/\" title=\"entrega de propano\">entrega de propano<\/a>.<\/p>\n<p>Esto se debe a que somos una empresa local de propiedad familiar que tiene d\u00e9cadas de experiencia en la comunidad empresarial de la zona. Entendemos las necesidades de empresas como la suya y brindamos servicios de entrega de propano a granel confiables, flexibles y receptivos.<\/p>\n<p>Podemos respaldar un suministro de hasta dos semanas para un tanque de 1000 galones y ofrecer instalaciones en sitio de tanques de propano de entre 1000 y 10 000 galones de tama\u00f1o. Nuestro plan de entrega est\u00e1 personalizado para satisfacer las necesidades de su negocio y ofrecemos propano inal\u00e1mbrico. <a href=\"https:\/\/miamigas.com\/es\/residential-propane\/tanks-monitoring\/\" title=\"monitoreo del tanque\">monitoreo del tanque<\/a> para garantizar que su negocio siempre tenga propano.<\/p>\n<h3>\u00bfC\u00f3mo se utiliza comercialmente el propano?<\/h3>\n<p><img loading=\"lazy\" decoding=\"async\" src=\"\/wp-content\/uploads\/2023\/12\/bulkpropane2.jpg\" alt=\"\" width=\"529\" height=\"374\" class=\"alignright\" \/><\/p>\n<p>Gracias a la excelente eficiencia energ\u00e9tica y versatilidad del propano, se utiliza de muchas maneras en una amplia gama de empresas del sur de Florida.<\/p>\n<p><strong><a href=\"https:\/\/miamigas.com\/es\/equipment-service\/generators\/\" title=\"Generadores\">Generadores<\/a><\/strong> \u2013 Los generadores de reserva comerciales son equipos esenciales para los centros de atenci\u00f3n m\u00e9dica, ya que mantienen las luces encendidas, los sistemas HVAC en funcionamiento y los equipos vitales que salvan vidas en funcionamiento. Tambi\u00e9n se utilizan en las tiendas de comestibles para mantener fr\u00edos o congelados de forma segura los alimentos perecederos. En aplicaciones de oficina, los generadores alimentan los sistemas de aire acondicionado que mantienen la tecnolog\u00eda delicada, como los servidores, a una temperatura segura.<\/p>\n<p><strong>Puertos de embarque y almacenes<\/strong> \u2013 El propano alimenta una amplia gama de equipos esenciales, como montacargas, veh\u00edculos livianos como camionetas de reparto, tractores portuarios y terminales, y algunas embarcaciones peque\u00f1as. El uso de propano tambi\u00e9n elimina el riesgo de da\u00f1os ambientales por derrames de combustible.<\/p>\n<p><strong>Calentamiento de agua<\/strong> \u2013 Si posee una instalaci\u00f3n que utiliza mucha agua caliente, como una residencia para personas mayores, necesita un calentamiento de agua que sea energ\u00e9ticamente eficiente y confiable. \u00a1El propano puede hacer eso! Esto se debe a que el propano calienta el agua mucho m\u00e1s r\u00e1pido que los calentadores de agua el\u00e9ctricos y, al mismo tiempo, mantiene bajos los costos de energ\u00eda. Esto tambi\u00e9n se aplica a los calentadores de piscinas y spas. Tambi\u00e9n nos encargamos de la instalaci\u00f3n y el mantenimiento de calentadores de agua comerciales para edificios de apartamentos.<\/p>\n<p><img loading=\"lazy\" decoding=\"async\" src=\"\/wp-content\/uploads\/2023\/09\/bulkpropane3.jpg\" alt=\"\" width=\"531\" height=\"376\" class=\"alignright\" \/><\/p>\n<p><strong>Restaurantes y cocinas comerciales.<\/strong> \u2013 El propano alimenta cocinas comerciales, freidoras, parrillas, calentadores de agua para limpiar y lavar platos, parrillas, estaciones de calentamiento y otros electrodom\u00e9sticos esenciales que permiten a los chefs preparar grandes cantidades de alimentos sin sacrificar la calidad.<\/p>\n<p><strong>Calefacci\u00f3n de espacios<\/strong> \u2013 Si su restaurante, sal\u00f3n de banquetes o campo de golf tiene espacios para cenar y entretenerse al aire libre, la calefacci\u00f3n de propano le permite utilizarlos durante todo el a\u00f1o para ayudarle a maximizar su potencial de ingresos.<\/p>\n<p><strong>Lavander\u00edas y lavander\u00edas comerciales<\/strong> \u2013 Las secadoras de ropa de propano secan cargas de ropa 25% m\u00e1s r\u00e1pido que las secadoras el\u00e9ctricas. Esto reduce sus costos de energ\u00eda y al mismo tiempo aumenta la productividad del personal de limpieza en residencias para personas mayores y centros de atenci\u00f3n a largo plazo, hospitales, hoteles y m\u00e1s.<\/p>\n<p><strong>\u00a1No se quede en la estacada cuando se trata de obtener propano cuando lo necesite! <a href=\"https:\/\/miamigas.com\/es\/customer-service\/\" title=\"P\u00f3ngase en contacto con los profesionales de Miami Gas hoy\">P\u00f3ngase en contacto con los profesionales de Miami Gas hoy<\/a> para obtener m\u00e1s informaci\u00f3n sobre nuestros servicios comerciales de propano a granel.<\/strong><\/p>","protected":false},"excerpt":{"rendered":"<p>Entrega y servicio de propano a granel para empresas de Miami \u00a1Obtenga un servicio personalizado y confiable con Miami Gas! Miami Gas es la empresa de propano en la que conf\u00edan muchos tipos de empresas para el suministro de propano a granel. Esto se debe a que somos una empresa local de propiedad familiar que tiene d\u00e9cadas de experiencia en la comunidad empresarial de la zona. Entendemos las necesidades de [\u2026]<\/p>","protected":false},"author":4,"featured_media":0,"parent":25,"menu_order":1,"comment_status":"closed","ping_status":"closed","template":"","meta":{"footnotes":""},"class_list":["post-27","page","type-page","status-publish","hentry"],"_links":{"self":[{"href":"https:\/\/miamigas.com\/es\/wp-json\/wp\/v2\/pages\/27","targetHints":{"allow":["GET"]}}],"collection":[{"href":"https:\/\/miamigas.com\/es\/wp-json\/wp\/v2\/pages"}],"about":[{"href":"https:\/\/miamigas.com\/es\/wp-json\/wp\/v2\/types\/page"}],"author":[{"embeddable":true,"href":"https:\/\/miamigas.com\/es\/wp-json\/wp\/v2\/users\/4"}],"replies":[{"embeddable":true,"href":"https:\/\/miamigas.com\/es\/wp-json\/wp\/v2\/comments?post=27"}],"version-history":[{"count":12,"href":"https:\/\/miamigas.com\/es\/wp-json\/wp\/v2\/pages\/27\/revisions"}],"predecessor-version":[{"id":539,"href":"https:\/\/miamigas.com\/es\/wp-json\/wp\/v2\/pages\/27\/revisions\/539"}],"up":[{"embeddable":true,"href":"https:\/\/miamigas.com\/es\/wp-json\/wp\/v2\/pages\/25"}],"wp:attachment":[{"href":"https:\/\/miamigas.com\/es\/wp-json\/wp\/v2\/media?parent=27"}],"curies":[{"name":"wp","href":"https:\/\/api.w.org\/{rel}","templated":true}]}}