{"id":259,"date":"2023-09-12T10:15:55","date_gmt":"2023-09-12T14:15:55","guid":{"rendered":"http:\/\/miamigas.com\/?page_id=259"},"modified":"2024-02-02T08:41:27","modified_gmt":"2024-02-02T13:41:27","slug":"ordenar","status":"publish","type":"page","link":"https:\/\/miamigas.com\/es\/ordenar\/","title":{"rendered":"Ordenar"},"content":{"rendered":"<h1>Iniciar una Orden<\/h1>\n<p>Gracias por su inter\u00e9s en Miami Gas.<\/p>\n<p>Por favor llena esta forma y le ayudaremos lo m\u00e1s pronto posible.<\/p>\n<p><a href=\"\/es\/customer-service\/order-fuel\/\" class=\"btn btn-primo\">Haga clic aqu\u00ed para ingl\u00e9s<\/a><\/p>\n<div class='fluentform ff-default fluentform_wrapper_4 ffs_default_wrap'><form data-form_id=\"4\" id=\"fluentform_4\" class=\"frm-fluent-form fluent_form_4 ff-el-form-top ff_form_instance_4_1 ff-form-loading ff-form-has-steps ffs_default\" data-form_instance=\"ff_form_instance_4_1\" method=\"POST\" action=\"\"><fieldset  style=\"border: none!important;margin: 0!important;padding: 0!important;background-color: transparent!important;box-shadow: none!important;outline: none!important; min-inline-size: 100%;\">\n                    <legend class=\"ff_screen_reader_title\" style=\"display: block; margin: 0!important;padding: 0!important;height: 0!important;text-indent: -999999px;width: 0!important;overflow:hidden;\">Formulario de pedido de MG en espa\u00f1ol<\/legend><input type='hidden' name='__fluent_form_embded_post_id' value='259' \/><input type=\"hidden\" id=\"_fluentform_4_fluentformnonce\" name=\"_fluentform_4_fluentformnonce\" value=\"f93490f1ac\" \/><input type=\"hidden\" name=\"_wp_http_referer\" value=\"\/es\/wp-json\/wp\/v2\/pages\/259\" \/><div class='ff-step-container' data-name=\"step_start-4_2\" data-disable_auto_focus=\"no\" data-enable_auto_slider=\"no\" data-enable_step_data_persistency=\"yes\" data-enable_step_page_resume=\"yes\" data-animation_type=\"slide\"><div class='ff-step-header'><div class='ff-el-progress-status' aria-live='polite'><\/div>\n            <div class='ff-el-progress'>\n                <div role='progressbar'  class='ff-el-progress-bar'><span><\/span><\/div>\n            <\/div>\n            <ul style='display: none' class='ff-el-progress-title'>\n                <li>Cu\u00e9ntanos acerca de t\u00ed<\/li><li>como podemos ayudarte?<\/li>\n            <\/ul><\/div><span class='ff_step_start'><\/span><div class='ff-step-body'><div class=\"fluentform-step active\" data-name=\"step_start-4_2\" data-disable_auto_focus=\"no\" data-enable_auto_slider=\"no\" data-enable_step_data_persistency=\"yes\" data-enable_step_page_resume=\"yes\" data-animation_type=\"slide\"><div class='ff-el-group'><div class=\"ff-el-input--label ff-el-is-required asterisk-right\"><label for='ff_4_referralsource' id='label_ff_4_referralsource' aria-label=\"\u00bfC\u00f3mo te enteras de nosotros?\">\u00bfC\u00f3mo te enteras de nosotros?<\/label><\/div><div class='ff-el-input--content'><select name=\"referralsource\" id=\"ff_4_referralsource\" class=\"ff-el-form-control\" data-name=\"referralsource\" data-calc_value=\"0\"  aria-invalid=\"false\" aria-required=\"true\" aria-labelledby=\"label_ff_4_referralsource\"><option value=\"\">Por favor seleccione una opci\u00f3n<\/option><option value=\"Soy un cliente actual existente\">Soy un cliente actual existente<\/option><option value=\"soy un cliente anterior\">soy un cliente anterior<\/option><option value=\"Referido por un amigo\">Referido por un amigo<\/option><option value=\"Conozco a alguien que trabaja en Miami Gas\">Conozco a alguien que trabaja en Miami Gas<\/option><option value=\"Recomendado por una empresa local\">Recomendado por una empresa local<\/option><option value=\"Google\">Google<\/option><option value=\"Recib\u00ed una postal en el correo.\">Recib\u00ed una postal en el correo.<\/option><option value=\"Interno\">interno<\/option><option value=\"Other\">Otro<\/option><\/select><\/div><\/div><div class='ff-el-group'><div class=\"ff-el-input--label asterisk-right\"><label for='ff_4_clientcompanyname' id='label_ff_4_clientcompanyname'>Nombre de su compa\u00f1ia<\/label><\/div><div class='ff-el-input--content'><input type=\"text\" name=\"clientcompanyname\" class=\"ff-el-form-control\" placeholder=\"Acme Co.\" data-name=\"clientcompanyname\" id=\"ff_4_clientcompanyname\"  aria-invalid=\"false\" aria-required=\"false\/\"><\/div><\/div><div data-type=\"name-element\" data-name=\"names\" class=\"ff-field_container ff-name-field-wrapper\"><div class='ff-t-container'><div class='ff-t-cell'><div class='ff-el-group'><div class=\"ff-el-input--label ff-el-is-required asterisk-right\"><label for='ff_4_names_first_name_' id='label_ff_4_names_first_name_'>primer nombre<\/label><\/div><div class='ff-el-input--content'><input type=\"text\" name=\"names[first_name]\" id=\"ff_4_names_first_name_\" class=\"ff-el-form-control\" placeholder=\"primer nombre\" aria-invalid=\"false\" aria-required=\"true\/\"><\/div><\/div><\/div><div class='ff-t-cell'><div class='ff-el-group'><div class=\"ff-el-input--label ff-el-is-required asterisk-right\"><label for='ff_4_names_last_name_' id='label_ff_4_names_last_name_'>Apellido<\/label><\/div><div class='ff-el-input--content'><input type=\"text\" name=\"names[last_name]\" id=\"ff_4_names_last_name_\" class=\"ff-el-form-control\" placeholder=\"Apellido\" aria-invalid=\"false\" aria-required=\"true\/\"><\/div><\/div><\/div><\/div><\/div><div data-name=\"ff_cn_id_1\"  class='ff-t-container ff-column-container ff_columns_total_2 has-conditions'><div class='ff-t-cell ff-t-column-1' style='flex-basis: 50%;'><div class='ff-el-group'><div class=\"ff-el-input--label ff-el-is-required asterisk-right\"><label for='ff_4_clientaddress' id='label_ff_4_clientaddress' aria-label=\"direcci\u00f3n\">direcci\u00f3n<\/label><\/div><div class='ff-el-input--content'><input type=\"text\" name=\"clientaddress\" class=\"ff-el-form-control\" data-name=\"clientaddress\" id=\"ff_4_clientaddress\"  aria-invalid=\"false\" aria-required=\"true\/\"><\/div><\/div><\/div><div class='ff-t-cell ff-t-column-2' style='flex-basis: 50%;'><div class='ff-el-group'><div class=\"ff-el-input--label asterisk-right\"><label for='ff_4_clientunit' id='label_ff_4_clientunit' aria-label=\"numero de unidad\">numero de unidad<\/label><\/div><div class='ff-el-input--content'><input type=\"text\" name=\"clientunit\" class=\"ff-el-form-control\" data-name=\"clientunit\" id=\"ff_4_clientunit\"  aria-invalid=\"false\" aria-required=\"false\/\"><\/div><\/div><\/div><\/div><div data-name=\"ff_cn_id_2\"  class='ff-t-container ff-column-container ff_columns_total_3 has-conditions'><div class='ff-t-cell ff-t-column-1' style='flex-basis: 33.33%;'><div class='ff-el-group'><div class=\"ff-el-input--label ff-el-is-required asterisk-right\"><label for='ff_4_clientcity' id='label_ff_4_clientcity' aria-label=\"ciudad\">ciudad<\/label><\/div><div class='ff-el-input--content'><input type=\"text\" name=\"clientcity\" class=\"ff-el-form-control\" data-name=\"clientcity\" id=\"ff_4_clientcity\"  aria-invalid=\"false\" aria-required=\"true\/\"><\/div><\/div><\/div><div class='ff-t-cell ff-t-column-2' style='flex-basis: 33.33%;'><div class='ff-el-group'><div class=\"ff-el-input--label ff-el-is-required asterisk-right\"><label for='ff_4_clientstate' id='label_ff_4_clientstate' aria-label=\"Estado\">Estado<\/label><\/div><div class='ff-el-input--content'><input type=\"text\" name=\"clientstate\" class=\"ff-el-form-control\" data-name=\"clientstate\" id=\"ff_4_clientstate\"  aria-invalid=\"false\" aria-required=\"true\/\"><\/div><\/div><\/div><div class='ff-t-cell ff-t-column-3' style='flex-basis: 33.33%;'><div class='ff-el-group'><div class=\"ff-el-input--label ff-el-is-required asterisk-right\"><label for='ff_4_clientzip' id='label_ff_4_clientzip' aria-label=\"C\u00f3digo postal\">C\u00f3digo postal<\/label><\/div><div class='ff-el-input--content'><input type=\"text\" name=\"clientzip\" class=\"ff-el-form-control\" data-name=\"clientzip\" id=\"ff_4_clientzip\"  aria-invalid=\"false\" aria-required=\"true\/\"><\/div><\/div><\/div><\/div><div class='ff-el-group has-conditions'><div class=\"ff-el-input--label ff-el-is-required asterisk-right\"><label for='ff_4_clientphone' id='label_ff_4_clientphone' aria-label=\"N\u00famero de tel\u00e9fono\">N\u00famero de tel\u00e9fono<\/label><\/div><div class='ff-el-input--content'><input type=\"text\" name=\"clientphone\" data-mask=\"(000) 000-0000\" class=\"ff-el-form-control\" data-name=\"clientphone\" id=\"ff_4_clientphone\"  aria-invalid=\"false\" aria-required=\"true\/\"><\/div><\/div><div class='ff-el-group has-conditions'><div class=\"ff-el-input--label ff-el-is-required asterisk-right\"><label for='ff_4_clientemail' id='label_ff_4_clientemail' aria-label=\"Correo electr\u00f3nico\">Correo electr\u00f3nico<\/label><\/div><div class='ff-el-input--content'><input type=\"email\" name=\"clientemail\" id=\"ff_4_clientemail\" class=\"ff-el-form-control\" placeholder=\"Direcci\u00f3n de correo electr\u00f3nico\" data-name=\"clientemail\"  aria-invalid=\"false\" aria-required=\"true\/\"><\/div><\/div><div class='step-nav ff_step_nav_last'><button style='float: left;'  type='button' data-action='prev' class='ff-btn ff-btn-prev ff-btn-secondary' aria-label='Anterior'>Anterior<\/button><button style='float: right;'  type='button' data-action='next' class='ff-float-right ff-btn ff-btn-next ff-btn-secondary' aria-label='Pr\u00f3ximo'>Pr\u00f3ximo<\/button><\/div><\/div><div style='display: none;' class=\"fluentform-step\" data-name=\"form_step-4_1\"><div class='ff-el-group has-conditions'><div class=\"ff-el-input--label ff-el-is-required asterisk-right\"><label for='ff_4_clientservicerequested' id='label_ff_4_clientservicerequested' aria-label=\"\u00bfQue servicio necesita?\">\u00bfQue servicio necesita?<\/label><\/div><div class='ff-el-input--content'><select name=\"clientservicerequested\" id=\"ff_4_clientservicerequested\" class=\"ff-el-form-control\" data-name=\"clientservicerequested\" data-calc_value=\"0\"  aria-invalid=\"false\" aria-required=\"true\" aria-labelledby=\"label_ff_4_clientservicerequested\"><option value=\"\">Por favor seleccione una opci\u00f3n<\/option><option value=\"Un presupuesto\/estimado\">Un presupuesto\/estimado<\/option><option value=\"Entregada de propano (Delivery)\">Entregada de propano<\/option><option value=\"Servicios de generador\">Servicios de generador<\/option><option value=\"Cambio de tanques forklift\">Carretilla elevadora cambio de tanques<\/option><option value=\"Servicio de monitorear tanques\">Servicio de monitoreo de tanques<\/option><option value=\"Otro\">Otro<\/option><\/select><\/div><\/div><div class='ff-el-group has-conditions'><div class=\"ff-el-input--label ff-el-is-required asterisk-right\"><label for='ff_4_estimatedescription' id='label_ff_4_estimatedescription' aria-label=\"\u00bfDe que le gustaria un presupuesto\/estimado?\">\u00bfDe que le gustaria un presupuesto\/estimado?<\/label><\/div><div class='ff-el-input--content'><textarea aria-required=\"true\" aria-labelledby=\"label_ff_4_estimatedescription\" name=\"estimatedescription\" id=\"ff_4_estimatedescription\" class=\"ff-el-form-control\" rows=\"3\" cols=\"2\" data-name=\"estimatedescription\"><\/textarea><\/div><\/div><div data-name=\"ff_cn_id_3\"  class='ff-t-container ff-column-container ff_columns_total_1 has-conditions'><div class='ff-t-cell ff-t-column-1' style='flex-basis: 100%;'><div class='ff-el-group'><div class=\"ff-el-input--label asterisk-right\"><label for='ff_4_tankqty' id='label_ff_4_tankqty' aria-label=\"\u00bfCuantos tanques tienes?\">\u00bfCuantos tanques tienes?<\/label><\/div><div class='ff-el-input--content'><select name=\"tankqty\" id=\"ff_4_tankqty\" class=\"ff-el-form-control\" data-name=\"tankqty\" data-calc_value=\"0\"  aria-invalid=\"false\" aria-required=\"false\" aria-labelledby=\"label_ff_4_tankqty\"><option value=\"\">Por favor seleccione una opci\u00f3n<\/option><option value=\"No s\u00e9\">Nariz<\/option><option value=\"0\">0<\/option><option value=\"1\">1<\/option><option value=\"2\">2<\/option><option value=\"3\">3<\/option><option value=\"4\">4<\/option><option value=\"Mas de 4\">M\u00e1s de 4<\/option><\/select><\/div><\/div><div class='ff-el-group'><div class=\"ff-el-input--label asterisk-right\"><label for='ff_4_tanksize' id='label_ff_4_tanksize' aria-label=\"\u00bfDe qu\u00e9 tama\u00f1o son sus tanques?\">\u00bfDe qu\u00e9 tama\u00f1o son sus tanques?<\/label><\/div><div class='ff-el-input--content'><select name=\"tanksize\" id=\"ff_4_tanksize\" class=\"ff-el-form-control\" data-name=\"tanksize\" data-calc_value=\"0\"  aria-invalid=\"false\" aria-required=\"false\" aria-labelledby=\"label_ff_4_tanksize\"><option value=\"\">Por favor seleccione una opci\u00f3n<\/option><option value=\"No s\u00e9\">Nariz<\/option><option value=\"100lb\">100 libras<\/option><option value=\"200lb\">200 libras<\/option><option value=\"100 galones\">100 galones<\/option><option value=\"120 galones\">120 galones<\/option><option value=\"250 galones\">250 galones<\/option><option value=\"500 galones\">500 galones<\/option><option value=\"1,000 galones\">1.000 galones<\/option><\/select><\/div><\/div><div class='ff-el-group'><div class=\"ff-el-input--label asterisk-right\"><label for='ff_4_tankelevation' id='label_ff_4_tankelevation' aria-label=\"\u00bfEst\u00e1n sus tanques sobre o bajo tierra?\">\u00bfEst\u00e1n sus tanques sobre o bajo tierra?<\/label><\/div><div class='ff-el-input--content'><select name=\"tankelevation\" id=\"ff_4_tankelevation\" class=\"ff-el-form-control\" data-name=\"tankelevation\" data-calc_value=\"0\"  aria-invalid=\"false\" aria-required=\"false\" aria-labelledby=\"label_ff_4_tankelevation\"><option value=\"\">Por favor seleccione una opci\u00f3n<\/option><option value=\"No s\u00e9\">Nariz<\/option><option value=\"Sobre tierra\">sobre tierra<\/option><option value=\"Bajo tierra\">bajo tierra<\/option><\/select><\/div><\/div><div class='ff-el-group'><div class=\"ff-el-input--label asterisk-right\"><label for='ff_4_tanklocation' id='label_ff_4_tanklocation' aria-label=\"\u00bfD\u00f3nde est\u00e1n ubicados sus tanques (si est\u00e1 de pie y frente a la puerta principal)\">\u00bfD\u00f3nde est\u00e1n ubicados sus tanques (si est\u00e1 de pie y frente a la puerta principal)<\/label><\/div><div class='ff-el-input--content'><select name=\"tanklocation\" id=\"ff_4_tanklocation\" class=\"ff-el-form-control\" data-name=\"tanklocation\" data-calc_value=\"0\"  aria-invalid=\"false\" aria-required=\"false\" aria-labelledby=\"label_ff_4_tanklocation\"><option value=\"\">Por favor seleccione una opci\u00f3n<\/option><option value=\"No s\u00e9\">Nariz<\/option><option value=\"En la parte de atr\u00e1s, lado izquierdo\">En la parte de atr\u00e1s, lado izquierdo<\/option><option value=\"En la parte de atr\u00e1s, lado derecho\">En la parte de atr\u00e1s, lado derecho<\/option><option value=\"En el frente, lado izquierdo\">En el frente, lado izquierdo<\/option><option value=\"En el frente, lado derecho\">En el frente, lado derecho<\/option><\/select><\/div><\/div><\/div><\/div><div class='ff-el-group has-conditions'><div class=\"ff-el-input--label ff-el-is-required asterisk-right\"><label for='ff_4_servicerequested_other' id='label_ff_4_servicerequested_other' aria-label=\"\u00bfC\u00f3mo podemos ayudarte?\">\u00bfC\u00f3mo podemos ayudarte?<\/label><\/div><div class='ff-el-input--content'><textarea aria-required=\"true\" aria-labelledby=\"label_ff_4_servicerequested_other\" name=\"servicerequested_other\" id=\"ff_4_servicerequested_other\" class=\"ff-el-form-control\" rows=\"3\" cols=\"2\" data-name=\"servicerequested_other\"><\/textarea><\/div><\/div><div class='ff-el-group'><div class=\"ff-el-input--label asterisk-right\"><label for='ff_4_clientnotes' id='label_ff_4_clientnotes' aria-label=\"\u00bfHay algo m\u00e1s que quieras decirnos?\">\u00bfHay algo m\u00e1s que quieras decirnos?<\/label><\/div><div class='ff-el-input--content'><textarea aria-required=\"false\" aria-labelledby=\"label_ff_4_clientnotes\" name=\"clientnotes\" id=\"ff_4_clientnotes\" class=\"ff-el-form-control\" rows=\"3\" cols=\"2\" data-name=\"clientnotes\"><\/textarea><\/div><\/div>        <div class=\"ff-step-t-container ff-inner_submit_container ff-column-container ff_columns_total_2\">\n            <div class=\"ff-t-cell ff-t-column-1\"><div class='step-nav ff_step_nav_last'><button style='float: left;'  type='button' data-action='prev' class='ff-btn ff-btn-prev ff-btn-secondary' aria-label='Anterior'>Anterior<\/button><\/div><\/div>\n            <div class=\"ff-t-cell ff-t-column-2\">\n                <div class='ff-el-group ff-text-left ff_submit_btn_wrapper'><button type=\"submit\" class=\"ff-btn ff-btn-submit ff-btn-md ff_btn_style\"  aria-label=\"Enviar formulario\">Enviar formulario<\/button><\/div>            <\/div>\n        <\/div>\n        <\/div><\/div><\/div>\n        <\/fieldset><input type=\"hidden\" name=\"trp-form-language\" value=\"es\"\/><\/form><div id='fluentform_4_errors' class='ff-errors-in-stack ff_form_instance_4_1 ff-form-loading_errors ff_form_instance_4_1_errors'><\/div><\/div>            <script type=\"text\/javascript\">\n                window.fluent_form_ff_form_instance_4_1 = {\"id\":\"4\",\"settings\":{\"layout\":{\"labelPlacement\":\"top\",\"helpMessagePlacement\":\"with_label\",\"errorMessagePlacement\":\"inline\",\"cssClassName\":\"\",\"asteriskPlacement\":\"asterisk-right\"},\"restrictions\":{\"denyEmptySubmission\":{\"enabled\":false}}},\"form_instance\":\"ff_form_instance_4_1\",\"form_id_selector\":\"fluentform_4\",\"rules\":{\"referralsource\":{\"required\":{\"value\":true,\"message\":\"We'd love to know how you heard about Miami Gas\"}},\"clientcompanyname\":{\"required\":{\"value\":false,\"message\":\"This field is required\"}},\"names[first_name]\":{\"required\":{\"value\":true,\"message\":\"Please tell us your first name\"}},\"names[middle_name]\":{\"required\":{\"value\":false,\"message\":\"This field is required\"}},\"names[last_name]\":{\"required\":{\"value\":true,\"message\":\"Please tell us your last name\"}},\"clientaddress\":{\"required\":{\"value\":true,\"message\":\"This field is required\"}},\"clientunit\":{\"required\":{\"value\":false,\"message\":\"This field is required\"}},\"clientcity\":{\"required\":{\"value\":true,\"message\":\"This field is required\"}},\"clientstate\":{\"required\":{\"value\":true,\"message\":\"This field is required\"}},\"clientzip\":{\"required\":{\"value\":true,\"message\":\"This field is required\"}},\"clientphone\":{\"required\":{\"value\":true,\"message\":\"Please provide your phone number so that we can contact you quickly.\"}},\"clientemail\":{\"required\":{\"value\":true,\"message\":\"We require a valid email for all customers\"},\"email\":{\"value\":true,\"message\":\"We require a valid email for all customers\"}},\"clientservicerequested\":{\"required\":{\"value\":true,\"message\":\"Please tell us what you're looking for.\"}},\"estimatedescription\":{\"required\":{\"value\":true,\"message\":\"This field is required\"}},\"tankqty\":{\"required\":{\"value\":false,\"message\":\"This field is required\"}},\"tanksize\":{\"required\":{\"value\":false,\"message\":\"This field is required\"}},\"tankelevation\":{\"required\":{\"value\":false,\"message\":\"This field is required\"}},\"tanklocation\":{\"required\":{\"value\":false,\"message\":\"This field is required\"}},\"servicerequested_other\":{\"required\":{\"value\":true,\"message\":\"This field is required\"}},\"clientnotes\":{\"required\":{\"value\":false,\"message\":\"This field is required\"}}},\"debounce_time\":300,\"conditionals\":{\"ff_cn_id_1\":{\"type\":\"any\",\"status\":true,\"conditions\":[{\"field\":\"referralsource\",\"value\":\"Soy un cliente actual existente\",\"operator\":\"!=\"}]},\"clientaddress\":{\"conditions\":[],\"status\":false,\"type\":\"any\",\"container_condition\":{\"type\":\"any\",\"status\":true,\"conditions\":[{\"field\":\"referralsource\",\"value\":\"Soy un cliente actual existente\",\"operator\":\"!=\"}]}},\"clientunit\":{\"conditions\":[],\"status\":false,\"type\":\"any\",\"container_condition\":{\"type\":\"any\",\"status\":true,\"conditions\":[{\"field\":\"referralsource\",\"value\":\"Soy un cliente actual existente\",\"operator\":\"!=\"}]}},\"ff_cn_id_2\":{\"type\":\"any\",\"status\":true,\"conditions\":[{\"field\":\"referralsource\",\"value\":\"Soy un cliente actual existente\",\"operator\":\"!=\"}]},\"clientcity\":{\"conditions\":[],\"status\":false,\"type\":\"any\",\"container_condition\":{\"type\":\"any\",\"status\":true,\"conditions\":[{\"field\":\"referralsource\",\"value\":\"Soy un cliente actual existente\",\"operator\":\"!=\"}]}},\"clientstate\":{\"conditions\":[],\"status\":false,\"type\":\"any\",\"container_condition\":{\"type\":\"any\",\"status\":true,\"conditions\":[{\"field\":\"referralsource\",\"value\":\"Soy un cliente actual existente\",\"operator\":\"!=\"}]}},\"clientzip\":{\"conditions\":[],\"status\":false,\"type\":\"any\",\"container_condition\":{\"type\":\"any\",\"status\":true,\"conditions\":[{\"field\":\"referralsource\",\"value\":\"Soy un cliente actual existente\",\"operator\":\"!=\"}]}},\"clientphone\":{\"type\":\"any\",\"status\":true,\"conditions\":[{\"field\":\"referralsource\",\"value\":\"Soy un cliente actual existente\",\"operator\":\"!=\"}]},\"clientemail\":{\"type\":\"any\",\"status\":true,\"conditions\":[{\"field\":\"referralsource\",\"value\":\"Soy un cliente actual existente\",\"operator\":\"!=\"}]},\"clientservicerequested\":{\"type\":\"any\",\"status\":true,\"conditions\":[{\"field\":\"referralsource\",\"value\":\"Soy un cliente actual existente\",\"operator\":\"!=\"}]},\"estimatedescription\":{\"type\":\"any\",\"status\":true,\"conditions\":[{\"field\":\"clientservicerequested\",\"value\":\"Un presupuesto\\\/estimado\",\"operator\":\"=\"}]},\"ff_cn_id_3\":{\"type\":\"any\",\"status\":true,\"conditions\":[{\"field\":\"clientservicerequested\",\"value\":\"Entregada de propano (Delivery)\",\"operator\":\"=\"}]},\"tankqty\":{\"conditions\":[],\"status\":false,\"type\":\"any\",\"container_condition\":{\"type\":\"any\",\"status\":true,\"conditions\":[{\"field\":\"clientservicerequested\",\"value\":\"Entregada de propano (Delivery)\",\"operator\":\"=\"}]}},\"tanksize\":{\"conditions\":[],\"status\":false,\"type\":\"any\",\"container_condition\":{\"type\":\"any\",\"status\":true,\"conditions\":[{\"field\":\"clientservicerequested\",\"value\":\"Entregada de propano (Delivery)\",\"operator\":\"=\"}]}},\"tankelevation\":{\"conditions\":[],\"status\":false,\"type\":\"any\",\"container_condition\":{\"type\":\"any\",\"status\":true,\"conditions\":[{\"field\":\"clientservicerequested\",\"value\":\"Entregada de propano (Delivery)\",\"operator\":\"=\"}]}},\"tanklocation\":{\"conditions\":[],\"status\":false,\"type\":\"any\",\"container_condition\":{\"type\":\"any\",\"status\":true,\"conditions\":[{\"field\":\"clientservicerequested\",\"value\":\"Entregada de propano (Delivery)\",\"operator\":\"=\"}]}},\"servicerequested_other\":{\"type\":\"any\",\"status\":true,\"conditions\":[{\"field\":\"clientservicerequested\",\"value\":\"Otro\",\"operator\":\"=\"},{\"field\":\"referralsource\",\"value\":\"Soy un cliente actual existente\",\"operator\":\"=\"}]}}};\n                            <\/script>","protected":false},"excerpt":{"rendered":"<p>Iniciar una Orden Gracias por su inter\u00e9s en Miami Gas. Por favor llena esta forma y le ayudaremos lo m\u00e1s pronto posible. Haga clic aqu\u00ed para ingl\u00e9s<\/p>","protected":false},"author":4,"featured_media":0,"parent":0,"menu_order":0,"comment_status":"closed","ping_status":"closed","template":"","meta":{"footnotes":""},"class_list":["post-259","page","type-page","status-publish","hentry"],"_links":{"self":[{"href":"https:\/\/miamigas.com\/es\/wp-json\/wp\/v2\/pages\/259","targetHints":{"allow":["GET"]}}],"collection":[{"href":"https:\/\/miamigas.com\/es\/wp-json\/wp\/v2\/pages"}],"about":[{"href":"https:\/\/miamigas.com\/es\/wp-json\/wp\/v2\/types\/page"}],"author":[{"embeddable":true,"href":"https:\/\/miamigas.com\/es\/wp-json\/wp\/v2\/users\/4"}],"replies":[{"embeddable":true,"href":"https:\/\/miamigas.com\/es\/wp-json\/wp\/v2\/comments?post=259"}],"version-history":[{"count":3,"href":"https:\/\/miamigas.com\/es\/wp-json\/wp\/v2\/pages\/259\/revisions"}],"predecessor-version":[{"id":455,"href":"https:\/\/miamigas.com\/es\/wp-json\/wp\/v2\/pages\/259\/revisions\/455"}],"wp:attachment":[{"href":"https:\/\/miamigas.com\/es\/wp-json\/wp\/v2\/media?parent=259"}],"curies":[{"name":"wp","href":"https:\/\/api.w.org\/{rel}","templated":true}]}}