{"id":25,"date":"2023-09-06T18:36:09","date_gmt":"2023-09-06T22:36:09","guid":{"rendered":"http:\/\/miamigas.com\/commercial\/"},"modified":"2024-02-15T14:30:41","modified_gmt":"2024-02-15T19:30:41","slug":"commercial","status":"publish","type":"page","link":"https:\/\/miamigas.com\/es\/commercial\/","title":{"rendered":"Comercial"},"content":{"rendered":"<h1>Servicios comerciales de propano para empresas del \u00e1rea de Miami<\/h1>\n<h2>\u00a1Puede confiar en Miami Gas para sus necesidades comerciales de propano!<\/h2>\n<p>Si utiliza propano en su negocio en el sur de Florida, entonces necesita una empresa de propano en la que pueda confiar. Para muchas empresas, esa empresa es Miami Gas.<\/p>\n<p>Ofrecemos publicidad personalizada. <a href=\"https:\/\/miamigas.com\/es\/residential-propane\/propane-delivery\/\" title=\"entrega de propano\">entrega de propano<\/a> y servicios hechos a medida para cada negocio de una manera que ninguna gran empresa nacional puede ofrecer. Esto se debe a que somos una empresa local establecida, de propiedad familiar, que comprende las necesidades de otras empresas locales. \u00a1Venimos a ti!<\/p>\n<p>Los servicios de propano de Miami Gas son ideales para una amplia gama de negocios en una amplia gama de tama\u00f1os, incluidas instalaciones de atenci\u00f3n m\u00e9dica como hospitales y hogares de ancianos, centros de vida asistida, construcci\u00f3n, almacenes y centros de distribuci\u00f3n, restaurantes, centros de eventos, puertos, campos de golf. , hoteles y m\u00e1s.<\/p>\n<h3>Servicios comerciales de propano de Miami Gas<\/h3>\n<p>Miami Gas analizar\u00e1 minuciosamente su negocio y c\u00f3mo utiliza el propano para elaborar un plan personalizado para usted. <\/p>\n<p>Ofrecemos:<\/p>\n<ul>\n<li><a href=\"https:\/\/miamigas.com\/es\/commercial\/bulk-propane\/\" title=\"entrega de propano a granel\">entrega de propano a granel<\/a><\/li>\n<li><a href=\"https:\/\/miamigas.com\/es\/commercial\/forklift-cylinder-refill\/\" title=\"recarga del cilindro de la carretilla elevadora\">recarga del cilindro de la carretilla elevadora<\/a><\/li>\n<li><a href=\"\/es\/commercial\/forklift-cylinder-exchange\/\">intercambio de cilindros de carretilla elevadora<\/a><\/li>\n<li>propano para <a href=\"https:\/\/miamigas.com\/es\/equipment-service\/generators\/\" title=\"calefacci\u00f3n temporal\">calefacci\u00f3n temporal<\/a><\/li>\n<\/ul>\n<p>En Miami Gas, nuestro objetivo es facilitar los negocios con nosotros. Adem\u00e1s de sencillos formularios en l\u00ednea, tambi\u00e9n ofrecemos <a href=\"https:\/\/miamigas.com\/es\/commercial\/business-consulting-solutions\/\" title=\"soluciones de negocios\">soluciones de negocios<\/a> documentos para que pueda comprender mejor nuestros servicios y utilizarlos bien.<\/p>\n<p><strong>\u00a1Aproveche al m\u00e1ximo el propano eficiente y de combusti\u00f3n limpia en su negocio en el sur de Florida! <a href=\"https:\/\/miamigas.com\/es\/customer-service\/\" title=\"P\u00f3ngase en contacto con Miami Gas hoy\">P\u00f3ngase en contacto con Miami Gas hoy<\/a> para una consulta.<\/strong><\/p>","protected":false},"excerpt":{"rendered":"<p>Servicios comerciales de propano para empresas del \u00e1rea de Miami \u00a1Puede confiar en Miami Gas para sus necesidades comerciales de propano! Si utiliza propano en su negocio en el sur de Florida, entonces necesita una empresa de propano en la que pueda confiar. Para muchas empresas, esa empresa es Miami Gas. Brindamos entrega personalizada de propano comercial y servicios hechos a medida para cada negocio [\u2026]<\/p>","protected":false},"author":4,"featured_media":0,"parent":0,"menu_order":2,"comment_status":"closed","ping_status":"closed","template":"","meta":{"footnotes":""},"class_list":["post-25","page","type-page","status-publish","hentry"],"_links":{"self":[{"href":"https:\/\/miamigas.com\/es\/wp-json\/wp\/v2\/pages\/25","targetHints":{"allow":["GET"]}}],"collection":[{"href":"https:\/\/miamigas.com\/es\/wp-json\/wp\/v2\/pages"}],"about":[{"href":"https:\/\/miamigas.com\/es\/wp-json\/wp\/v2\/types\/page"}],"author":[{"embeddable":true,"href":"https:\/\/miamigas.com\/es\/wp-json\/wp\/v2\/users\/4"}],"replies":[{"embeddable":true,"href":"https:\/\/miamigas.com\/es\/wp-json\/wp\/v2\/comments?post=25"}],"version-history":[{"count":13,"href":"https:\/\/miamigas.com\/es\/wp-json\/wp\/v2\/pages\/25\/revisions"}],"predecessor-version":[{"id":497,"href":"https:\/\/miamigas.com\/es\/wp-json\/wp\/v2\/pages\/25\/revisions\/497"}],"wp:attachment":[{"href":"https:\/\/miamigas.com\/es\/wp-json\/wp\/v2\/media?parent=25"}],"curies":[{"name":"wp","href":"https:\/\/api.w.org\/{rel}","templated":true}]}}