{"id":23,"date":"2023-09-06T18:36:09","date_gmt":"2023-09-06T22:36:09","guid":{"rendered":"http:\/\/miamigas.com\/residential-propane\/why-propane\/"},"modified":"2024-02-15T14:37:49","modified_gmt":"2024-02-15T19:37:49","slug":"why-propane","status":"publish","type":"page","link":"https:\/\/miamigas.com\/es\/residential-propane\/why-propane\/","title":{"rendered":"Por qu\u00e9 propano"},"content":{"rendered":"<h1>Disfrute de los beneficios del propano con la entrega y el servicio de propano de Miami Gas<\/h1>\n<p><img loading=\"lazy\" decoding=\"async\" src=\"\/wp-content\/uploads\/2023\/09\/WhyPropane.jpg\" alt=\"why propane\" width=\"531\" height=\"376\" class=\"alignright\" \/><\/p>\n<h2>Te lo ponemos f\u00e1cil para disfrutar de todo lo que el propano tiene para ofrecer.<\/h2>\n<p>Muchas personas aqu\u00ed en el sur de Florida han descubierto todas las ventajas que el propano puede aportar a sus hogares, especialmente en comparaci\u00f3n con el uso de electricidad. Si est\u00e1 pensando en cambiar a propano o agregar <a href=\"https:\/\/miamigas.com\/es\/equipment-service\/\" title=\"aparatos de propano\">aparatos de propano<\/a> a su hogar, \u00a1Miami Gas est\u00e1 aqu\u00ed para ayudarlo!<\/p>\n<p>Nuestros servicios de propano cubren todo lo que necesita, desde confiables <a href=\"https:\/\/miamigas.com\/es\/residential-propane\/propane-delivery\/\" title=\"entrega de propano\">entrega de propano<\/a> a la instalaci\u00f3n de propano <a href=\"https:\/\/miamigas.com\/es\/residential-propane\/tanks-monitoring\/\" title=\"tanques y sistemas de monitoreo\">tanques y sistemas de monitoreo<\/a>. Tambi\u00e9n podemos ayudar con la instalaci\u00f3n y el mantenimiento de aparatos de propano, para que pueda obtener los beneficios del propano en su hogar.<\/p>\n<h3>Propano: Superior a la electricidad<\/h3>\n<p>Cuando se trata de comodidad, los aparatos de propano ofrecen muchas ventajas sobre los modelos el\u00e9ctricos.<\/p>\n<div class=\"row mb-4\">\n<div class=\"col-6 col-md-4 p-3 px-lg-5\"><img loading=\"lazy\" decoding=\"async\" src=\"\/wp-content\/uploads\/2023\/09\/ico-home-heating.png\" alt=\"\" width=\"55\" height=\"55\" \/> Calefacci\u00f3n del hogar<\/div>\n<div class=\"col-6 col-md-4 p-3 px-lg-5\"><img loading=\"lazy\" decoding=\"async\" src=\"\/wp-content\/uploads\/2023\/09\/ico-cooking.png\" alt=\"\" width=\"55\" height=\"55\" \/> Cocinando<\/div>\n<div class=\"col-6 col-md-4 p-3 px-lg-5\"><img loading=\"lazy\" decoding=\"async\" src=\"\/wp-content\/uploads\/2023\/09\/ico-water-heating.png\" alt=\"\" width=\"55\" height=\"55\" \/> Calentamiento de agua<\/div>\n<div class=\"col-6 col-md-4 p-3 px-lg-5\"><img loading=\"lazy\" decoding=\"async\" src=\"\/wp-content\/uploads\/2023\/09\/ico-dryers.png\" alt=\"\" width=\"55\" height=\"55\" \/> Secadoras<\/div>\n<div class=\"col-6 col-md-4 p-3 px-lg-5\"><img loading=\"lazy\" decoding=\"async\" src=\"\/wp-content\/uploads\/2023\/09\/ico-gas-grills.png\" alt=\"\" width=\"55\" height=\"55\" \/> Parrillas de gas<\/div>\n<div class=\"col-6 col-md-4 p-3 px-lg-5\"><img loading=\"lazy\" decoding=\"async\" src=\"\/wp-content\/uploads\/2023\/09\/ico-fireplaces.png\" alt=\"\" width=\"55\" height=\"55\" \/> Chimeneas<\/div>\n<div class=\"col-6 col-md-4 p-3 px-lg-5\"><img loading=\"lazy\" decoding=\"async\" src=\"\/wp-content\/uploads\/2023\/09\/ico-pool.png\" alt=\"\" width=\"55\" height=\"55\" \/> Calentadores de piscinas y spas<\/div>\n<div class=\"col-6 col-md-4 p-3 px-lg-5\"><img loading=\"lazy\" decoding=\"async\" src=\"\/wp-content\/uploads\/2023\/09\/ico-generators.png\" alt=\"\" width=\"55\" height=\"55\" \/> <a href=\"https:\/\/miamigas.com\/es\/equipment-service\/generators\/\" title=\"Generadores\">Generadores<\/a><\/div>\n<div class=\"col-6 col-md-4 p-3 px-lg-5\"><img loading=\"lazy\" decoding=\"async\" src=\"\/wp-content\/uploads\/2023\/09\/ico-patio-heaters.png\" alt=\"\" width=\"55\" height=\"55\" \/> Calentadores de patio<\/div>\n<\/div>\n<p>Los calentadores de agua de propano son una opci\u00f3n rentable y eficiente en comparaci\u00f3n con los calentadores de agua el\u00e9ctricos. Proporcionan agua caliente mucho m\u00e1s r\u00e1pido. Si instala un calentador de agua sin tanque de propano, tendr\u00e1 acceso a agua caliente cuando lo desee. Incluso si el lavavajillas est\u00e1 funcionando, puede ducharse sin ning\u00fan problema ya que el calentador de agua sin tanque de propano proporcionar\u00e1 agua caliente constantemente. \u00a1Obtendr\u00e1 mayor comodidad Y menores facturas de energ\u00eda!<\/p>\n<p>Una secadora de ropa de propano no solo <strong>lava tu ropa 25% m\u00e1s r\u00e1pido que un modelo el\u00e9ctrico<\/strong>, pero tambi\u00e9n produce menos desgaste y menos arrugas. Esto da como resultado menos planchado, \u00a1lo cual siempre es bueno!<\/p>\n<p>Si usted <strong>instalar un generador de reserva de propano para toda la casa,<\/strong> Podr\u00e1 mantener la energ\u00eda para la iluminaci\u00f3n, la refrigeraci\u00f3n, el aire acondicionado, la seguridad del hogar, la carga de dispositivos electr\u00f3nicos y equipos m\u00e9dicos esenciales de su hogar, como CPAP y sillas de ruedas el\u00e9ctricas, en caso de un corte de energ\u00eda. Esto puede salvar vidas durante la temporada de huracanes.<\/p>\n<p>A <strong>La gama de propano le permite tener un control de temperatura preciso e instant\u00e1neo.<\/strong>, brind\u00e1ndote la posibilidad de cocinar como un chef profesional.<\/p>\n<p>Con <strong>propano <a href=\"https:\/\/miamigas.com\/es\/equipment-service\/space-heaters\/\" title=\"calentadores espaciales\">calentadores espaciales<\/a><\/strong>, <strong>tu hogar puede permanecer c\u00e1lido y confortable<\/strong> cuando la temperatura baja.<\/p>\n<p>Al usar propano, puedes <strong>transforma tu patio trasero<\/strong> en un lugar de entretenimiento, relajaci\u00f3n y diversi\u00f3n familiar.<\/p>\n<p>Usar propano para<strong> calienta tu piscina o ba\u00f1era de hidromasaje<\/strong> significa que puedes usarlos durante todo el a\u00f1o y calentar el agua mucho m\u00e1s r\u00e1pido que con las opciones el\u00e9ctricas. Esto puede generar importantes ahorros en su factura de energ\u00eda. <\/p>\n<p>un incorporado <a href=\"https:\/\/miamigas.com\/es\/equipment-service\/outdoor-living\/\" title=\"parrilla de propano\">parrilla de propano<\/a> que est\u00e1 conectado al tanque de propano de su hogar le permite <strong>parrilla en cualquier momento sin la preocupaci\u00f3n de quedarse sin propano <\/strong>en su cilindro. O puede aprovechar nuestro propano. <a href=\"https:\/\/miamigas.com\/es\/residential-propane\/cylinder-exchange-bottle-fill\/\" title=\"intercambio de cilindros\">intercambio de cilindros<\/a> y servicios de recarga de botellas.<\/p>\n<p>Puedes usar <strong>Calentadores de propano para seguir cenando al aire libre.<\/strong> incluso si la temperatura baja por la noche. Las reuniones con familiares y amigos se pueden mejorar con el uso de chimeneas y fogones de propano al aire libre.<\/p>\n<p><strong>Te lo ponemos f\u00e1cil <a href=\"https:\/\/miamigas.com\/es\/residential-propane\/easy-to-switch\/\" title=\"cambiar a miami gas\">cambiar a miami gas<\/a> y aproveche los beneficios del propano en su hogar en el sur de Florida. <a href=\"https:\/\/miamigas.com\/es\/customer-service\/\" title=\"P\u00f3ngase en contacto con nosotros hoy\">P\u00f3ngase en contacto con nosotros hoy<\/a> \u00a1Para empezar!<\/strong><\/p>\n<div class=\"row gy-4 mb-4\">\n<div class=\"col-md-6\">\n<div class=\"ratio ratio-16x9\"><iframe loading=\"lazy\" src=\"https:\/\/player.vimeo.com\/video\/569500045?title=0&#038;byline=0&#038;portrait=0\" width=\"640\" height=\"360\" frameborder=\"0\" allow=\"autoplay; fullscreen; picture-in-picture\" allowfullscreen><\/iframe><\/div>\n<\/div>\n<div class=\"col-md-6\">\n<div class=\"ratio ratio-16x9\"><iframe loading=\"lazy\" src=\"https:\/\/player.vimeo.com\/video\/569524412?title=0&#038;byline=0&#038;portrait=0\" width=\"640\" height=\"360\" frameborder=\"0\" allow=\"autoplay; fullscreen; picture-in-picture\" allowfullscreen><\/iframe><\/div>\n<\/div>\n<div class=\"col-md-6\">\n<div class=\"ratio ratio-16x9\"><iframe loading=\"lazy\" src=\"https:\/\/player.vimeo.com\/video\/569407929?title=0&#038;byline=0&#038;portrait=0\" width=\"640\" height=\"360\" frameborder=\"0\" allow=\"autoplay; fullscreen; picture-in-picture\" allowfullscreen><\/iframe><\/div>\n<\/div>\n<div class=\"col-md-6\">\n<div class=\"ratio ratio-16x9\"><iframe loading=\"lazy\" src=\"https:\/\/player.vimeo.com\/video\/569405142?title=0&#038;byline=0&#038;portrait=0\" width=\"640\" height=\"360\" frameborder=\"0\" allow=\"autoplay; fullscreen; picture-in-picture\" allowfullscreen><\/iframe><\/div>\n<\/div>\n<\/div>","protected":false},"excerpt":{"rendered":"<p>Disfrute de los beneficios del propano con la entrega y el servicio de propano de Miami Gas. Le hacemos f\u00e1cil disfrutar de todo lo que el propano tiene para ofrecer. Muchas personas aqu\u00ed en el sur de Florida han descubierto todas las ventajas que el propano puede aportar a sus hogares, especialmente en comparaci\u00f3n con usando electricidad. Si est\u00e1s pensando en [\u2026]<\/p>","protected":false},"author":4,"featured_media":0,"parent":9,"menu_order":6,"comment_status":"closed","ping_status":"closed","template":"","meta":{"footnotes":""},"class_list":["post-23","page","type-page","status-publish","hentry"],"_links":{"self":[{"href":"https:\/\/miamigas.com\/es\/wp-json\/wp\/v2\/pages\/23","targetHints":{"allow":["GET"]}}],"collection":[{"href":"https:\/\/miamigas.com\/es\/wp-json\/wp\/v2\/pages"}],"about":[{"href":"https:\/\/miamigas.com\/es\/wp-json\/wp\/v2\/types\/page"}],"author":[{"embeddable":true,"href":"https:\/\/miamigas.com\/es\/wp-json\/wp\/v2\/users\/4"}],"replies":[{"embeddable":true,"href":"https:\/\/miamigas.com\/es\/wp-json\/wp\/v2\/comments?post=23"}],"version-history":[{"count":10,"href":"https:\/\/miamigas.com\/es\/wp-json\/wp\/v2\/pages\/23\/revisions"}],"predecessor-version":[{"id":538,"href":"https:\/\/miamigas.com\/es\/wp-json\/wp\/v2\/pages\/23\/revisions\/538"}],"up":[{"embeddable":true,"href":"https:\/\/miamigas.com\/es\/wp-json\/wp\/v2\/pages\/9"}],"wp:attachment":[{"href":"https:\/\/miamigas.com\/es\/wp-json\/wp\/v2\/media?parent=23"}],"curies":[{"name":"wp","href":"https:\/\/api.w.org\/{rel}","templated":true}]}}