{"id":21,"date":"2023-09-06T18:36:09","date_gmt":"2023-09-06T22:36:09","guid":{"rendered":"http:\/\/miamigas.com\/residential-propane\/easy-to-switch\/"},"modified":"2024-02-15T14:37:48","modified_gmt":"2024-02-15T19:37:48","slug":"easy-to-switch","status":"publish","type":"page","link":"https:\/\/miamigas.com\/es\/residential-propane\/easy-to-switch\/","title":{"rendered":"F\u00e1cil de cambiar"},"content":{"rendered":"<h1>F\u00e1cil de cambiar<\/h1>\n<p><img loading=\"lazy\" decoding=\"async\" src=\"\/wp-content\/uploads\/2023\/09\/EasyToSwitch2.jpg\" alt=\"easy to switch to propane\" width=\"531\" height=\"376\" class=\"alignright\" \/><\/p>\n<h2>\u00a1Disfrute de un cambio sin complicaciones a Miami Gas!<\/h2>\n<p>Ya sea que est\u00e9 agregando propano a su hogar o est\u00e9 buscando una nueva empresa de servicio de propano, \u00a1Miami Gas ofrece un cambio sin complicaciones!<\/p>\n<p>Muchos clientes acuden a nosotros porque est\u00e1n cansados del servicio impersonal y poco fiable de las grandes empresas nacionales. C\u00e1mbiese a Miami Gas y obtenga el servicio de calidad que se merece.<\/p>\n<p>Hacemos que hacer negocios con nosotros sea f\u00e1cil, empleando la \u00faltima tecnolog\u00eda junto con los altos est\u00e1ndares de confiabilidad y calidad en todos nuestros servicios que usted esperar\u00eda de una empresa familiar local.<\/p>\n<p>Nuestro <a href=\"https:\/\/miamigas.com\/es\/equipment-service\/outdoor-living\/\" title=\"parrilla de propano\">parrilla de propano<\/a> El servicio de recarga y cambio de tanques garantiza que nunca se quedar\u00e1 sin propano para su parrilla.<\/p>\n<div class=\"bg-sky border-rounded my-5 p-4 px-lg-5\" style=\"clear: both;\">\n\t\t<div class=\"row align-items-center gx-lg-5\">\n\t\t\t<div class=\"col-lg\">\n\t\t\t\t<h4 class=\"color-primo m-lg-0\">Es f\u00e1cil convertirse en cliente de Miami Gas: \u00a1ll\u00e1menos en cualquier momento, las 24 horas, los 7 d\u00edas de la semana!<\/h4>\n\t\t\t<\/div>\n\n\t\t\t<div class=\"col-lg-auto\">\n\t\t\t\t<a href=\"\/es\/customer-service\/become-a-customer\/\" class=\"btn btn-terzo med-text\">Convi\u00e9rtete en cliente<\/a>\n\t\t\t<\/div>\n\t\t<\/div>\n\t<\/div>\n<h3>Las ventajas del propano<\/h3>\n<p><strong>Fiabilidad<\/strong> \u2014 Con nuestra entrega autom\u00e1tica y propano inal\u00e1mbrico <a href=\"https:\/\/miamigas.com\/es\/residential-propane\/tanks-monitoring\/\" title=\"monitoreo del tanque\">monitoreo del tanque<\/a>, puede estar seguro de que siempre tendr\u00e1 acceso a propano en su hogar. Adem\u00e1s, dado que su tanque de propano est\u00e1 ubicado en su residencia, no tiene que depender de la infraestructura inestable de una empresa de servicios p\u00fablicos.<\/p>\n<p><strong>Confort y eficiencia energ\u00e9tica superiores<\/strong> \u2014 El calentamiento de agua con propano ofrece una eficiencia energ\u00e9tica superior a la electricidad. Adem\u00e1s, los calentadores de propano para piscinas y ba\u00f1eras de hidromasaje calientan el agua exponencialmente m\u00e1s r\u00e1pido que los modelos el\u00e9ctricos, lo que significa que puede disfrutar de un chapuz\u00f3n o un ba\u00f1o antes y, al mismo tiempo, ahorrar mucho en costos de energ\u00eda.<\/p>\n<p><strong>Calidad de vida mejorada<\/strong> \u2014 Disfrute de una mayor precisi\u00f3n de cocci\u00f3n y un control instant\u00e1neo de la temperatura utilizando una estufa de propano para preparar comidas deliciosas. Tu ropa se podr\u00e1 secar en 25% menos tiempo en comparaci\u00f3n con las secadoras el\u00e9ctricas, y adem\u00e1s notar\u00e1s menos desgaste y menos arrugas. Un generador de reserva de propano para toda la casa puede ayudar a mantener su hogar funcionando sin problemas cuando hay cortes de energ\u00eda. El propano mejora su patio trasero al calentar piscinas o spas y hacer que asar a la parrilla sea r\u00e1pido y f\u00e1cil, al mismo tiempo que ofrece resultados deliciosos. Tambi\u00e9n alimenta calentadores y hogueras de terrazas y patios, creando espacios c\u00f3modos para relajarse y reunirse incluso en las noches fr\u00edas.<\/p>\n<p><strong>\u00bfListo para hacer el cambio a Miami Gas? <a href=\"https:\/\/miamigas.com\/es\/customer-service\/\" title=\"P\u00f3ngase en contacto con nosotros\">P\u00f3ngase en contacto con nosotros<\/a> \u00a1Hoy y nos pondremos a trabajar para usted!<\/strong><\/p>","protected":false},"excerpt":{"rendered":"<p>F\u00e1cil de cambiar \u00a1Disfrute de un cambio sin complicaciones a Miami Gas! Ya sea que est\u00e9 agregando propano a su hogar o est\u00e9 buscando una nueva empresa de servicio de propano, \u00a1Miami Gas ofrece un cambio sin complicaciones! Muchos clientes acuden a nosotros porque est\u00e1n cansados del servicio impersonal y poco fiable de las grandes empresas nacionales. Haga el cambio a Miami Gas [\u2026]<\/p>","protected":false},"author":4,"featured_media":0,"parent":9,"menu_order":5,"comment_status":"closed","ping_status":"closed","template":"","meta":{"footnotes":""},"class_list":["post-21","page","type-page","status-publish","hentry"],"_links":{"self":[{"href":"https:\/\/miamigas.com\/es\/wp-json\/wp\/v2\/pages\/21","targetHints":{"allow":["GET"]}}],"collection":[{"href":"https:\/\/miamigas.com\/es\/wp-json\/wp\/v2\/pages"}],"about":[{"href":"https:\/\/miamigas.com\/es\/wp-json\/wp\/v2\/types\/page"}],"author":[{"embeddable":true,"href":"https:\/\/miamigas.com\/es\/wp-json\/wp\/v2\/users\/4"}],"replies":[{"embeddable":true,"href":"https:\/\/miamigas.com\/es\/wp-json\/wp\/v2\/comments?post=21"}],"version-history":[{"count":11,"href":"https:\/\/miamigas.com\/es\/wp-json\/wp\/v2\/pages\/21\/revisions"}],"predecessor-version":[{"id":537,"href":"https:\/\/miamigas.com\/es\/wp-json\/wp\/v2\/pages\/21\/revisions\/537"}],"up":[{"embeddable":true,"href":"https:\/\/miamigas.com\/es\/wp-json\/wp\/v2\/pages\/9"}],"wp:attachment":[{"href":"https:\/\/miamigas.com\/es\/wp-json\/wp\/v2\/media?parent=21"}],"curies":[{"name":"wp","href":"https:\/\/api.w.org\/{rel}","templated":true}]}}