{"id":17,"date":"2023-09-06T18:36:08","date_gmt":"2023-09-06T22:36:08","guid":{"rendered":"http:\/\/miamigas.com\/residential-propane\/cylinder-exchange-bottle-fill\/"},"modified":"2024-02-15T14:37:28","modified_gmt":"2024-02-15T19:37:28","slug":"cylinder-exchange-bottle-fill","status":"publish","type":"page","link":"https:\/\/miamigas.com\/es\/residential-propane\/cylinder-exchange-bottle-fill\/","title":{"rendered":"Intercambio de cilindros\/llenado de botellas"},"content":{"rendered":"<h1>Servicio de cambio de tanques de propano<\/h1>\n<p><img loading=\"lazy\" decoding=\"async\" src=\"\/wp-content\/uploads\/2023\/12\/cylinder-exchange-filling-up.jpg\" alt=\"tank exchange\" width=\"531\" height=\"376\" class=\"alignright\" \/><\/p>\n<h2>\u00a1Ten siempre propano para tu parrilla y otros electrodom\u00e9sticos para exteriores gracias a Miami Gas!<\/h2>\n<p>Si bien los cilindros de propano se asocian m\u00e1s com\u00fanmente con la parrilla de barbacoa de su patio trasero, realmente son incre\u00edblemente vers\u00e1tiles.<\/p>\n<p>Independientemente de c\u00f3mo los use, Miami Gas hace que sea f\u00e1cil tener siempre uno lleno a mano con nuestros servicios de recarga e intercambio de cilindros de propano.<\/p>\n<p>Sabemos que la vida puede ser ajetreada, por eso ofrecemos entrega del tanque de parrilla a su hogar.<\/p>\n<p><strong>Puede venir a nuestras oficinas, ubicadas en 2747 NW 21 Street en Miami, durante el horario comercial habitual para recargar sus cilindros de cualquier tama\u00f1o. Recargar el cilindro es una opci\u00f3n rentable, ya que las recargas de cilindros tienden a ser menos costosas que los cambios.<\/strong><\/p>\n<p><a href=\"https:\/\/maps.google.com\/maps\/dir\/\/Miami+Gas+2747+NW+21st+St+Miami,+FL+33142\/@25.7953328,-80.2409952,14z\/data=!4m5!4m4!1m0!1m2!1m1!1s0x88d9b772c006b69b:0xbc61b56baff027dc\" rel=\"noopener\" target=\"_blank\">Obtenga direcciones para llegar a nuestra oficina.<\/a><\/p>\n<p>Si su cilindro no est\u00e1 certificado porque tiene m\u00e1s de 12 a\u00f1os o tiene da\u00f1os que hacen que no sea seguro llenarlo y usarlo, le ofrecemos la oportunidad de cambiar su cilindro por uno nuevo.<\/p>\n<h3>\u00bfC\u00f3mo se utilizan los cilindros de propano?<\/h3>\n<p>El tama\u00f1o m\u00e1s com\u00fan tiende a ser el cilindro de 20 libras que se utiliza en <a href=\"https:\/\/miamigas.com\/es\/equipment-service\/outdoor-living\/\" title=\"parrillas al aire libre\">parrillas al aire libre<\/a>. Miden 18 pulgadas de alto y 12 pulgadas de di\u00e1metro y contienen aproximadamente cinco galones de propano.<\/p>\n<p><img loading=\"lazy\" decoding=\"async\" src=\"\/wp-content\/uploads\/2023\/09\/CylinderExchange2.jpg\" alt=\"\" width=\"531\" height=\"376\" class=\"alignright\" \/><\/p>\n<p>Adem\u00e1s de para parrillas, estos cilindros tambi\u00e9n se utilizan para:<\/p>\n<ul>\n<li>port\u00e1til al aire libre <a href=\"https:\/\/miamigas.com\/es\/equipment-service\/generators\/\" title=\"generadores\">generadores<\/a><\/li>\n<li>braseros y chimeneas al aire libre<\/li>\n<li>trampas para insectos que utilizan propano para imitar el aliento humano, atrayendo a los mosquitos a la trampa de la que no pueden escapar<\/li>\n<li>freidoras al aire libre para hervir mariscos y pavos fritos de Acci\u00f3n de Gracias<\/li>\n<\/ul>\n<p>Debido a que los cilindros de propano son port\u00e1tiles, son bastante populares para su uso en veh\u00edculos recreativos y campamentos. Alimentan estufas de campamento y calentadores de tiendas de campa\u00f1a para acampar. Tambi\u00e9n los utilizan los veh\u00edculos recreativos para alimentar electrodom\u00e9sticos, incluidas estufas de gas, refrigeradores y calefacci\u00f3n y refrigeraci\u00f3n centrales. El uso de propano para estos electrodom\u00e9sticos ejerce menos presi\u00f3n sobre la bater\u00eda del veh\u00edculo recreativo.<\/p>\n<p><strong>Los cilindros de propano para veh\u00edculos recreativos tambi\u00e9n vienen en un tama\u00f1o de 33 libras. Miden 2 pies de alto y 1 pie de di\u00e1metro y contienen aproximadamente 8 galones de propano.<\/strong><\/p>\n<p><strong>Ya sea que necesite cilindros de propano para su parrilla, hoguera, veh\u00edculo recreativo u otros aparatos de propano para exteriores, \u00a1puede contar con Miami Gas! <a href=\"https:\/\/miamigas.com\/es\/customer-service\/\" title=\"P\u00f3ngase en contacto con nosotros hoy\">P\u00f3ngase en contacto con nosotros hoy<\/a> aprender m\u00e1s.<\/strong><\/p>","protected":false},"excerpt":{"rendered":"<p>Servicio de intercambio de tanques de propano \u00a1Siempre tenga propano para su parrilla y otros electrodom\u00e9sticos para exteriores gracias a Miami Gas! Si bien los cilindros de propano se asocian m\u00e1s com\u00fanmente con la parrilla de barbacoa de su patio trasero, realmente son incre\u00edblemente vers\u00e1tiles. Independientemente de c\u00f3mo los use, Miami Gas hace que sea f\u00e1cil tener siempre uno lleno a mano con nuestro propano [\u2026]<\/p>","protected":false},"author":4,"featured_media":0,"parent":9,"menu_order":4,"comment_status":"closed","ping_status":"closed","template":"","meta":{"footnotes":""},"class_list":["post-17","page","type-page","status-publish","hentry"],"_links":{"self":[{"href":"https:\/\/miamigas.com\/es\/wp-json\/wp\/v2\/pages\/17","targetHints":{"allow":["GET"]}}],"collection":[{"href":"https:\/\/miamigas.com\/es\/wp-json\/wp\/v2\/pages"}],"about":[{"href":"https:\/\/miamigas.com\/es\/wp-json\/wp\/v2\/types\/page"}],"author":[{"embeddable":true,"href":"https:\/\/miamigas.com\/es\/wp-json\/wp\/v2\/users\/4"}],"replies":[{"embeddable":true,"href":"https:\/\/miamigas.com\/es\/wp-json\/wp\/v2\/comments?post=17"}],"version-history":[{"count":10,"href":"https:\/\/miamigas.com\/es\/wp-json\/wp\/v2\/pages\/17\/revisions"}],"predecessor-version":[{"id":536,"href":"https:\/\/miamigas.com\/es\/wp-json\/wp\/v2\/pages\/17\/revisions\/536"}],"up":[{"embeddable":true,"href":"https:\/\/miamigas.com\/es\/wp-json\/wp\/v2\/pages\/9"}],"wp:attachment":[{"href":"https:\/\/miamigas.com\/es\/wp-json\/wp\/v2\/media?parent=17"}],"curies":[{"name":"wp","href":"https:\/\/api.w.org\/{rel}","templated":true}]}}