{"id":15,"date":"2023-09-06T18:36:08","date_gmt":"2023-09-06T22:36:08","guid":{"rendered":"http:\/\/miamigas.com\/residential-propane\/propane-safety\/"},"modified":"2024-02-15T14:28:42","modified_gmt":"2024-02-15T19:28:42","slug":"propane-safety","status":"publish","type":"page","link":"https:\/\/miamigas.com\/es\/residential-propane\/propane-safety\/","title":{"rendered":"Seguridad del propano"},"content":{"rendered":"<h1>Seguridad del propano<\/h1>\n<p><img loading=\"lazy\" decoding=\"async\" src=\"http:\/\/miamigas.com\/wp-content\/uploads\/2023\/09\/PropaneSafety1.jpg\" alt=\"Propane Safety\" width=\"531\" height=\"376\" class=\"alignright size-full wp-image-193\" srcset=\"https:\/\/miamigas.com\/wp-content\/uploads\/2023\/09\/PropaneSafety1.jpg 531w, https:\/\/miamigas.com\/wp-content\/uploads\/2023\/09\/PropaneSafety1-300x212.jpg 300w\" sizes=\"auto, (max-width: 531px) 100vw, 531px\" \/><\/p>\n<h2>Sepa c\u00f3mo mantener seguros su hogar y a sus seres queridos con la siguiente informaci\u00f3n y consejos<\/h2>\n<p>Miami Gas es una empresa de propano con un excelente historial de seguridad. Estamos dedicados a mantener altos est\u00e1ndares de seguridad con nuestro equipo de profesionales. <a href=\"https:\/\/miamigas.com\/es\/residential-propane\/propane-delivery\/\" title=\"entrega de propano\">entrega de propano<\/a> conductores y <a href=\"https:\/\/miamigas.com\/es\/equipment-service\/\" title=\"t\u00e9cnicos de servicio\">t\u00e9cnicos de servicio<\/a>.<\/p>\n<p>Mantenemos altos est\u00e1ndares de la industria del propano y cumplimos con estrictas regulaciones gubernamentales, lo que garantiza que nuestra larga historia de seguridad asociada con el propano contin\u00fae. Debido a este compromiso con la seguridad, compartimos informaci\u00f3n sobre c\u00f3mo usar propano de manera segura en su hogar en el \u00e1rea de Miami.<\/p>\n<h3>Consejos de seguridad<\/h3>\n<p>Una pregunta com\u00fan que nos hacen es: &quot;\u00bfSe echa a perder el propano?&quot; Estamos aqu\u00ed para asegurarle que,<strong> A diferencia de la gasolina o el di\u00e9sel, el propano no se estropea.<\/strong> Esto es lo que lo convierte en la opci\u00f3n de combustible \u00f3ptima para el generador de reserva de su hogar. Cuando necesite su generador, su suministro de propano lo operar\u00e1 de manera segura.<\/p>\n<p>El propano normalmente es inodoro en su forma natural. Sin embargo, los fabricantes de propano a\u00f1aden un olor acre que desprende un olor parecido al de un huevo podrido o al de un zorrillo para ayudar a identificar fugas y prevenirlas. <strong>m\u00e1s f\u00e1cil de detectar para los consumidores <\/strong>a ellos.<\/p>\n<p>Puede <strong>aumente su seguridad instalando un detector de gas propano<\/strong>. Esto es especialmente bueno si vive en su hogar alguien con un sentido del olfato disminuido, lo cual es com\u00fan en fumadores y ancianos, as\u00ed como en personas con s\u00edntomas prolongados de COVID-19.<\/p>\n<p>Es importante <strong>Instale detectores de mon\u00f3xido de carbono y detectores de gas propano en su hogar.<\/strong>, siguiendo las instrucciones del fabricante. Recuerde, los detectores de mon\u00f3xido de carbono no pueden detectar gas propano y viceversa.<\/p>\n<p>Si sus aparatos de propano son <strong>funcionando correctamente, deber\u00eda ver una llama azul<\/strong>. Sin embargo, si nota llamas amarillas o una acumulaci\u00f3n excesiva de holl\u00edn, podr\u00eda indicar una combusti\u00f3n incompleta del gas y provocar la producci\u00f3n de mon\u00f3xido de carbono. En este caso, comun\u00edquese con Miami Gas y su t\u00e9cnico de servicio de electrodom\u00e9sticos.<\/p>\n<p><img loading=\"lazy\" decoding=\"async\" src=\"http:\/\/miamigas.com\/wp-content\/uploads\/2023\/10\/propane-safety-miami-gas.jpg\" alt=\"Propane Safety - Miami Gas\" width=\"531\" height=\"376\" class=\"alignright size-full wp-image-381\" srcset=\"https:\/\/miamigas.com\/wp-content\/uploads\/2023\/10\/propane-safety-miami-gas.jpg 531w, https:\/\/miamigas.com\/wp-content\/uploads\/2023\/10\/propane-safety-miami-gas-300x212.jpg 300w\" sizes=\"auto, (max-width: 531px) 100vw, 531px\" \/><\/p>\n<p>Es importante <strong>nunca use port\u00e1til <a href=\"https:\/\/miamigas.com\/es\/equipment-service\/generators\/\" title=\"generadores\">generadores<\/a> o aparatos de propano para exteriores como parrillas, en interiores o en espacios cerrados <\/strong>como garajes o porches. Adem\u00e1s, no es seguro utilizar su estufa de propano para otra cosa que no sea cocinar, ni siquiera como fuente de calefacci\u00f3n.<\/p>\n<p>Practique la seguridad con los tanques de propano. Cada adulto en su hogar debe <strong>saber cerrar la v\u00e1lvula de cierre de gas<\/strong> en el tanque de propano de la casa. Si no lo haces, <a href=\"https:\/\/miamigas.com\/es\/customer-service\/\" title=\"Cont\u00e1ctenos\">Cont\u00e1ctenos<\/a> y estaremos encantados de ense\u00f1arte.<\/p>\n<p>Es importante <strong>Revise peri\u00f3dicamente las rejillas de ventilaci\u00f3n de su electrodom\u00e9stico para detectar obstrucciones.<\/strong> que puedan impedir que los gases de combusti\u00f3n salgan al exterior. Los nidos construidos por insectos, p\u00e1jaros y animales peque\u00f1os son obstrucciones comunes que se encuentran en las tuber\u00edas de ventilaci\u00f3n. Para evitar da\u00f1os, elimine suavemente cualquier obstrucci\u00f3n con una escoba o un cepillo suave.<\/p>\n<h3>Huelo gas. \u00bfQu\u00e9 tengo que hacer?<\/h3>\n<p>Si detecta el olor a zorrillo y a huevo podrido del gas propano, siga estas instrucciones para garantizar la seguridad de las personas y la propiedad:<\/p>\n<ul>\n<li>Apague inmediatamente cualquier fuente potencial de ignici\u00f3n, como velas o cigarrillos.<\/li>\n<li>Evacue la casa de inmediato, incluidas todas las mascotas.<\/li>\n<li>Evite el uso de interruptores de luz, termostatos, tel\u00e9fonos o cualquier cosa que pueda provocar una chispa al salir de casa.<\/li>\n<li>Si es seguro para usted llegar al tanque o cilindro de propano, cierre la v\u00e1lvula de cierre de gas.<\/li>\n<li>Llame al 911 y a Miami Gas una vez que est\u00e9 a una distancia segura.<\/li>\n<li>Evite acercarse al \u00e1rea y deje que el personal de emergencia y los t\u00e9cnicos de servicio de propano verifiquen si hay fugas de gas propano y realicen las reparaciones necesarias.<\/li>\n<li>Incluso si ya no huele el gas, no intente abrir la v\u00e1lvula de suministro de propano.<\/li>\n<li>La reparaci\u00f3n de la causa de la fuga solo puede ser realizada por un profesional certificado en servicio de propano, quien tambi\u00e9n debe revisar todos los aparatos de gas para detectar fugas y volver a encender todos los pilotos.<\/li>\n<li>Espere la autorizaci\u00f3n del personal de emergencia o del profesional de servicio antes de regresar.<\/li>\n<\/ul>\n<p>\u00bfLe gustar\u00eda ampliar sus conocimientos sobre los consejos de seguridad del propano? El Consejo de Investigaci\u00f3n y Educaci\u00f3n sobre Propano (PERC) cre\u00f3 varios videos informativos que cubren temas como la seguridad de los tanques de propano, el manejo y uso adecuados de los cilindros de parrilla para barbacoa de propano y m\u00e1s para ayudarlo a adquirir m\u00e1s conocimientos sobre la seguridad del propano.<\/p>\n<p><strong>Puede confiar en Miami Gas con una entrega segura de propano, <a href=\"https:\/\/miamigas.com\/es\/residential-propane\/tanks-monitoring\/\" title=\"instalaci\u00f3n de tanque de propano\">instalaci\u00f3n de tanque de propano<\/a> e instalaci\u00f3n y servicio de electrodom\u00e9sticos de propano. <a href=\"https:\/\/miamigas.com\/es\/customer-service\/become-a-customer\/\" title=\"Convi\u00e9rtete en cliente\">Convi\u00e9rtete en cliente<\/a> \u00a1hoy!<\/strong><\/p>\n<div class=\"row my-4 gy-4\">\n<div class=\"col-lg-6\">\n<div class=\"ratio ratio-16x9\"><iframe src=\"https:\/\/player.vimeo.com\/video\/651338475\" frameborder=\"0\" webkitallowfullscreen=\"\" mozallowfullscreen=\"\" allowfullscreen=\"\"><\/iframe><\/div>\n<\/div>\n<div class=\"col-lg-6\">\n<div class=\"ratio ratio-16x9\"><iframe src=\"https:\/\/player.vimeo.com\/video\/651334932\" frameborder=\"0\" webkitallowfullscreen=\"\" mozallowfullscreen=\"\" allowfullscreen=\"\"><\/iframe><\/div>\n<\/div>\n<div class=\"col-lg-6\">\n<div class=\"ratio ratio-16x9\"><iframe src=\"https:\/\/player.vimeo.com\/video\/651334494\" frameborder=\"0\" webkitallowfullscreen=\"\" mozallowfullscreen=\"\" allowfullscreen=\"\"><\/iframe><\/div>\n<\/div>\n<div class=\"col-lg-6\">\n<div class=\"ratio ratio-16x9\"><iframe src=\"https:\/\/player.vimeo.com\/video\/647814159\" frameborder=\"0\" webkitallowfullscreen=\"\" mozallowfullscreen=\"\" allowfullscreen=\"\"><\/iframe><\/div>\n<\/div>\n<div class=\"col-lg-6\">\n<div class=\"ratio ratio-16x9\"><iframe src=\"https:\/\/player.vimeo.com\/video\/651335884\" frameborder=\"0\" webkitallowfullscreen=\"\" mozallowfullscreen=\"\" allowfullscreen=\"\"><\/iframe><\/div>\n<\/div>\n<div class=\"col-lg-6\">\n<div class=\"ratio ratio-16x9\"><iframe src=\"https:\/\/player.vimeo.com\/video\/651334020\" frameborder=\"0\" webkitallowfullscreen=\"\" mozallowfullscreen=\"\" allowfullscreen=\"\"><\/iframe><\/div>\n<\/div>\n<\/div>","protected":false},"excerpt":{"rendered":"<p>Seguridad del propano Sepa c\u00f3mo mantener seguros su hogar y a sus seres queridos con la siguiente informaci\u00f3n y consejos. Miami Gas es una empresa de propano con un excelente historial de seguridad. Estamos dedicados a mantener altos est\u00e1ndares de seguridad con nuestro equipo de conductores profesionales de entrega de propano y t\u00e9cnicos de servicio. Mantenemos altos est\u00e1ndares de la industria del propano y [\u2026]<\/p>","protected":false},"author":4,"featured_media":0,"parent":9,"menu_order":3,"comment_status":"closed","ping_status":"closed","template":"","meta":{"footnotes":""},"class_list":["post-15","page","type-page","status-publish","hentry"],"_links":{"self":[{"href":"https:\/\/miamigas.com\/es\/wp-json\/wp\/v2\/pages\/15","targetHints":{"allow":["GET"]}}],"collection":[{"href":"https:\/\/miamigas.com\/es\/wp-json\/wp\/v2\/pages"}],"about":[{"href":"https:\/\/miamigas.com\/es\/wp-json\/wp\/v2\/types\/page"}],"author":[{"embeddable":true,"href":"https:\/\/miamigas.com\/es\/wp-json\/wp\/v2\/users\/4"}],"replies":[{"embeddable":true,"href":"https:\/\/miamigas.com\/es\/wp-json\/wp\/v2\/comments?post=15"}],"version-history":[{"count":10,"href":"https:\/\/miamigas.com\/es\/wp-json\/wp\/v2\/pages\/15\/revisions"}],"predecessor-version":[{"id":494,"href":"https:\/\/miamigas.com\/es\/wp-json\/wp\/v2\/pages\/15\/revisions\/494"}],"up":[{"embeddable":true,"href":"https:\/\/miamigas.com\/es\/wp-json\/wp\/v2\/pages\/9"}],"wp:attachment":[{"href":"https:\/\/miamigas.com\/es\/wp-json\/wp\/v2\/media?parent=15"}],"curies":[{"name":"wp","href":"https:\/\/api.w.org\/{rel}","templated":true}]}}