{"id":13,"date":"2023-09-06T18:36:08","date_gmt":"2023-09-06T22:36:08","guid":{"rendered":"http:\/\/miamigas.com\/residential-propane\/tanks-monitoring\/"},"modified":"2024-08-02T16:14:06","modified_gmt":"2024-08-02T20:14:06","slug":"tanks-monitoring","status":"publish","type":"page","link":"https:\/\/miamigas.com\/es\/residential-propane\/tanks-monitoring\/","title":{"rendered":"Tanques y monitoreo"},"content":{"rendered":"<h1>Instalaci\u00f3n y monitoreo de tanques de propano<\/h1>\n<p><img loading=\"lazy\" decoding=\"async\" src=\"\/wp-content\/uploads\/2023\/09\/TanksMonitoring1-1.jpg\" alt=\"Propane Tank South Miami\" width=\"531\" height=\"376\" class=\"alignright\" \/><\/p>\n<h2>Miami Gas tiene el tanque de propano adecuado para usted<\/h2>\n<p>Muchos de sus vecinos aqu\u00ed en el sur de Florida est\u00e1n descubriendo la <a href=\"https:\/\/miamigas.com\/es\/residential-propane\/why-propane\/\" title=\"beneficios del propano\">beneficios del propano<\/a> en sus hogares, desde una c\u00f3moda cocina a gas hasta calentamiento de agua de alta eficiencia y calentamiento r\u00e1pido de piscinas y ba\u00f1eras de hidromasaje.<\/p>\n<p><strong>Miami Gas puede ayudarle a disfrutar de las comodidades que el propano puede agregar a su hogar<\/strong> con nuestro confiable <a href=\"https:\/\/miamigas.com\/es\/residential-propane\/propane-delivery\/\" title=\"entrega de propano\">entrega de propano<\/a>, servicios de instalaci\u00f3n de tanques de propano y monitoreo inal\u00e1mbrico de tanques de propano.<\/p>\n<p>Instalamos tanques de propano para uso residencial y comercial, con tanques m\u00e1s grandes de hasta 1000 galones.<\/p>\n<h3>\u00bfQu\u00e9 tama\u00f1o de tanque de propano necesito?<\/h3>\n<p>Los tanques de propano no son iguales para todos. Repasaremos c\u00f3mo usa el propano en su hogar y nos aseguraremos de obtener el tanque del tama\u00f1o adecuado para satisfacer sus necesidades. Aqu\u00ed hay informaci\u00f3n b\u00e1sica sobre los tama\u00f1os comunes de tanques de propano que tenemos para uso residencial:<\/p>\n<div class=\"row gy-3 mt-1\">\n<div class=\"col-lg-6\">\n<h4 class=\"mb-2\">100 libras. tanque<\/h4>\n<ul>\n<li>viene en versiones altas y rechonchas<\/li>\n<li>El tanque en cuclillas mide 35 pulgadas de alto y 18 pulgadas de di\u00e1metro.<\/li>\n<li>El tanque alto mide 50 pulgadas de alto y 14,5 pulgadas de di\u00e1metro.<\/li>\n<li>tiene capacidad para casi 25 galones cuando est\u00e1 lleno<\/li>\n<li>para un aparato de propano como una chimenea o <a href=\"https:\/\/miamigas.com\/es\/equipment-service\/space-heaters\/\" title=\"Calentador\">Calentador<\/a><\/li>\n<\/ul>\n<\/div>\n<div class=\"col-lg-6\">\n<h4 class=\"mb-2\">200 libras. tanque<\/h4>\n<ul>\n<li>contiene aproximadamente 47 galones de propano cuando est\u00e1 lleno<\/li>\n<li>40 pulgadas de alto y 24 pulgadas de di\u00e1metro<\/li>\n<li>para uno o dos <a href=\"https:\/\/miamigas.com\/es\/equipment-service\/\" title=\"aparatos de propano\">aparatos de propano<\/a> como una estufa, calentador o secadora<\/li>\n<\/ul>\n<\/div>\n<div class=\"col-lg-6\">\n<h4 class=\"mb-2\">420 libras. tanque<\/h4>\n<ul>\n<li>52 pulgadas de alto y 30 pulgadas de di\u00e1metro<\/li>\n<li>tiene 99 galones de propano<\/li>\n<li>para calentamiento de agua, calentamiento de piscinas y jacuzzis, y modo de espera <a href=\"https:\/\/miamigas.com\/es\/equipment-service\/generators\/\" title=\"generadores\">generadores<\/a><\/li>\n<\/ul>\n<\/div>\n<div class=\"col-lg-6\">\n<h4 class=\"mb-2\">tanque de 500 galones<\/h4>\n<ul>\n<li>10 pies de largo, 50 pulgadas de alto y 37 \u00bd pulgadas de di\u00e1metro<\/li>\n<li>tiene capacidad para 400 galones con capacidad 80% (llenado est\u00e1ndar)<\/li>\n<li>Se puede instalar sobre el suelo o bajo tierra.<\/li>\n<li>recargado en el sitio con entrega de propano<\/li>\n<li>para casas grandes con varios electrodom\u00e9sticos de propano de alto Btu, incluidos calentadores de piscinas y spas y generadores de reserva<\/li>\n<\/ul>\n<\/div>\n<\/div>\n<h3>Obtenga tranquilidad con un monitor de tanque inal\u00e1mbrico<\/h3>\n<p><img loading=\"lazy\" decoding=\"async\" src=\"\/wp-content\/uploads\/2023\/09\/TanksMonitoring3.jpg\" alt=\"tank monitor south miami\" width=\"531\" height=\"376\" class=\"alignright\" \/><\/p>\n<p>Cada cliente de Miami Gas obtiene un <strong>GRATIS*<\/strong> \u00a1Monitoreo inal\u00e1mbrico del tanque de propano!<\/p>\n<p><strong>El monitor inal\u00e1mbrico Otodata para el tanque de propano utiliza tecnolog\u00eda celular y WiFi avanzada similar a la de su tel\u00e9fono inteligente. <\/strong><\/p>\n<div class=\"alert alert-info d-flex\"><strong>Esto proporciona a Miami Gas actualizaciones en tiempo real las 24 horas del d\u00eda, los 7 d\u00edas de la semana, sobre la cantidad exacta de propano presente en su tanque.<\/strong><\/div>\n<p>Cuando su suministro de propano alcanza un nivel predeterminado, el monitor env\u00eda una notificaci\u00f3n a Miami Gas. Programamos una entrega inmediata a su domicilio antes de que se acabe. \u00a1Sin trabajo, sin preocupaciones para ti!<\/p>\n<p><strong>Miami Gas es su ventanilla \u00fanica para tanques de propano. <a href=\"https:\/\/miamigas.com\/es\/customer-service\/\" title=\"P\u00f3ngase en contacto con nosotros hoy\">P\u00f3ngase en contacto con nosotros hoy<\/a> \u00a1Para empezar!<\/strong><\/p>\n<p>*requiere la compra de $150 de propano anualmente <\/p>","protected":false},"excerpt":{"rendered":"<p>Instalaci\u00f3n y monitoreo de tanques de propano Miami Gas tiene el tanque de propano adecuado para usted. Muchos de sus vecinos aqu\u00ed en el sur de Florida est\u00e1n descubriendo los beneficios del propano en sus hogares, desde una c\u00f3moda cocina a gas hasta un calentamiento de agua de alta eficiencia y un r\u00e1pido calentamiento de piscinas y ba\u00f1eras de hidromasaje. . Miami Gas puede ayudarle a disfrutar de las comodidades [\u2026]<\/p>","protected":false},"author":4,"featured_media":0,"parent":9,"menu_order":2,"comment_status":"closed","ping_status":"closed","template":"","meta":{"footnotes":""},"class_list":["post-13","page","type-page","status-publish","hentry"],"_links":{"self":[{"href":"https:\/\/miamigas.com\/es\/wp-json\/wp\/v2\/pages\/13","targetHints":{"allow":["GET"]}}],"collection":[{"href":"https:\/\/miamigas.com\/es\/wp-json\/wp\/v2\/pages"}],"about":[{"href":"https:\/\/miamigas.com\/es\/wp-json\/wp\/v2\/types\/page"}],"author":[{"embeddable":true,"href":"https:\/\/miamigas.com\/es\/wp-json\/wp\/v2\/users\/4"}],"replies":[{"embeddable":true,"href":"https:\/\/miamigas.com\/es\/wp-json\/wp\/v2\/comments?post=13"}],"version-history":[{"count":16,"href":"https:\/\/miamigas.com\/es\/wp-json\/wp\/v2\/pages\/13\/revisions"}],"predecessor-version":[{"id":589,"href":"https:\/\/miamigas.com\/es\/wp-json\/wp\/v2\/pages\/13\/revisions\/589"}],"up":[{"embeddable":true,"href":"https:\/\/miamigas.com\/es\/wp-json\/wp\/v2\/pages\/9"}],"wp:attachment":[{"href":"https:\/\/miamigas.com\/es\/wp-json\/wp\/v2\/media?parent=13"}],"curies":[{"name":"wp","href":"https:\/\/api.w.org\/{rel}","templated":true}]}}