{"id":11,"date":"2023-09-06T18:36:08","date_gmt":"2023-09-06T22:36:08","guid":{"rendered":"http:\/\/miamigas.com\/residential-propane\/propane-delivery\/"},"modified":"2024-02-15T14:36:07","modified_gmt":"2024-02-15T19:36:07","slug":"propane-delivery","status":"publish","type":"page","link":"https:\/\/miamigas.com\/es\/residential-propane\/propane-delivery\/","title":{"rendered":"Entrega de propano"},"content":{"rendered":"<h1>Servicio de entrega de propano a todo el sur de Florida.<\/h1>\n<p><img loading=\"lazy\" decoding=\"async\" src=\"\/wp-content\/uploads\/2023\/09\/propaneDelivery1.jpg\" alt=\"Propane Delivery south Miami\" width=\"531\" height=\"376\" class=\"alignright\" \/><\/p>\n<h2>\u00a1Miami Gas hace que la entrega de propano sea sin preocupaciones!<\/h2>\n<p>\u00bfUtiliza propano en su <a href=\"\/es\/about-us\/service-area\/\">Casa del sur de Florida<\/a>? Si es as\u00ed, ya sabes todo lo que puede hacer en t\u00e9rminos de confort, conveniencia, eficiencia energ\u00e9tica y calidad de vida.<\/p>\n<p>A <a href=\"https:\/\/miamigas.com\/es\/residential-propane\/why-propane\/\" title=\"disfruta de todos esos beneficios\">disfruta de todos esos beneficios<\/a>, necesita una empresa de entrega de propano en la que pueda confiar para entregar su propano cuando lo necesite. \u00a1Miami Gas es esa empresa!<\/p>\n<p>Con nosotros, <strong>Obtendr\u00e1 el servicio atento y personalizado que solo puede obtener de una empresa familiar local.<\/strong> En Miami Gas, lo conocemos por su nombre, no por su n\u00famero de cuenta.<\/p>\n<p>Ese servicio personalizado se extiende a todo lo que hacemos porque entendemos que la gente en el sur de Florida usa el propano de manera diferente que, por ejemplo, en Michigan. A diferencia de las grandes empresas nacionales de propano, esto nos brinda el conocimiento y la informaci\u00f3n para centrarnos en garantizar que usted obtenga el propano que necesita cuando lo necesita.<\/p>\n<div class=\"bg-sky border-rounded my-5 p-4 px-lg-5\" style=\"clear: both;\">\n\t\t<div class=\"row align-items-center gx-lg-5\">\n\t\t\t<div class=\"col-lg\">\n\t\t\t\t<h4 class=\"color-primo m-lg-0\">Es f\u00e1cil convertirse en cliente de Miami Gas: \u00a1ll\u00e1menos en cualquier momento, las 24 horas, los 7 d\u00edas de la semana!<\/h4>\n\t\t\t<\/div>\n\n\t\t\t<div class=\"col-lg-auto\">\n\t\t\t\t<a href=\"\/es\/customer-service\/become-a-customer\/\" class=\"btn btn-terzo med-text\">Convi\u00e9rtete en cliente<\/a>\n\t\t\t<\/div>\n\t\t<\/div>\n\t<\/div>\n<h3>La entrega autom\u00e1tica de propano es f\u00e1cil<\/h3>\n<p>Miami Gas ofrece la<strong> Opci\u00f3n de entrega autom\u00e1tica para garantizar que tenga un suministro seguro de propano<\/strong>. A trav\u00e9s de tecnolog\u00eda avanzada, monitoreamos su uso de propano y predecimos cu\u00e1ndo necesita una recarga. Luego programamos una entrega oportuna a su hogar antes de que se agote. \u00a1Con esta opci\u00f3n, no tendr\u00e1s que preocuparte por nada a la hora de conseguir tu propano!<\/p>\n<p>A diferencia de Will-Call, ya no necesita recordar revisar el medidor de su tanque de propano ni preocuparse por las consecuencias de olvidarlo. Tu puedes ahora <strong>diga adi\u00f3s a las preocupaciones relacionadas con las molestias y los costos asociados con las entregas de propano de emergencia.<\/strong><\/p>\n<h3>Monitoreo inal\u00e1mbrico de tanques: un punto de inflexi\u00f3n<\/h3>\n<p><img loading=\"lazy\" decoding=\"async\" src=\"\/wp-content\/uploads\/2023\/09\/propaneDelivery2.jpg\" alt=\"Propane Delivery south Miami\" width=\"531\" height=\"376\" class=\"alignright\" \/><\/p>\n<p>Si bien la entrega autom\u00e1tica es un excelente servicio, algunos clientes prefieren tener un control m\u00e1s preciso sobre su suministro de propano.<\/p>\n<p>Si hay cambios en su vida hogare\u00f1a, como hacer de su garaje un espacio habitable terminado, agregar <a href=\"https:\/\/miamigas.com\/es\/equipment-service\/\" title=\"aparatos de propano\">aparatos de propano<\/a> como una cocina o <a href=\"https:\/\/miamigas.com\/es\/equipment-service\/space-heaters\/\" title=\"Calentador\">Calentador<\/a>, si cierra su porche para usarlo durante las cuatro estaciones o si sus padres ancianos o hijos adultos se mudan con usted, su uso de propano puede aumentar. Estos cambios significan que los c\u00e1lculos de uso de propano que utilizamos para la entrega autom\u00e1tica pueden no ser precisos. Esto podr\u00eda provocar un bajo suministro de propano y la necesidad de una entrega de emergencia.<\/p>\n<p>Con <a href=\"https:\/\/miamigas.com\/es\/residential-propane\/tanks-monitoring\/\" title=\"Monitoreo inal\u00e1mbrico de su tanque de propano.\">Monitoreo inal\u00e1mbrico de su tanque de propano.<\/a>, puede estar seguro de que no se quedar\u00e1 sin propano. <strong>El dispositivo de monitoreo de Otodato mide continuamente el nivel de propano en su tanque y env\u00eda esta informaci\u00f3n mediante tecnolog\u00eda inal\u00e1mbrica y celular, similar a c\u00f3mo funcionan los tel\u00e9fonos inteligentes, a Miami Gas.<\/strong> El monitor nos notificar\u00e1 cuando el nivel de propano en su tanque alcance un nivel predeterminado y programaremos una entrega de propano antes de que se agote.<\/p>\n<p>Miami Gas ofrece un servicio inal\u00e1mbrico GRATUITO de monitoreo de tanques de propano a los clientes de entrega de propano que compren $150 o m\u00e1s de propano al a\u00f1o. Esto nos permite mejorar el servicio al cliente al permitirnos planificar y gestionar las entregas de propano de manera m\u00e1s eficiente. Podemos atender a los clientes a diario y al mismo tiempo brindar servicios de entrega de emergencia cuando sea necesario.<\/p>\n<p><strong>\u00a1Obtenga una entrega confiable de propano con un servicio amigable por parte de los profesionales de Miami Gas! <a href=\"https:\/\/miamigas.com\/es\/customer-service\/become-a-customer\/\" title=\"Convi\u00e9rtete en cliente\">Convi\u00e9rtete en cliente<\/a> hoy.<\/strong><\/p>","protected":false},"excerpt":{"rendered":"<p>\u00a1El servicio de entrega de propano a todo el sur de Florida Miami Gas hace que la entrega de propano sea sin preocupaciones! \u00bfUtiliza propano en su casa del sur de Florida? Si es as\u00ed, ya sabes todo lo que puede hacer en t\u00e9rminos de confort, conveniencia, eficiencia energ\u00e9tica y calidad de vida. Para disfrutar de todos esos beneficios, necesita una empresa de entrega de propano que usted [\u2026]<\/p>","protected":false},"author":4,"featured_media":0,"parent":9,"menu_order":1,"comment_status":"closed","ping_status":"closed","template":"","meta":{"footnotes":""},"class_list":["post-11","page","type-page","status-publish","hentry"],"_links":{"self":[{"href":"https:\/\/miamigas.com\/es\/wp-json\/wp\/v2\/pages\/11","targetHints":{"allow":["GET"]}}],"collection":[{"href":"https:\/\/miamigas.com\/es\/wp-json\/wp\/v2\/pages"}],"about":[{"href":"https:\/\/miamigas.com\/es\/wp-json\/wp\/v2\/types\/page"}],"author":[{"embeddable":true,"href":"https:\/\/miamigas.com\/es\/wp-json\/wp\/v2\/users\/4"}],"replies":[{"embeddable":true,"href":"https:\/\/miamigas.com\/es\/wp-json\/wp\/v2\/comments?post=11"}],"version-history":[{"count":10,"href":"https:\/\/miamigas.com\/es\/wp-json\/wp\/v2\/pages\/11\/revisions"}],"predecessor-version":[{"id":534,"href":"https:\/\/miamigas.com\/es\/wp-json\/wp\/v2\/pages\/11\/revisions\/534"}],"up":[{"embeddable":true,"href":"https:\/\/miamigas.com\/es\/wp-json\/wp\/v2\/pages\/9"}],"wp:attachment":[{"href":"https:\/\/miamigas.com\/es\/wp-json\/wp\/v2\/media?parent=11"}],"curies":[{"name":"wp","href":"https:\/\/api.w.org\/{rel}","templated":true}]}}